{"id":24422,"date":"2025-10-13T16:20:24","date_gmt":"2025-10-13T14:20:24","guid":{"rendered":"https:\/\/centesimusannus-stg.catholica.va\/activities\/local\/switzerland\/30-ottobre-2025-invito-al-secondo-incontro-del-ciclo-2025-2026-dottrina-sociale-e-impegno-concreto-come-tessere-nuove-reti-solidali\/"},"modified":"2025-10-13T16:21:35","modified_gmt":"2025-10-13T14:21:35","slug":"30-ottobre-2025-invito-al-secondo-incontro-del-ciclo-2025-2026-dottrina-sociale-e-impegno-concreto-come-tessere-nuove-reti-solidali","status":"publish","type":"page","link":"https:\/\/centesimusannus-stg.catholica.va\/en\/activities\/local\/switzerland\/30-ottobre-2025-invito-al-secondo-incontro-del-ciclo-2025-2026-dottrina-sociale-e-impegno-concreto-come-tessere-nuove-reti-solidali\/","title":{"rendered":"October 30th, 2025. Invitation to the second meeting of the 2025\/2026 cycle  \u201cSocial doctrine and concrete commitment: how to build new networks of solidarity\u201d"},"content":{"rendered":"<p style=\"text-align: center;\"><strong>Invito al secondo incontro del ciclo 2025\/2026<\/strong><\/p>\n<p style=\"text-align: center;\"><strong>\u00abDottrina sociale e impegno concreto: come tessere nuove reti solidali\u00bb<\/strong><\/p>\n<p>Gentili membri della Fondazione,<\/p>\n<p>Gentili interessati e simpatizzanti,<\/p>\n<p>Dopo il primo il incontro del 23 settembre scorso alla presenza di SE Mons. Vescovo Alain de Raemy e del Prof. Markus Krienke, continuiamo il nostro viaggio nei fondamenti della dottrina sociale della Chiesa. Proprio perch\u00e9 la carit\u00e0 \u00e8 la pietra angolare della DSC, affrontiamo nel prossimo incontro l&#8217;enciclica &#8220;Caritas in Veritate&#8221; promulgata da Benedetto XVI il 29 giugno 2009 che inizia affermando che la &#8220;Carit\u00e0 nella verit\u00e0, di cui Ges\u00f9 s&#8217;\u00e8 fatto testimone&#8221; \u00e8 &#8220;la principale forza propulsiva per il vero sviluppo di ogni persona e dell&#8217;umanit\u00e0 intera&#8221;.<\/p>\n<p>Ci troviamo quindi<\/p>\n<p style=\"text-align: center;\"><strong>GIOVED\u00cc 30 OTTOBRE &#8211; ORE 12.00<\/strong><strong>\u00a0<\/strong><\/p>\n<p style=\"text-align: center;\"><strong>presso il<a href=\"https:\/\/www.amicioratorio.ch\/su-di-noi\"> LabOratorio<\/a> 6900 (<a href=\"https:\/\/www.google.com\/maps\/place\/Piazza+S.+Rocco+3,+6900+Lugano\/@46.0047486,8.9511251,17z\/data=!3m1!4b1!4m6!3m5!1s0x47842d8c37dfa1bb:0xfd5de0f84198ff48!8m2!3d46.0047486!4d8.9537!16s%2Fg%2F11c59s0kpx?entry=tts&amp;g_ep=EgoyMDI1MDIwNS4xIPu8ASoASAFQAw%3D%3D\">Piazzetta San Rocco 3, Lugano 6900 CH<\/a>)<\/strong><\/p>\n<p>Secondo il seguente programma:<\/p>\n<p>ore 12.15 Aperitivo<\/p>\n<p>ore 12.45 Inizio pranzo<\/p>\n<p>Saluti di benvenuto: <strong>Alessandro Simoneschi<\/strong>;<\/p>\n<p>Durante il pranzo<\/p>\n<p><strong>Meditazione introduttiva<\/strong> a cura di <strong>Don Emanuele Di Marco<\/strong>, docente di Teologia pastorale alla Facolt\u00e0 di Teologia di Lugano (USI) e assistente ecclesiastico del Capitolo di Lugano;<\/p>\n<p><strong>La Caritas in veritate<\/strong> a cura di <a href=\"https:\/\/docenti.unicatt.it\/ppd2\/it\/docenti\/15275\/walter-magnoni\/profilo\">Don Walter Magnoni<\/a>, docente di etica sociale presso l&#8217;Universit\u00e0 Cattolica del Sacro Cuore di Milano.<\/p>\n<p>In allegato trovate una sintesi della enciclica <a href=\"https:\/\/www.vatican.va\/content\/benedict-xvi\/it\/encyclicals\/documents\/hf_ben-xvi_enc_20090629_caritas-in-veritate.html\">Caritas in veritate<\/a>, mentre potete accedere al testo completo dell&#8217;enciclica tramite il seguente bottone.<\/p>\n<p><strong><a href=\"https:\/\/www.vatican.va\/content\/benedict-xvi\/it\/encyclicals\/documents\/hf_ben-xvi_enc_20090629_caritas-in-veritate.html\">Leggi la Caritas in Veritate<\/a><\/strong><\/p>\n<p>Il prezzo del pranzo \u00e8 di CHF 50 e comprende l&#8217;entrata, il piatto forte, il dolce, il vino e l&#8217;acqua e il caff\u00e8. L&#8217;eventuale provento va a favore <a href=\"https:\/\/www.amicioratorio.ch\/chi-siamo\">dell&#8217;Associazione Amici dell&#8217;Oratorio.<\/a><\/p>\n<p><strong>Vi sarei quindi molto grato di confermare la vostra presenza entro le 12.00 di marted\u00ec 28 ottobre 2025 al seguente indirizzo: centesimusannuslugano@gmail.com<\/strong><\/p>\n<p>Le iscrizioni sono vincolanti.<\/p>\n<p>Ringraziandovi per la collaborazione e in attesa di ritrovarci il 23 settembre al <a href=\"https:\/\/www.amicioratorio.ch\/su-di-noi\">LabOratorio<\/a>, vi saluto cordialmente.<\/p>\n<p><strong>Alessandro Simoneschi<\/strong><\/p>\n<p>Referente del Capitolo di Lugano della Fondazione Centesimus Annus Pro Pontifice (FCAPP)<\/p>\n","protected":false},"excerpt":{"rendered":"<p>Invito al secondo incontro del ciclo 2025\/2026 \u00abDottrina sociale e impegno concreto: come tessere nuove reti solidali\u00bb Gentili membri della Fondazione, Gentili interessati e simpatizzanti, Dopo il primo il incontro del 23 settembre scorso alla presenza di SE Mons. Vescovo Alain de Raemy e del Prof. Markus Krienke, continuiamo il nostro viaggio nei fondamenti della dottrina sociale della Chiesa. Proprio perch\u00e9 la carit\u00e0 \u00e8 la pietra angolare della DSC, affrontiamo nel prossimo incontro l&#8217;enciclica &#8220;Caritas in Veritate&#8221; promulgata da Benedetto XVI il 29 giugno 2009 che inizia affermando che la &#8220;Carit\u00e0 nella verit\u00e0, di cui Ges\u00f9 s&#8217;\u00e8 fatto testimone&#8221; \u00e8&#8230;<\/p>\n","protected":false},"author":2,"featured_media":0,"parent":20139,"menu_order":0,"comment_status":"closed","ping_status":"closed","template":"","meta":[],"categories":[],"tags":[2501],"_links":{"self":[{"href":"https:\/\/centesimusannus-stg.catholica.va\/en\/wp-json\/wp\/v2\/pages\/24422"}],"collection":[{"href":"https:\/\/centesimusannus-stg.catholica.va\/en\/wp-json\/wp\/v2\/pages"}],"about":[{"href":"https:\/\/centesimusannus-stg.catholica.va\/en\/wp-json\/wp\/v2\/types\/page"}],"author":[{"embeddable":true,"href":"https:\/\/centesimusannus-stg.catholica.va\/en\/wp-json\/wp\/v2\/users\/2"}],"replies":[{"embeddable":true,"href":"https:\/\/centesimusannus-stg.catholica.va\/en\/wp-json\/wp\/v2\/comments?post=24422"}],"version-history":[{"count":1,"href":"https:\/\/centesimusannus-stg.catholica.va\/en\/wp-json\/wp\/v2\/pages\/24422\/revisions"}],"predecessor-version":[{"id":24423,"href":"https:\/\/centesimusannus-stg.catholica.va\/en\/wp-json\/wp\/v2\/pages\/24422\/revisions\/24423"}],"up":[{"embeddable":true,"href":"https:\/\/centesimusannus-stg.catholica.va\/en\/wp-json\/wp\/v2\/pages\/20139"}],"wp:attachment":[{"href":"https:\/\/centesimusannus-stg.catholica.va\/en\/wp-json\/wp\/v2\/media?parent=24422"}],"wp:term":[{"taxonomy":"category","embeddable":true,"href":"https:\/\/centesimusannus-stg.catholica.va\/en\/wp-json\/wp\/v2\/categories?post=24422"},{"taxonomy":"post_tag","embeddable":true,"href":"https:\/\/centesimusannus-stg.catholica.va\/en\/wp-json\/wp\/v2\/tags?post=24422"}],"curies":[{"name":"wp","href":"https:\/\/api.w.org\/{rel}","templated":true}]}}