{"id":24568,"date":"2025-10-28T18:22:35","date_gmt":"2025-10-28T17:22:35","guid":{"rendered":"https:\/\/centesimusannus-stg.catholica.va\/information\/insights\/educar-corazones-inteligentes\/"},"modified":"2025-10-29T15:32:41","modified_gmt":"2025-10-29T14:32:41","slug":"educar-corazones-inteligentes","status":"publish","type":"page","link":"https:\/\/centesimusannus-stg.catholica.va\/en\/information\/insights\/educar-corazones-inteligentes\/","title":{"rendered":"&#8220;Educar corazones inteligentes&#8221;"},"content":{"rendered":"<h3 class=\"product-title text-theme-colored2\">&#8220;Educar corazones inteligentes&#8221;<\/h3>\n<p>Is the title of the book written by Monsignor Guy-R\u00e9al Thivierge, presented on October 28, 2025, at the Pontifical Gregorian University. Monsignor Thivierge was secretary general of the International Federation of Catholic Universities. He was also secretary general of the Gravissimum Educationis Foundation. He is now scientific director of the course in Social Teaching of the Church at the Centesimus Annus Pro Pontifice Foundation. With the presence of Father Francisco Ram\u00edrez Y\u00e1\u00f1ez, president of the International Federation of Catholic Universities (FIUC), and Rodolfo Gallo Cornejo, rector of UCASAL, the presentation of Monsignor Thivierge&#8217;s book Educar corazones inteligentes was an opportunity to generate a space for dialogue on the mission of the Catholic university in today&#8217;s world. <a href=\"https:\/\/www.unigre.it\/en\/events-and-communication\/events\/events-calendar\/educar-corazones-inteligentes\/\" target=\"_blank\" rel=\"noopener\">Read more<\/a><\/p>\n","protected":false},"excerpt":{"rendered":"<p>&#8220;Educar corazones inteligentes&#8221; Is the title of the book written by Monsignor Guy-R\u00e9al Thivierge, presented on October 28, 2025, at the Pontifical Gregorian University. Monsignor Thivierge was secretary general of the International Federation of Catholic Universities. He was also secretary general of the Gravissimum Educationis Foundation. He is now scientific director of the course in Social Teaching of the Church at the Centesimus Annus Pro Pontifice Foundation. With the presence of Father Francisco Ram\u00edrez Y\u00e1\u00f1ez, president of the International Federation of Catholic Universities (FIUC), and Rodolfo Gallo Cornejo, rector of UCASAL, the presentation of Monsignor Thivierge&#8217;s book Educar corazones inteligentes&#8230;<\/p>\n","protected":false},"author":2,"featured_media":0,"parent":15520,"menu_order":0,"comment_status":"closed","ping_status":"closed","template":"","meta":[],"categories":[],"tags":[1740],"_links":{"self":[{"href":"https:\/\/centesimusannus-stg.catholica.va\/en\/wp-json\/wp\/v2\/pages\/24568"}],"collection":[{"href":"https:\/\/centesimusannus-stg.catholica.va\/en\/wp-json\/wp\/v2\/pages"}],"about":[{"href":"https:\/\/centesimusannus-stg.catholica.va\/en\/wp-json\/wp\/v2\/types\/page"}],"author":[{"embeddable":true,"href":"https:\/\/centesimusannus-stg.catholica.va\/en\/wp-json\/wp\/v2\/users\/2"}],"replies":[{"embeddable":true,"href":"https:\/\/centesimusannus-stg.catholica.va\/en\/wp-json\/wp\/v2\/comments?post=24568"}],"version-history":[{"count":3,"href":"https:\/\/centesimusannus-stg.catholica.va\/en\/wp-json\/wp\/v2\/pages\/24568\/revisions"}],"predecessor-version":[{"id":24575,"href":"https:\/\/centesimusannus-stg.catholica.va\/en\/wp-json\/wp\/v2\/pages\/24568\/revisions\/24575"}],"up":[{"embeddable":true,"href":"https:\/\/centesimusannus-stg.catholica.va\/en\/wp-json\/wp\/v2\/pages\/15520"}],"wp:attachment":[{"href":"https:\/\/centesimusannus-stg.catholica.va\/en\/wp-json\/wp\/v2\/media?parent=24568"}],"wp:term":[{"taxonomy":"category","embeddable":true,"href":"https:\/\/centesimusannus-stg.catholica.va\/en\/wp-json\/wp\/v2\/categories?post=24568"},{"taxonomy":"post_tag","embeddable":true,"href":"https:\/\/centesimusannus-stg.catholica.va\/en\/wp-json\/wp\/v2\/tags?post=24568"}],"curies":[{"name":"wp","href":"https:\/\/api.w.org\/{rel}","templated":true}]}}