{"id":24735,"date":"2025-11-12T15:28:04","date_gmt":"2025-11-12T14:28:04","guid":{"rendered":"https:\/\/centesimusannus-stg.catholica.va\/activities\/local\/switzerland\/agenda-2025-2026-dottrina-sociale-e-impegno-concreto-come-tessere-nuove-reti-solidali\/"},"modified":"2025-11-12T15:29:23","modified_gmt":"2025-11-12T14:29:23","slug":"agenda-2025-2026-dottrina-sociale-e-impegno-concreto-come-tessere-nuove-reti-solidali","status":"publish","type":"page","link":"https:\/\/centesimusannus-stg.catholica.va\/en\/activities\/local\/switzerland\/agenda-2025-2026-dottrina-sociale-e-impegno-concreto-come-tessere-nuove-reti-solidali\/","title":{"rendered":"Agenda 2025-2026  \u201cSocial doctrine and concrete commitment: how to build new networks of solidarity\u201d"},"content":{"rendered":"<p style=\"text-align: center;\"><strong>Agenda 2025-2026<\/strong><\/p>\n<p style=\"text-align: center;\"><strong>\u00abDottrina sociale e impegno concreto: come tessere nuove reti solidali\u00bb<\/strong><\/p>\n<p><strong>Gioved\u00ec 30.10.2025<\/strong> &#8211; ore 12..00 &#8211; LabOratorio &#8211; Piazzetta San Rocco 3 &#8211; Lugano<\/p>\n<p>L\u2019enciclica Caritas in veritate, con Don Walter Magnoni (tbc)<\/p>\n<p><strong>Gioved\u00ec 04.12.2025<\/strong> &#8211; ore 12.00 &#8211; LabOratorio &#8211;\u00a0 Piazzetta San Rocco 3 &#8211; Lugano<\/p>\n<p>I principi della dottrina sociale della Chiesa (I\/II): solidariet\u00e0 e sussidiariet\u00e0, con il Prof. Lorenzo Cantoni (USI &#8211; Facolt\u00e0 di comunicazione, cultura e societ\u00e0)<\/p>\n<p><strong>Gioved\u00ec 15.01.2026<\/strong> &#8211; ore 12.00 &#8211; Gran Caff\u00e9 Al Porto &#8211; Via Pessina 3 &#8211; Lugano<\/p>\n<p>I principi della dottrina sociale della Chiesa (II\/II): Bene comune e partecipazione, con il prof. Ren\u00e9 Roux, Rettore della FTL-USI<\/p>\n<p><strong>Gioved\u00ec 12.02.2026<\/strong> &#8211; ore 12.00 &#8211; LabOratorio &#8211;\u00a0 Piazzetta San Rocco 3 &#8211; Lugano<\/p>\n<p>Esempi di reti solidali (I\/III): Stefano Frisoli, Direttore di Caritas Ticino<\/p>\n<p><strong>Sabato 28.02.2026<\/strong> &#8211; mattina con pranzo &#8211; Ritiro spirituale in collaborazione con il Capitolo di Miltano FCAPP<\/p>\n<p><strong>Gioved\u00ec 23.04.2026<\/strong> &#8211; ore 12.00 &#8211; LabOratorio &#8211;\u00a0 Piazzetta San Rocco 3 &#8211; Lugano<\/p>\n<p>Esempi di reti solidali (II\/III): Chiara Cantoreggi, Membra del Consiglio di fondazione Azione Quaresimale e Direttrice della Fondazione Nuovo Fiore in Africa<\/p>\n<p><strong>Gioved\u00ec 22.05.2026<\/strong> &#8211; ore 12.00 &#8211; Gran Caff\u00e9 Al Porto &#8211; Via Pessina 3 &#8211; Lugano<\/p>\n<p>Esempi di reti solidali (III\/III): Prof. Valentina Rotondi, Professoressa in tecnologie e salute pubblica, Centro competenze pratiche e politiche sanitarie, Ricerca e innovazione<\/p>\n<p><strong>Sabato 06.06.2026<\/strong> &#8211; mattinata &#8211; Convegno 2026<\/p>\n","protected":false},"excerpt":{"rendered":"<p>Agenda 2025-2026 \u00abDottrina sociale e impegno concreto: come tessere nuove reti solidali\u00bb Gioved\u00ec 30.10.2025 &#8211; ore 12..00 &#8211; LabOratorio &#8211; Piazzetta San Rocco 3 &#8211; Lugano L\u2019enciclica Caritas in veritate, con Don Walter Magnoni (tbc) Gioved\u00ec 04.12.2025 &#8211; ore 12.00 &#8211; LabOratorio &#8211;\u00a0 Piazzetta San Rocco 3 &#8211; Lugano I principi della dottrina sociale della Chiesa (I\/II): solidariet\u00e0 e sussidiariet\u00e0, con il Prof. Lorenzo Cantoni (USI &#8211; Facolt\u00e0 di comunicazione, cultura e societ\u00e0) Gioved\u00ec 15.01.2026 &#8211; ore 12.00 &#8211; Gran Caff\u00e9 Al Porto &#8211; Via Pessina 3 &#8211; Lugano I principi della dottrina sociale della Chiesa (II\/II): Bene comune e&#8230;<\/p>\n","protected":false},"author":2,"featured_media":0,"parent":20139,"menu_order":0,"comment_status":"closed","ping_status":"closed","template":"","meta":[],"categories":[],"tags":[2501],"_links":{"self":[{"href":"https:\/\/centesimusannus-stg.catholica.va\/en\/wp-json\/wp\/v2\/pages\/24735"}],"collection":[{"href":"https:\/\/centesimusannus-stg.catholica.va\/en\/wp-json\/wp\/v2\/pages"}],"about":[{"href":"https:\/\/centesimusannus-stg.catholica.va\/en\/wp-json\/wp\/v2\/types\/page"}],"author":[{"embeddable":true,"href":"https:\/\/centesimusannus-stg.catholica.va\/en\/wp-json\/wp\/v2\/users\/2"}],"replies":[{"embeddable":true,"href":"https:\/\/centesimusannus-stg.catholica.va\/en\/wp-json\/wp\/v2\/comments?post=24735"}],"version-history":[{"count":1,"href":"https:\/\/centesimusannus-stg.catholica.va\/en\/wp-json\/wp\/v2\/pages\/24735\/revisions"}],"predecessor-version":[{"id":24736,"href":"https:\/\/centesimusannus-stg.catholica.va\/en\/wp-json\/wp\/v2\/pages\/24735\/revisions\/24736"}],"up":[{"embeddable":true,"href":"https:\/\/centesimusannus-stg.catholica.va\/en\/wp-json\/wp\/v2\/pages\/20139"}],"wp:attachment":[{"href":"https:\/\/centesimusannus-stg.catholica.va\/en\/wp-json\/wp\/v2\/media?parent=24735"}],"wp:term":[{"taxonomy":"category","embeddable":true,"href":"https:\/\/centesimusannus-stg.catholica.va\/en\/wp-json\/wp\/v2\/categories?post=24735"},{"taxonomy":"post_tag","embeddable":true,"href":"https:\/\/centesimusannus-stg.catholica.va\/en\/wp-json\/wp\/v2\/tags?post=24735"}],"curies":[{"name":"wp","href":"https:\/\/api.w.org\/{rel}","templated":true}]}}