{"id":24788,"date":"2025-11-20T10:48:10","date_gmt":"2025-11-20T09:48:10","guid":{"rendered":"https:\/\/centesimusannus-stg.catholica.va\/activities\/local\/luxembourg\/luxembourg-23rd-of-january-2026-peace-re-building-in-europe-what-role-for-catholic-social-thought\/"},"modified":"2026-02-10T19:04:14","modified_gmt":"2026-02-10T18:04:14","slug":"luxembourg-23rd-of-january-2026-peace-re-building-in-europe-what-role-for-catholic-social-thought","status":"publish","type":"page","link":"https:\/\/centesimusannus-stg.catholica.va\/en\/activities\/local\/luxembourg\/luxembourg-23rd-of-january-2026-peace-re-building-in-europe-what-role-for-catholic-social-thought\/","title":{"rendered":"Luxembourg, 23rd of January 2026. \u201cPeace Building in Europe: What Role \u00a0for Catholic Social Thought and Universal Values?\u201d"},"content":{"rendered":"<p style=\"text-align: center;\"><strong>Centesimus Annus Pro Pontifice Foundation (FCAPP)Seminar<\/strong><\/p>\n<p style=\"text-align: center;\"><strong>\u00a0Luxembourg School of Religion &amp; Society (LSRS), 23 January 2026<\/strong><\/p>\n<p style=\"text-align: center;\"><strong>\u201cPeace Building in Europe: What Role\u00a0 for Catholic Social Thought and Universal Values?\u201d<\/strong><\/p>\n<p>Co-organized by The Luxembourg Chapter of the Centesimus Annus Pro-Pontifice foundation (CAPPF), in cooperation with the CAPPF General Secretariat, and The Commission of the Bishops\u2019 Conferences of the European Union (COMECE), and in partnership with the Luxembourg School of Religion &amp; Society (LSRS)\u201d<\/p>\n<p><strong>Details and registration <a href=\"https:\/\/www.lsrs.lu\/fr\/news\/centesimus-annus-pro-pontifice-foundation-european-conference-2\" target=\"_blank\" rel=\"noopener\">LINK<\/a><\/strong><\/p>\n<p><a href=\"https:\/\/centesimusannus-stg.catholica.va\/wp-content\/uploads\/2026\/01\/Messaggio-S-Padre-Lussemburgo.pdf\" target=\"_blank\" rel=\"noopener\"><strong>MESSAGE FROM THE HOLY FATHER LEO XIV<\/strong><\/a><\/p>\n<p><a href=\"https:\/\/centesimusannus-stg.catholica.va\/wp-content\/uploads\/2026\/02\/Nunzio-CONFERENCE-CENTESIMUS-ANNUS.-LUXEMBURG-2026.definitive-version-3-February-2026.pdf\" target=\"_blank\" rel=\"noopener\"><strong>OPENING REMARKS BY ARCHBISHOP BERNARDITO AUZA APOSTOLIC NUNCIO TO THE EUROPEAN UNION<\/strong><\/a><\/p>\n<p>Whether they are a speaker, panelist, organizer, partner, or attendee, every person without exception must register individually (first and last name) using their own email address before January 14, using the link above or the QR code: <a href=\"https:\/\/centesimusannus-stg.catholica.va\/wp-content\/uploads\/2026\/01\/Eur-Centesimus-Jan-2026-Invitation_E_11.pdf\" target=\"_blank\" rel=\"noopener\"><strong>DOWNLOAD INVITATION<\/strong><\/a><\/p>\n<p><a href=\"https:\/\/centesimusannus-stg.catholica.va\/wp-content\/uploads\/2026\/01\/FINAL-CONCEPT-CONF-2101-0933-GB-1.pdf\" target=\"_blank\" rel=\"noopener\"><strong>DOWNLOAD CONCEPT PAPER ENGLI<\/strong><strong>SH<\/strong><\/a><\/p>\n<p><a href=\"https:\/\/centesimusannus-stg.catholica.va\/wp-content\/uploads\/2026\/01\/F-CONCEPTUELLE-CONF-2101-F-1.pdf\" target=\"_blank\" rel=\"noopener\"><strong>DOWNLOAD CONCEPT PAPER FRENC<\/strong><strong>H<\/strong><\/a><\/p>\n<p><a href=\"https:\/\/centesimusannus-stg.catholica.va\/wp-content\/uploads\/2026\/01\/PG-23-Jan-CAPPF-CONF-FINAL-GB-1820.pdf\" target=\"_blank\" rel=\"noopener\"><strong>DOWNLOAD PROGRAM ENGLISH<\/strong><\/a><\/p>\n<p><a href=\"https:\/\/centesimusannus-stg.catholica.va\/wp-content\/uploads\/2026\/01\/FR-PG-23-Jan.-CAPPF-conf-Final-F-1820.pdf\" target=\"_blank\" rel=\"noopener\"><strong>DOWNLOAD PROGRAM FRENCH<\/strong><\/a><\/p>\n<p><a href=\"https:\/\/centesimusannus-stg.catholica.va\/wp-content\/uploads\/2026\/01\/260112-EP-President-COMECE-1.mp4\" target=\"_blank\" rel=\"noopener\"><strong>PRESIDENT&#8217;S MS. ROBERTA METSOLA VIDEO MESSAGE<\/strong><\/a><\/p>\n<p><a href=\"https:\/\/www.youtube.com\/watch?v=fD1bQirVa6Q\" target=\"_blank\" rel=\"noopener\"><strong>INTERVIEWS VIDEO<\/strong><\/a><\/p>\n<p><a href=\"\/attivita\/territoriali\/lussemburgo\/luxembourg-23rd-of-january-2026-peace-re-building-in-europe-what-role-for-catholic-social-thought\/photogallery-peace-building-in-europe-luxembourg-23rd-of-january-2026\/\"><strong>PHOTOGALLERY<\/strong><\/a><\/p>\n<p><strong>Details and registration <a href=\"https:\/\/www.lsrs.lu\/fr\/news\/centesimus-annus-pro-pontifice-foundation-european-conference-2\" target=\"_blank\" rel=\"noopener\">LINK<\/a><\/strong><\/p>\n<div><strong>THE PAPERS FROM THE CONFERENCE WILL BE COLLECTED AND PUBLISHED IN A BOOK<\/strong><\/div>\n<p>&nbsp;<\/p>\n<p style=\"text-align: center;\"><strong>Working Languages and Interpretation<\/strong><\/p>\n<p>The working languages of the conference are English and French. Participants are free to speak in either of these two languages.<\/p>\n<p>Simultaneous interpretation (French\u2013English) will be provided in the main room (Smart Room) only. Interpretation will therefore be available for all plenary sessions, as well as for Parallel Session I.<\/p>\n<p>For Parallel Sessions II, III and IV, participants may speak in either English or French; however, no simultaneous interpretation will be provided for these sessions.<\/p>\n<p>Participants are kindly invited to choose their parallel session accordingly, taking this constraint into consideration.<\/p>\n<p style=\"text-align: center;\">***<\/p>\n<p style=\"text-align: center;\"><strong>Fondation Centesimus Annus Pro Pontifice (CAPPF) <\/strong><\/p>\n<p style=\"text-align: center;\"><strong>S\u00e9minaire Luxembourg School of Religion &amp; Society (LSRS) <\/strong><\/p>\n<p style=\"text-align: center;\"><strong>23 janvier 2026<\/strong><\/p>\n<p style=\"text-align: center;\"><strong>\u00abConstruire la paix en Europe: Quel r\u00f4le pour la pens\u00e9e sociale catholique et les valeurs universelles?\u00bb<\/strong><\/p>\n<p>Coorganis\u00e9 par le chapitre luxembourgeois de la Fondation Centesimus Annus Pro Pontifice (CAPPF), en coop\u00e9ration avec le Secr\u00e9tariat g\u00e9n\u00e9ral de la CAPPF et la Commission des Conf\u00e9rences \u00e9piscopales de l\u2019Union europ\u00e9enne (COMECE),\u00a0et en partenariat avec la Luxembourg School of Religion &amp; Society (LSRS).<\/p>\n<p><strong>Informations et inscription. <a href=\"https:\/\/www.lsrs.lu\/fr\/news\/centesimus-annus-pro-pontifice-foundation-european-conference-2\" target=\"_blank\" rel=\"noopener\">LIEN<\/a><\/strong><\/p>\n<p>Qu\u2019il s\u2019agisse d\u2019un intervenant, pan\u00e9liste, organisateur, partenaire ou participant, toute personne, sans exception, est tenue de s\u2019inscrire individuellement (nom et pr\u00e9nom) en utilisant sa propre adresse \u00e9lectronique, au plus tard le 14 janvier, via le lien ci-dessus ou le QR code. <a href=\"https:\/\/centesimusannus-stg.catholica.va\/wp-content\/uploads\/2026\/01\/Centesimus-Lux-Jan-2026-Invitation_F_11.pdf\" target=\"_blank\" rel=\"noopener\"><strong>T\u00c9L\u00c9CHARGER L\u2019INVITATION<\/strong><\/a><\/p>\n<p><a href=\"https:\/\/centesimusannus-stg.catholica.va\/wp-content\/uploads\/2026\/01\/Concept-Construction-Paix-Conf-F-8.pdf\" target=\"_blank\" rel=\"noopener\"><strong>T\u00c9L\u00c9CHARGER LA NOTE CONCEPTUELLE<\/strong><\/a><\/p>\n<p><a href=\"https:\/\/centesimusannus-stg.catholica.va\/wp-content\/uploads\/2026\/01\/7-Jan.-CAPPF-conference-programme-F.pdf\" target=\"_blank\" rel=\"noopener\"><strong>T\u00c9L\u00c9CHARGER LE PROGRAMME<\/strong><\/a><\/p>\n<p style=\"text-align: center;\"><strong>Langues de travail et interpr\u00e9tation<\/strong><\/p>\n<p>Les langues de travail de la conf\u00e9rence sont le fran\u00e7ais et l\u2019anglais. Chaque participant est libre de s\u2019exprimer dans l\u2019une ou l\u2019autre de ces deux langues.<\/p>\n<p>Une interpr\u00e9tation simultan\u00e9e fran\u00e7ais\u2013anglais sera assur\u00e9e uniquement dans la salle principale (Smart Room). Elle sera donc disponible pour l\u2019ensemble des sessions pl\u00e9ni\u00e8res, ainsi que pour la session parall\u00e8le I.<\/p>\n<p>Pour les sessions parall\u00e8les II, III et IV, il sera possible de s\u2019exprimer en fran\u00e7ais ou en anglais ; toutefois, aucune interpr\u00e9tation simultan\u00e9e ne sera assur\u00e9e pour ces sessions.<\/p>\n<p>Les participants sont aimablement invit\u00e9s \u00e0 choisir leur session parall\u00e8le en tenant compte de cette contrainte.<\/p>\n<div>\n<p style=\"text-align: center;\">***<\/p>\n<p>\ud83d\udc49\u00a0<strong>The conference is fully booked \/ sold out<\/strong>, but you can follow it\u00a0<strong>partially via Zoom<\/strong>.<br \/>\n\ud83d\udc49\u00a0Participants are kindly invited to join the conference\u00a0<strong>online via Zoom Webinar<\/strong>\u00a0using the link below:<\/p>\n<p><strong>Link:<\/strong>\u00a0<a href=\"https:\/\/us06web.zoom.us\/j\/83430813026\" target=\"_blank\" rel=\"nofollow noopener noreferrer\">https:\/\/us06web.zoom.us\/j\/83430813026<\/a><\/p>\n<p><strong>Webinar ID:<\/strong>\u00a0834 3081 3026<\/p>\n<\/div>\n<div><strong>\u00a0For registration, please follow\u00a0<a href=\"https:\/\/www.billetweb.fr\/peace-building-in-europe-what-role-for-catholic-social-thought-and-universal-values\" target=\"_blank\" rel=\"nofollow noopener\">this link<\/a>\u00a0or use the QR Code.<\/strong><\/div>\n<div><\/div>\n<div>\ud83d\udc49\u00a0la Conf\u00e9rence est compl\u00e8te \/ Sold Out mais vous pouvez la suivre partiellement en zoom<br \/>\n\ud83d\udc49\u00a0Les participants sont aimablement invit\u00e9s \u00e0 rejoindre la conf\u00e9rence en ligne via Zoom Webinar (s\u00e9minaire Zoom) en utilisant le lien ci-dessous :<\/div>\n<div><\/div>\n<div><strong>Lien<\/strong>: <a href=\"https:\/\/us06web.zoom.us\/j\/83430813026\" target=\"_blank\" rel=\"nofollow noopener noreferrer\">https:\/\/us06web.zoom.us\/j\/83430813026<\/a><\/div>\n<div><\/div>\n<div><strong>Webinar ID:<\/strong>\u00a0<span style=\"font-size: large;\">834 3081 3026<\/span><\/div>\n<div><\/div>\n<div><strong>Pour les inscriptions, pri\u00e8re de suivre\u00a0<a href=\"https:\/\/www.billetweb.fr\/peace-building-in-europe-what-role-for-catholic-social-thought-and-universal-values\" target=\"_blank\" rel=\"nofollow noopener noreferrer\">ce lien<\/a>\u00a0ou d\u2019utiliser le QR code.<\/strong><\/div>\n","protected":false},"excerpt":{"rendered":"<p>Centesimus Annus Pro Pontifice Foundation (FCAPP)Seminar \u00a0Luxembourg School of Religion &amp; Society (LSRS), 23 January 2026 \u201cPeace Building in Europe: What Role\u00a0 for Catholic Social Thought and Universal Values?\u201d Co-organized by The Luxembourg Chapter of the Centesimus Annus Pro-Pontifice foundation (CAPPF), in cooperation with the CAPPF General Secretariat, and The Commission of the Bishops\u2019 Conferences of the European Union (COMECE), and in partnership with the Luxembourg School of Religion &amp; Society (LSRS)\u201d Details and registration LINK MESSAGE FROM THE HOLY FATHER LEO XIV OPENING REMARKS BY ARCHBISHOP BERNARDITO AUZA APOSTOLIC NUNCIO TO THE EUROPEAN UNION Whether they are a speaker,&#8230;<\/p>\n","protected":false},"author":2,"featured_media":0,"parent":21742,"menu_order":0,"comment_status":"closed","ping_status":"closed","template":"","meta":[],"categories":[],"tags":[3673,3671],"_links":{"self":[{"href":"https:\/\/centesimusannus-stg.catholica.va\/en\/wp-json\/wp\/v2\/pages\/24788"}],"collection":[{"href":"https:\/\/centesimusannus-stg.catholica.va\/en\/wp-json\/wp\/v2\/pages"}],"about":[{"href":"https:\/\/centesimusannus-stg.catholica.va\/en\/wp-json\/wp\/v2\/types\/page"}],"author":[{"embeddable":true,"href":"https:\/\/centesimusannus-stg.catholica.va\/en\/wp-json\/wp\/v2\/users\/2"}],"replies":[{"embeddable":true,"href":"https:\/\/centesimusannus-stg.catholica.va\/en\/wp-json\/wp\/v2\/comments?post=24788"}],"version-history":[{"count":39,"href":"https:\/\/centesimusannus-stg.catholica.va\/en\/wp-json\/wp\/v2\/pages\/24788\/revisions"}],"predecessor-version":[{"id":25558,"href":"https:\/\/centesimusannus-stg.catholica.va\/en\/wp-json\/wp\/v2\/pages\/24788\/revisions\/25558"}],"up":[{"embeddable":true,"href":"https:\/\/centesimusannus-stg.catholica.va\/en\/wp-json\/wp\/v2\/pages\/21742"}],"wp:attachment":[{"href":"https:\/\/centesimusannus-stg.catholica.va\/en\/wp-json\/wp\/v2\/media?parent=24788"}],"wp:term":[{"taxonomy":"category","embeddable":true,"href":"https:\/\/centesimusannus-stg.catholica.va\/en\/wp-json\/wp\/v2\/categories?post=24788"},{"taxonomy":"post_tag","embeddable":true,"href":"https:\/\/centesimusannus-stg.catholica.va\/en\/wp-json\/wp\/v2\/tags?post=24788"}],"curies":[{"name":"wp","href":"https:\/\/api.w.org\/{rel}","templated":true}]}}