{"id":24984,"date":"2025-12-16T19:04:18","date_gmt":"2025-12-16T18:04:18","guid":{"rendered":"https:\/\/centesimusannus-stg.catholica.va\/activities\/local\/spain\/madrid\/madrid-december-3rd-2025-la-situacion-de-la-vivienda-una-reflexion-desde-la-doctrina-social-de-la-iglesia\/"},"modified":"2025-12-16T19:06:32","modified_gmt":"2025-12-16T18:06:32","slug":"madrid-december-3rd-2025-la-situacion-de-la-vivienda-una-reflexion-desde-la-doctrina-social-de-la-iglesia","status":"publish","type":"page","link":"https:\/\/centesimusannus-stg.catholica.va\/en\/activities\/local\/spain\/madrid\/madrid-december-3rd-2025-la-situacion-de-la-vivienda-una-reflexion-desde-la-doctrina-social-de-la-iglesia\/","title":{"rendered":"MADRID: December 3rd 2025. La situaci\u00f3n de la vivienda. Una reflexi\u00f3n desde la doctrina social de la Iglesia."},"content":{"rendered":"<p style=\"text-align: center;\"><strong>\u00a0La situaci\u00f3n de la vivienda. Una reflexi\u00f3n desde la doctrina social de la Iglesia<\/strong><\/p>\n<p class=\"yiv3974644139MsoNormal\"><span lang=\"EN-US\">The program is being led by Jes\u00fas Avezuela, with the participation of our ecclesiastical assistant, Fr. Jos\u00e9 Manuel Aparicio.<\/span><\/p>\n<p><a href=\"https:\/\/centesimusannus-stg.catholica.va\/wp-content\/uploads\/2025\/12\/FCAPP_Vivienda_curso-2025-2026-v7.pdf\" target=\"_blank\" rel=\"noopener\"><span lang=\"EN-US\">DOWNLOAD the updated program of the Madrid Chapter of the Fondazione Centesimus Annus pro Pontifice.<\/span><\/a><\/p>\n","protected":false},"excerpt":{"rendered":"<p>\u00a0La situaci\u00f3n de la vivienda. Una reflexi\u00f3n desde la doctrina social de la Iglesia The program is being led by Jes\u00fas Avezuela, with the participation of our ecclesiastical assistant, Fr. Jos\u00e9 Manuel Aparicio. DOWNLOAD the updated program of the Madrid Chapter of the Fondazione Centesimus Annus pro Pontifice.<\/p>\n","protected":false},"author":2,"featured_media":0,"parent":15753,"menu_order":0,"comment_status":"closed","ping_status":"closed","template":"","meta":[],"categories":[],"tags":[337],"_links":{"self":[{"href":"https:\/\/centesimusannus-stg.catholica.va\/en\/wp-json\/wp\/v2\/pages\/24984"}],"collection":[{"href":"https:\/\/centesimusannus-stg.catholica.va\/en\/wp-json\/wp\/v2\/pages"}],"about":[{"href":"https:\/\/centesimusannus-stg.catholica.va\/en\/wp-json\/wp\/v2\/types\/page"}],"author":[{"embeddable":true,"href":"https:\/\/centesimusannus-stg.catholica.va\/en\/wp-json\/wp\/v2\/users\/2"}],"replies":[{"embeddable":true,"href":"https:\/\/centesimusannus-stg.catholica.va\/en\/wp-json\/wp\/v2\/comments?post=24984"}],"version-history":[{"count":1,"href":"https:\/\/centesimusannus-stg.catholica.va\/en\/wp-json\/wp\/v2\/pages\/24984\/revisions"}],"predecessor-version":[{"id":24985,"href":"https:\/\/centesimusannus-stg.catholica.va\/en\/wp-json\/wp\/v2\/pages\/24984\/revisions\/24985"}],"up":[{"embeddable":true,"href":"https:\/\/centesimusannus-stg.catholica.va\/en\/wp-json\/wp\/v2\/pages\/15753"}],"wp:attachment":[{"href":"https:\/\/centesimusannus-stg.catholica.va\/en\/wp-json\/wp\/v2\/media?parent=24984"}],"wp:term":[{"taxonomy":"category","embeddable":true,"href":"https:\/\/centesimusannus-stg.catholica.va\/en\/wp-json\/wp\/v2\/categories?post=24984"},{"taxonomy":"post_tag","embeddable":true,"href":"https:\/\/centesimusannus-stg.catholica.va\/en\/wp-json\/wp\/v2\/tags?post=24984"}],"curies":[{"name":"wp","href":"https:\/\/api.w.org\/{rel}","templated":true}]}}