{"id":25319,"date":"2026-01-27T15:59:37","date_gmt":"2026-01-27T14:59:37","guid":{"rendered":"https:\/\/centesimusannus-stg.catholica.va\/activities\/local\/italy\/bologna\/17-febbraio-i-martedi-di-san-domenico\/"},"modified":"2026-01-29T11:24:58","modified_gmt":"2026-01-29T10:24:58","slug":"17-febbraio-i-martedi-di-san-domenico","status":"publish","type":"page","link":"https:\/\/centesimusannus-stg.catholica.va\/en\/activities\/local\/italy\/bologna\/17-febbraio-i-martedi-di-san-domenico\/","title":{"rendered":"February 17th. I marted\u00ec di San Domenico"},"content":{"rendered":"<h3 style=\"text-align: center;\"><strong>17 febbraio. I marted\u00ec di San Domenico<\/strong><\/h3>\n<p style=\"text-align: center;\"><strong>Marted\u00ec 17 febbraio ore 21.00<\/strong><\/p>\n<p class=\"yiv3528349506MsoNormal\"><strong>\u201cContro lo spreco per il diritto al cibo\u201d,<\/strong> l\u2019evento sar\u00e0 al Centro San Domenico e si terr\u00e0 Marted\u00ec 17 Febbraio ore 21.00.<u><\/u><u><\/u><\/p>\n<p class=\"yiv3528349506MsoNormal\">Saranno presenti:<u><\/u><u><\/u><\/p>\n<ul type=\"disc\">\n<li class=\"yiv3528349506m_3098389717400230188MsoListParagraph\">Paolo Garonna, Presidente della nostra \u00a0Fondazione Centesimus Annus pro Pontifice<u><\/u><u><\/u><\/li>\n<li class=\"yiv3528349506m_3098389717400230188MsoListParagraph\">Agnese Pini , Direttrice Responsabile testate Qn , Il Resto del Carlino, La Nazione, il Giorno<u><\/u><u><\/u><\/li>\n<li class=\"yiv3528349506m_3098389717400230188MsoListParagraph\">Andrea Segre\u2019 , Prof. di Economia Circolare e politiche per lo sviluppo Sostenibile Universit\u00e0 di Bologna e fondatore della Campagna Spreco Zero.<\/li>\n<\/ul>\n<p><a href=\"https:\/\/centesimusannus-stg.catholica.va\/wp-content\/uploads\/2026\/01\/CSD-manifesto-n-9-26.pdf\" target=\"_blank\" rel=\"noopener\"><strong>SCARICA LOCANDINA<\/strong><\/a><\/p>\n","protected":false},"excerpt":{"rendered":"<p>17 febbraio. I marted\u00ec di San Domenico Marted\u00ec 17 febbraio ore 21.00 \u201cContro lo spreco per il diritto al cibo\u201d, l\u2019evento sar\u00e0 al Centro San Domenico e si terr\u00e0 Marted\u00ec 17 Febbraio ore 21.00. Saranno presenti: Paolo Garonna, Presidente della nostra \u00a0Fondazione Centesimus Annus pro Pontifice Agnese Pini , Direttrice Responsabile testate Qn , Il Resto del Carlino, La Nazione, il Giorno Andrea Segre\u2019 , Prof. di Economia Circolare e politiche per lo sviluppo Sostenibile Universit\u00e0 di Bologna e fondatore della Campagna Spreco Zero. SCARICA LOCANDINA<\/p>\n","protected":false},"author":2,"featured_media":0,"parent":14993,"menu_order":0,"comment_status":"closed","ping_status":"closed","template":"","meta":[],"categories":[],"tags":[3972,3970],"_links":{"self":[{"href":"https:\/\/centesimusannus-stg.catholica.va\/en\/wp-json\/wp\/v2\/pages\/25319"}],"collection":[{"href":"https:\/\/centesimusannus-stg.catholica.va\/en\/wp-json\/wp\/v2\/pages"}],"about":[{"href":"https:\/\/centesimusannus-stg.catholica.va\/en\/wp-json\/wp\/v2\/types\/page"}],"author":[{"embeddable":true,"href":"https:\/\/centesimusannus-stg.catholica.va\/en\/wp-json\/wp\/v2\/users\/2"}],"replies":[{"embeddable":true,"href":"https:\/\/centesimusannus-stg.catholica.va\/en\/wp-json\/wp\/v2\/comments?post=25319"}],"version-history":[{"count":2,"href":"https:\/\/centesimusannus-stg.catholica.va\/en\/wp-json\/wp\/v2\/pages\/25319\/revisions"}],"predecessor-version":[{"id":25355,"href":"https:\/\/centesimusannus-stg.catholica.va\/en\/wp-json\/wp\/v2\/pages\/25319\/revisions\/25355"}],"up":[{"embeddable":true,"href":"https:\/\/centesimusannus-stg.catholica.va\/en\/wp-json\/wp\/v2\/pages\/14993"}],"wp:attachment":[{"href":"https:\/\/centesimusannus-stg.catholica.va\/en\/wp-json\/wp\/v2\/media?parent=25319"}],"wp:term":[{"taxonomy":"category","embeddable":true,"href":"https:\/\/centesimusannus-stg.catholica.va\/en\/wp-json\/wp\/v2\/categories?post=25319"},{"taxonomy":"post_tag","embeddable":true,"href":"https:\/\/centesimusannus-stg.catholica.va\/en\/wp-json\/wp\/v2\/tags?post=25319"}],"curies":[{"name":"wp","href":"https:\/\/api.w.org\/{rel}","templated":true}]}}