{"id":25820,"date":"2026-03-11T15:44:11","date_gmt":"2026-03-11T14:44:11","guid":{"rendered":"https:\/\/centesimusannus-stg.catholica.va\/activities\/local\/spain\/barcelona\/11-marzo-2026-lectura-creient-del-foessa\/"},"modified":"2026-03-11T15:59:25","modified_gmt":"2026-03-11T14:59:25","slug":"11-marzo-2026-lectura-creient-del-foessa","status":"publish","type":"page","link":"https:\/\/centesimusannus-stg.catholica.va\/en\/activities\/local\/spain\/barcelona\/11-marzo-2026-lectura-creient-del-foessa\/","title":{"rendered":"11 marzo 2026. Lectura creient del FOESSA"},"content":{"rendered":"<h2 style=\"text-align: center;\"><strong>11 marzo 2026. Lectura creient del FOESSA<\/strong><\/h2>\n<h2 style=\"text-align: center;\"><strong>All\u00e0 on la indifer\u00e8ncia mant\u00e9 obertes les ferides, som cridats a ser esperan\u00e7a.<\/strong><\/h2>\n<p><a href=\"https:\/\/centesimusannus-stg.catholica.va\/wp-content\/uploads\/2026\/03\/Cartell-lectura-creient-foessa-chapter-of-Barcelona-Centesimus-Annus.pdf\" target=\"_blank\" rel=\"noopener\">Scarica locandina<\/a><\/p>\n<p><img class=\" wp-image-25824 aligncenter lazyload\" src=\"data:image\/gif;base64,R0lGODlhAQABAIAAAAAAAP\/\/\/yH5BAEAAAAALAAAAAABAAEAAAIBRAA7\" data-src=\"https:\/\/centesimusannus-stg.catholica.va\/wp-content\/uploads\/2026\/03\/Captura-de-pantalla-2026-03-11-a-las-15.53.52-214x300.png\" alt=\"\" width=\"410\" height=\"575\" data-srcset=\"https:\/\/centesimusannus-stg.catholica.va\/wp-content\/uploads\/2026\/03\/Captura-de-pantalla-2026-03-11-a-las-15.53.52-214x300.png 214w, https:\/\/centesimusannus-stg.catholica.va\/wp-content\/uploads\/2026\/03\/Captura-de-pantalla-2026-03-11-a-las-15.53.52-732x1024.png 732w, https:\/\/centesimusannus-stg.catholica.va\/wp-content\/uploads\/2026\/03\/Captura-de-pantalla-2026-03-11-a-las-15.53.52-768x1075.png 768w, https:\/\/centesimusannus-stg.catholica.va\/wp-content\/uploads\/2026\/03\/Captura-de-pantalla-2026-03-11-a-las-15.53.52.png 816w\" sizes=\"(max-width: 410px) 100vw, 410px\" \/><noscript><img class=\" wp-image-25824 aligncenter lazyload\" src=\"https:\/\/centesimusannus-stg.catholica.va\/wp-content\/uploads\/2026\/03\/Captura-de-pantalla-2026-03-11-a-las-15.53.52-214x300.png\" alt=\"\" width=\"410\" height=\"575\" srcset=\"https:\/\/centesimusannus-stg.catholica.va\/wp-content\/uploads\/2026\/03\/Captura-de-pantalla-2026-03-11-a-las-15.53.52-214x300.png 214w, https:\/\/centesimusannus-stg.catholica.va\/wp-content\/uploads\/2026\/03\/Captura-de-pantalla-2026-03-11-a-las-15.53.52-732x1024.png 732w, https:\/\/centesimusannus-stg.catholica.va\/wp-content\/uploads\/2026\/03\/Captura-de-pantalla-2026-03-11-a-las-15.53.52-768x1075.png 768w, https:\/\/centesimusannus-stg.catholica.va\/wp-content\/uploads\/2026\/03\/Captura-de-pantalla-2026-03-11-a-las-15.53.52.png 816w\" sizes=\"(max-width: 410px) 100vw, 410px\" \/><\/noscript><\/p>\n","protected":false},"excerpt":{"rendered":"<p>11 marzo 2026. Lectura creient del FOESSA All\u00e0 on la indifer\u00e8ncia mant\u00e9 obertes les ferides, som cridats a ser esperan\u00e7a. Scarica locandina<\/p>\n","protected":false},"author":2,"featured_media":0,"parent":16199,"menu_order":0,"comment_status":"closed","ping_status":"closed","template":"","meta":[],"categories":[],"tags":[543],"_links":{"self":[{"href":"https:\/\/centesimusannus-stg.catholica.va\/en\/wp-json\/wp\/v2\/pages\/25820"}],"collection":[{"href":"https:\/\/centesimusannus-stg.catholica.va\/en\/wp-json\/wp\/v2\/pages"}],"about":[{"href":"https:\/\/centesimusannus-stg.catholica.va\/en\/wp-json\/wp\/v2\/types\/page"}],"author":[{"embeddable":true,"href":"https:\/\/centesimusannus-stg.catholica.va\/en\/wp-json\/wp\/v2\/users\/2"}],"replies":[{"embeddable":true,"href":"https:\/\/centesimusannus-stg.catholica.va\/en\/wp-json\/wp\/v2\/comments?post=25820"}],"version-history":[{"count":4,"href":"https:\/\/centesimusannus-stg.catholica.va\/en\/wp-json\/wp\/v2\/pages\/25820\/revisions"}],"predecessor-version":[{"id":25830,"href":"https:\/\/centesimusannus-stg.catholica.va\/en\/wp-json\/wp\/v2\/pages\/25820\/revisions\/25830"}],"up":[{"embeddable":true,"href":"https:\/\/centesimusannus-stg.catholica.va\/en\/wp-json\/wp\/v2\/pages\/16199"}],"wp:attachment":[{"href":"https:\/\/centesimusannus-stg.catholica.va\/en\/wp-json\/wp\/v2\/media?parent=25820"}],"wp:term":[{"taxonomy":"category","embeddable":true,"href":"https:\/\/centesimusannus-stg.catholica.va\/en\/wp-json\/wp\/v2\/categories?post=25820"},{"taxonomy":"post_tag","embeddable":true,"href":"https:\/\/centesimusannus-stg.catholica.va\/en\/wp-json\/wp\/v2\/tags?post=25820"}],"curies":[{"name":"wp","href":"https:\/\/api.w.org\/{rel}","templated":true}]}}