{"id":3975,"date":"2018-02-07T14:29:30","date_gmt":"2018-02-07T13:29:30","guid":{"rendered":"http:\/\/centesimusannus-stg.catholica.va\/activities\/economy-and-society-international-award\/press-conference-announces-the-winners-of-the-award-3rd-edition-2017\/"},"modified":"2021-12-28T15:57:52","modified_gmt":"2021-12-28T14:57:52","slug":"press-conference-announces-the-winners-of-the-award-3rd-edition-2017","status":"publish","type":"page","link":"https:\/\/centesimusannus-stg.catholica.va\/en\/activities\/economy-and-society-international-award\/press-conference-announces-the-winners-of-the-award-3rd-edition-2017\/","title":{"rendered":"Press Conference announces the winners of the Award\u2019s 1st edition"},"content":{"rendered":"<div>\n<p>Dear Friends,<\/p>\n<p id=\"yui_3_7_2_1_1366032112572_8947\"><span id=\"yui_3_7_2_1_1366032112572_8950\">The winners of the first edition of the international award &#8220;Economy and Society&#8221; promoted by the Foundation, have just been announced at the press conference held in the Vatican Press Room.<br \/>\n<\/span><\/p>\n<p><span id=\"yui_3_7_2_1_1366032112572_8950\">The winning works are:<\/span><\/p>\n<p id=\"yui_3_7_2_1_1366032112572_8948\">\u2022 <em id=\"yui_3_7_2_1_1366032112572_8953\">Ciudadan\u00eda, migraciones y religi\u00f3n. Un di\u00e1logo \u00e9tico desde la fe cristiana<\/em>, Madrid, San Pablo 2007, Professor Julio Luis Mart\u00ednez Mart\u00ednez sj.<\/p>\n<p id=\"yui_3_7_2_1_1366032112572_8956\">\u2022 <em>L\u2019economia del bene comune<\/em> (Idee\/economia, 3) Roma, Citt\u00e0 Nuova 2007, Professor Stefano Zamagni.<\/p>\n<p id=\"yui_3_7_2_1_1366032112572_8961\">Best regards<\/p>\n<p id=\"yui_3_7_2_1_1366032112572_8963\">Massimo Gattamelata<\/p>\n<p><a href=\"http:\/\/centesimusannus-stg.catholica.va\/media\/2tzmt1366034268.doc\" target=\"_blank\" rel=\"noopener\">Download document<\/a><\/p>\n<p><a href=\"http:\/\/centesimusannus-stg.catholica.va\/media\/2jawk1368635143.pdf\" target=\"_blank\" rel=\"noopener\">Download press coverage<\/a><\/div>\n","protected":false},"excerpt":{"rendered":"<p>Dear Friends, The winners of the first edition of the international award &#8220;Economy and Society&#8221; promoted by the Foundation, have just been announced at the press conference held in the Vatican Press Room. The winning works are: \u2022 Ciudadan\u00eda, migraciones y religi\u00f3n. Un di\u00e1logo \u00e9tico desde la fe cristiana, Madrid, San Pablo 2007, Professor Julio Luis Mart\u00ednez Mart\u00ednez sj. \u2022 L\u2019economia del bene comune (Idee\/economia, 3) Roma, Citt\u00e0 Nuova 2007, Professor Stefano Zamagni. Best regards Massimo Gattamelata Download document Download press coverage<\/p>\n","protected":false},"author":1,"featured_media":0,"parent":14814,"menu_order":29,"comment_status":"closed","ping_status":"closed","template":"","meta":[],"categories":[],"tags":[],"_links":{"self":[{"href":"https:\/\/centesimusannus-stg.catholica.va\/en\/wp-json\/wp\/v2\/pages\/3975"}],"collection":[{"href":"https:\/\/centesimusannus-stg.catholica.va\/en\/wp-json\/wp\/v2\/pages"}],"about":[{"href":"https:\/\/centesimusannus-stg.catholica.va\/en\/wp-json\/wp\/v2\/types\/page"}],"author":[{"embeddable":true,"href":"https:\/\/centesimusannus-stg.catholica.va\/en\/wp-json\/wp\/v2\/users\/1"}],"replies":[{"embeddable":true,"href":"https:\/\/centesimusannus-stg.catholica.va\/en\/wp-json\/wp\/v2\/comments?post=3975"}],"version-history":[{"count":0,"href":"https:\/\/centesimusannus-stg.catholica.va\/en\/wp-json\/wp\/v2\/pages\/3975\/revisions"}],"up":[{"embeddable":true,"href":"https:\/\/centesimusannus-stg.catholica.va\/en\/wp-json\/wp\/v2\/pages\/14814"}],"wp:attachment":[{"href":"https:\/\/centesimusannus-stg.catholica.va\/en\/wp-json\/wp\/v2\/media?parent=3975"}],"wp:term":[{"taxonomy":"category","embeddable":true,"href":"https:\/\/centesimusannus-stg.catholica.va\/en\/wp-json\/wp\/v2\/categories?post=3975"},{"taxonomy":"post_tag","embeddable":true,"href":"https:\/\/centesimusannus-stg.catholica.va\/en\/wp-json\/wp\/v2\/tags?post=3975"}],"curies":[{"name":"wp","href":"https:\/\/api.w.org\/{rel}","templated":true}]}}