{"id":3978,"date":"2018-02-07T14:33:09","date_gmt":"2018-02-07T13:33:09","guid":{"rendered":"http:\/\/centesimusannus-stg.catholica.va\/activities\/economy-and-society-international-award\/international-award-cerimony-ii-edition\/"},"modified":"2021-12-28T15:57:15","modified_gmt":"2021-12-28T14:57:15","slug":"international-award-cerimony-ii-edition","status":"publish","type":"page","link":"https:\/\/centesimusannus-stg.catholica.va\/en\/activities\/economy-and-society-international-award\/international-award-cerimony-ii-edition\/","title":{"rendered":"International Award Cerimony \u2013 II edition"},"content":{"rendered":"<p>The <em>Economy and Society<\/em> International Prize has been awarded for the second time on May 26, 2015 in Palazzo della Cancelleria on the occasion of Fondazione Centesimus Annus \u2013 Pro Pontifice\u2019s International Conference held in Rome and in Vatican on May 25-27, 2015.<\/p>\n<p id=\"yui_3_16_0_1_1437641306157_36815\">The winner is:<span id=\"yui_3_16_0_1_1437641306157_36809\"><span id=\"yui_3_16_0_1_1437641306157_36808\"><strong><br \/>\n<\/strong><\/span><\/span><\/p>\n<p><span id=\"yui_3_16_0_1_1437641306157_36809\"><span id=\"yui_3_16_0_1_1437641306157_36808\"><strong>Pierre del Lauzun<\/strong>\u00a0for the book \u201c<strong>FINANCE: UN REGARD CHR\u00c9TIEN.\u00a0<\/strong><strong id=\"yui_3_16_0_1_1437641306157_36805\"><span id=\"yui_3_16_0_1_1437641306157_36804\">De la banque m\u00e9di\u00e9vale \u00e0 la mondialisation financi\u00e8re<\/span><\/strong>\u201d (Ed.\u00a0Embrasure, 2013).<\/span><\/span><\/p>\n<p id=\"yui_3_16_0_1_1437641306157_36827\">The winners of the special section for young researchers in the Social Doctrine of the Church are:<\/p>\n<p id=\"yui_3_16_0_1_1437641306157_36799\"><strong>Arturo Bellocq Montano<\/strong>\u00a0with his study on \u201c<strong>La Doctrina Social de la Iglesia. Qu\u00e9 es y qu\u00e9 no es<\/strong>\u201d, Valencia, Edicep 2012.<\/p>\n<p id=\"yui_3_16_0_1_1437641306157_36765\"><strong>Alexander Stummvoll<\/strong><span id=\"yui_3_16_0_1_1437641306157_36764\">\u00a0with his study \u201c<strong>A Living Tradition. The Holy See, Catholic Social Doctrine, and Global Politics, 1965-2000<\/strong>\u201d.<\/span><\/p>\n<p id=\"yui_3_16_0_1_1437641306157_36830\">The ceremony has been chaired by Secretary of Vatican State<strong>\u00a0<\/strong><strong>H.E. Card.<\/strong>\u00a0<strong>Pietro Parolin<\/strong>.<\/p>\n<p id=\"yui_3_16_0_1_1437641306157_36836\">After the Foundation\u2019s recent works presentation by\u00a0<strong>Dr. Domingo Sugranyes Bickel, Chairman<\/strong>\u00a0and\u00a0<strong>Prof. Alberto Quadrio Curzio, Chairman of the FCAPP Scientific Committee,\u00a0<\/strong>the session was held on the following<strong>\u00a0<\/strong>schedule:<\/p>\n<p id=\"yui_3_16_0_1_1437641306157_36838\">Key-note speaker:\u00a0<strong id=\"yui_3_16_0_1_1437641306157_36840\">Prof. Franco Gallo,\u00a0<\/strong><span id=\"yui_3_16_0_1_1437641306157_36844\">Italian jurist &#8211; Former President of the Constitutional Court<\/span><\/p>\n<p id=\"yui_3_16_0_1_1437641306157_36846\"><strong><em><u><a href=\"http:\/\/centesimusannus-stg.catholica.va\/media\/2dtpq1437658235.pdf\" target=\"_blank\" rel=\"noopener\">Disuguaglianze, giustizia distributiva e funzione del tributo<\/a><\/u><\/em><\/strong>\u00a0(Inequalities, distributive justice and the role of taxation)<\/p>\n<p><strong>H.E. Cardinal Reinhard Marx<\/strong>, Archbishop of Monaco and Freising, President of the Jury<\/p>\n<p><strong><em><u><a href=\"http:\/\/centesimusannus-stg.catholica.va\/media\/2ubne1437658385.pdf\" target=\"_blank\" rel=\"noopener\">Laudatio of the Prize winners<\/a><\/u><\/em><\/strong><\/p>\n<p><strong><em>Dr. Pierre de Lauzun<\/em><\/strong>, D\u00e9l\u00e9gu\u00e9 g\u00e9n\u00e9ral Amafi (Association fran\u00e7aise des march\u00e9s financiers), author of main Prize winning book of this year\u2019s edition.<\/p>\n<p><strong><em><u>Reception speech<\/u><\/em><\/strong><\/p>\n<p><a href=\"http:\/\/centesimusannus-stg.catholica.va\/media\/2jsvc1437658307.pdf\" target=\"_blank\" rel=\"noopener\"><strong><em><u>Conclusions by H.E. Card.\u00a0<\/u><\/em><\/strong><strong id=\"yui_3_16_0_1_1437641306157_36873\"><em id=\"yui_3_16_0_1_1437641306157_36872\"><u id=\"yui_3_16_0_1_1437641306157_36871\"><span id=\"yui_3_16_0_1_1437641306157_36870\">Pietro Parolin<\/span><\/u><\/em><\/strong><\/a><\/p>\n<p><strong><u><a href=\"http:\/\/centesimusannus-stg.catholica.va\/site\/index.php?pag=1863&amp;categoria=Premio%20Internazionale&amp;lingua=1\">PHOTO GALLERY<\/a><\/u><\/strong><\/p>\n","protected":false},"excerpt":{"rendered":"<p>The Economy and Society International Prize has been awarded for the second time on May 26, 2015 in Palazzo della Cancelleria on the occasion of Fondazione Centesimus Annus \u2013 Pro Pontifice\u2019s International Conference held in Rome and in Vatican on May 25-27, 2015. The winner is: Pierre del Lauzun\u00a0for the book \u201cFINANCE: UN REGARD CHR\u00c9TIEN.\u00a0De la banque m\u00e9di\u00e9vale \u00e0 la mondialisation financi\u00e8re\u201d (Ed.\u00a0Embrasure, 2013). The winners of the special section for young researchers in the Social Doctrine of the Church are: Arturo Bellocq Montano\u00a0with his study on \u201cLa Doctrina Social de la Iglesia. Qu\u00e9 es y qu\u00e9 no es\u201d, Valencia,&#8230;<\/p>\n","protected":false},"author":1,"featured_media":0,"parent":14814,"menu_order":23,"comment_status":"closed","ping_status":"closed","template":"","meta":[],"categories":[],"tags":[],"_links":{"self":[{"href":"https:\/\/centesimusannus-stg.catholica.va\/en\/wp-json\/wp\/v2\/pages\/3978"}],"collection":[{"href":"https:\/\/centesimusannus-stg.catholica.va\/en\/wp-json\/wp\/v2\/pages"}],"about":[{"href":"https:\/\/centesimusannus-stg.catholica.va\/en\/wp-json\/wp\/v2\/types\/page"}],"author":[{"embeddable":true,"href":"https:\/\/centesimusannus-stg.catholica.va\/en\/wp-json\/wp\/v2\/users\/1"}],"replies":[{"embeddable":true,"href":"https:\/\/centesimusannus-stg.catholica.va\/en\/wp-json\/wp\/v2\/comments?post=3978"}],"version-history":[{"count":0,"href":"https:\/\/centesimusannus-stg.catholica.va\/en\/wp-json\/wp\/v2\/pages\/3978\/revisions"}],"up":[{"embeddable":true,"href":"https:\/\/centesimusannus-stg.catholica.va\/en\/wp-json\/wp\/v2\/pages\/14814"}],"wp:attachment":[{"href":"https:\/\/centesimusannus-stg.catholica.va\/en\/wp-json\/wp\/v2\/media?parent=3978"}],"wp:term":[{"taxonomy":"category","embeddable":true,"href":"https:\/\/centesimusannus-stg.catholica.va\/en\/wp-json\/wp\/v2\/categories?post=3978"},{"taxonomy":"post_tag","embeddable":true,"href":"https:\/\/centesimusannus-stg.catholica.va\/en\/wp-json\/wp\/v2\/tags?post=3978"}],"curies":[{"name":"wp","href":"https:\/\/api.w.org\/{rel}","templated":true}]}}