{"id":3979,"date":"2018-02-07T14:35:56","date_gmt":"2018-02-07T13:35:56","guid":{"rendered":"http:\/\/centesimusannus-stg.catholica.va\/activities\/economy-and-society-international-award\/press-conference-announces-the-winners-of-the-awards-2nd-edition\/"},"modified":"2021-12-28T15:57:25","modified_gmt":"2021-12-28T14:57:25","slug":"press-conference-announces-the-winners-of-the-awards-2nd-edition","status":"publish","type":"page","link":"https:\/\/centesimusannus-stg.catholica.va\/en\/activities\/economy-and-society-international-award\/press-conference-announces-the-winners-of-the-awards-2nd-edition\/","title":{"rendered":"Press conference announces the winners of the Award\u2019s 2nd edition"},"content":{"rendered":"<p>On Thursday 26 February 2015 at 11.30 a.m. at the press conference that took place in the Holy See Press Office (John Paul II Hall), the name has been announced of the winner of the second biennial international \u201cEconomy and Society\u201d award presented by the Centesimus Annus \u2013 Pro Pontifice Foundation to extend knowledge of the Social Doctrine of the Catholic Church.<\/p>\n<p id=\"yui_3_16_0_1_1427044037040_17331\">The winner is the book \u201cFINANCE: UN REGARD CHR\u00c9TIEN.\u00a0De la banque m\u00e9di\u00e9vale \u00e0 la mondialisation financi\u00e8re\u201d by Pierre de Lauzun (Publ.\u00a0Embrasure, 2013)<\/p>\n<p id=\"yui_3_16_0_1_1427044037040_17353\"><span id=\"yui_3_16_0_1_1427044037040_17352\">The winners of the special section for young researchers in the Social Doctrine of the Church are:\u00a0<\/span><\/p>\n<ul>\n<li>Arturo Bellocq Montano, with his study on \u201c<em>La Doctrina Social de la Iglesia. Qu\u00e9 es y qu\u00e9 no es<\/em>\u201d, Valencia, Edicep 2012.<\/li>\n<li>Alexander Stummvoll, with his study \u201cA Living Tradition. The Holy See, Catholic Social Doctrine, and Global Politics, 1965-2000\u201d.<\/li>\n<\/ul>\n<p id=\"yui_3_16_0_1_1427044037040_17354\"><a href=\"http:\/\/centesimusannus-stg.catholica.va\/media\/2qnwl1427049843.pdf\" target=\"_blank\" rel=\"noopener\">Press release.<\/a><\/p>\n<p><a href=\"http:\/\/centesimusannus-stg.catholica.va\/media\/2iaec1427103333.pdf\" target=\"_blank\" rel=\"noopener\"><span id=\"yui_3_16_0_1_1427044037040_17355\">Pierre del Lauzun\u2019s book presentation by Prof. Fr. Michael Konrad,\u00a0<\/span>Secretary of the Jury of the International Prize &#8220;Economy and Society&#8221;.<\/a><\/p>\n<p id=\"yui_3_16_0_1_1427044037040_17358\"><a href=\"http:\/\/centesimusannus-stg.catholica.va\/media\/2grtp1427103598.pdf\" target=\"_blank\" rel=\"noopener\">Commentary on De Lauzun\u2019s book.<\/a><\/p>\n<p id=\"yui_3_16_0_1_1427044037040_17360\"><a href=\"http:\/\/centesimusannus-stg.catholica.va\/media\/2mnjn1427050060.pdf\" target=\"_blank\" rel=\"noopener\">Commentary on Bellocq Montano\u2019s study and short biography of the author.<\/a><\/p>\n<p><a href=\"http:\/\/centesimusannus-stg.catholica.va\/media\/2xewr1427050170.pdf\" target=\"_blank\" rel=\"noopener\">Commentary on Stummvoll\u2019s study and short biography of the author.<\/a><\/p>\n<p><a href=\"http:\/\/centesimusannus-stg.catholica.va\/media\/2swin1427047829.pdf\" target=\"_blank\" rel=\"noopener\">Press review.<\/a><\/p>\n<p><a title=\"http:\/\/www.romereports.com\/pg160495-vatican-announces-winners-of-the-economy-and-society-award-en \" href=\"http:\/\/www.romereports.com\/pg160495-vatican-announces-winners-of-the-economy-and-society-award-en\">&#8220;Rome Reports&#8221; video on press conference including an interview with President Sugranyes.<\/a><\/p>\n<p><a href=\"http:\/\/centesimusannus-stg.catholica.va\/media\/Radio-Vaticana-conferenza-stampa-premio-economia-e-societa-26-febbraio-2015-english.mp3\" target=\"_blank\" rel=\"noopener\">Link to audio service made by \u201cRadio Vaticana\u201d<\/a><\/p>\n","protected":false},"excerpt":{"rendered":"<p>On Thursday 26 February 2015 at 11.30 a.m. at the press conference that took place in the Holy See Press Office (John Paul II Hall), the name has been announced of the winner of the second biennial international \u201cEconomy and Society\u201d award presented by the Centesimus Annus \u2013 Pro Pontifice Foundation to extend knowledge of the Social Doctrine of the Catholic Church. The winner is the book \u201cFINANCE: UN REGARD CHR\u00c9TIEN.\u00a0De la banque m\u00e9di\u00e9vale \u00e0 la mondialisation financi\u00e8re\u201d by Pierre de Lauzun (Publ.\u00a0Embrasure, 2013) The winners of the special section for young researchers in the Social Doctrine of the Church&#8230;<\/p>\n","protected":false},"author":1,"featured_media":0,"parent":14814,"menu_order":26,"comment_status":"closed","ping_status":"closed","template":"","meta":[],"categories":[],"tags":[],"_links":{"self":[{"href":"https:\/\/centesimusannus-stg.catholica.va\/en\/wp-json\/wp\/v2\/pages\/3979"}],"collection":[{"href":"https:\/\/centesimusannus-stg.catholica.va\/en\/wp-json\/wp\/v2\/pages"}],"about":[{"href":"https:\/\/centesimusannus-stg.catholica.va\/en\/wp-json\/wp\/v2\/types\/page"}],"author":[{"embeddable":true,"href":"https:\/\/centesimusannus-stg.catholica.va\/en\/wp-json\/wp\/v2\/users\/1"}],"replies":[{"embeddable":true,"href":"https:\/\/centesimusannus-stg.catholica.va\/en\/wp-json\/wp\/v2\/comments?post=3979"}],"version-history":[{"count":0,"href":"https:\/\/centesimusannus-stg.catholica.va\/en\/wp-json\/wp\/v2\/pages\/3979\/revisions"}],"up":[{"embeddable":true,"href":"https:\/\/centesimusannus-stg.catholica.va\/en\/wp-json\/wp\/v2\/pages\/14814"}],"wp:attachment":[{"href":"https:\/\/centesimusannus-stg.catholica.va\/en\/wp-json\/wp\/v2\/media?parent=3979"}],"wp:term":[{"taxonomy":"category","embeddable":true,"href":"https:\/\/centesimusannus-stg.catholica.va\/en\/wp-json\/wp\/v2\/categories?post=3979"},{"taxonomy":"post_tag","embeddable":true,"href":"https:\/\/centesimusannus-stg.catholica.va\/en\/wp-json\/wp\/v2\/tags?post=3979"}],"curies":[{"name":"wp","href":"https:\/\/api.w.org\/{rel}","templated":true}]}}