{"id":4401,"date":"2018-02-09T12:52:32","date_gmt":"2018-02-09T11:52:32","guid":{"rendered":"http:\/\/centesimusannus-stg.catholica.va\/activities\/local-activities\/germany\/einladung-capp-veranstaltung-mit-s-e-kardinal-prof-dr-reinhard-marx\/"},"modified":"2021-12-29T15:04:47","modified_gmt":"2021-12-29T14:04:47","slug":"einladung-capp-veranstaltung-mit-s-e-kardinal-prof-dr-reinhard-marx","status":"publish","type":"page","link":"https:\/\/centesimusannus-stg.catholica.va\/en\/activities\/local\/germany\/einladung-capp-veranstaltung-mit-s-e-kardinal-prof-dr-reinhard-marx\/","title":{"rendered":"Einladung CAPP Veranstaltung mit S. E. Kardinal Prof. Dr. Reinhard Marx"},"content":{"rendered":"<p>Liebe Mitglieder und Freunde von Centesimus Annus \u2013 Pro Pontifice,<\/p>\n<p id=\"yui_3_13_0_ym1_1_1389188388468_10128\">unsere Kirche ist im Aufbruch! Die\u00a0<em>Freude des Evangeliums<\/em>\u00a0erf\u00fcllt uns jeden Tag aufs Neue und gibt Mut und Kraft f\u00fcr unseren Auftrag, die\u00a0<em>Globalisierung der Gleichg\u00fcltigkeit<\/em>\u00a0zu \u00fcberwinden (Franziskus, Evangelii Gaudium).<\/p>\n<p id=\"yui_3_13_0_ym1_1_1389188388468_10110\">Am 4. Februar m\u00f6chten wir auf Einladung von S. E. Kardinal Reinhard Marx in M\u00fcnchen zusammenkommen, um \u00fcber die\u00a0<em>missionarische Umgestaltung der Kirche<\/em>\u00a0und die<em id=\"yui_3_13_0_ym1_1_1389188388468_10153\">\u00a0<\/em><em>Krise des gemeinschaftlichen Engagements<\/em>\u00a0nachzudenken.<\/p>\n<p id=\"yui_3_13_0_ym1_1_1389188388468_10112\">Das vorl\u00e4ufige Programm finden Sie ebenso im Anhang wie ein Anmeldeformular.<\/p>\n<p id=\"yui_3_13_0_ym1_1_1389188388468_10113\">Um eine pers\u00f6nliche Begegnung und einen intensiven Gedankenaustausch zu erm\u00f6glichen, bitten wir f\u00fcr die Teilnehmerbegrenzung um Verst\u00e4ndnis.<\/p>\n<p id=\"yui_3_13_0_ym1_1_1389188388468_10114\">Mit den besten W\u00fcnschen f\u00fcr ein gl\u00fcckliches und gesundes Neues Jahr,<\/p>\n<p id=\"yui_3_13_0_ym1_1_1389188388468_10134\">Thomas Rusche<\/p>\n<p id=\"yui_3_13_0_ym1_1_1389188388468_10124\"><a href=\"http:\/\/centesimusannus-stg.catholica.va\/media\/2lyll1389189401.doc\" target=\"_blank\" rel=\"noopener\">Programm<\/a><\/p>\n","protected":false},"excerpt":{"rendered":"<p>Liebe Mitglieder und Freunde von Centesimus Annus \u2013 Pro Pontifice, unsere Kirche ist im Aufbruch! Die\u00a0Freude des Evangeliums\u00a0erf\u00fcllt uns jeden Tag aufs Neue und gibt Mut und Kraft f\u00fcr unseren Auftrag, die\u00a0Globalisierung der Gleichg\u00fcltigkeit\u00a0zu \u00fcberwinden (Franziskus, Evangelii Gaudium). Am 4. Februar m\u00f6chten wir auf Einladung von S. E. Kardinal Reinhard Marx in M\u00fcnchen zusammenkommen, um \u00fcber die\u00a0missionarische Umgestaltung der Kirche\u00a0und die\u00a0Krise des gemeinschaftlichen Engagements\u00a0nachzudenken. Das vorl\u00e4ufige Programm finden Sie ebenso im Anhang wie ein Anmeldeformular. Um eine pers\u00f6nliche Begegnung und einen intensiven Gedankenaustausch zu erm\u00f6glichen, bitten wir f\u00fcr die Teilnehmerbegrenzung um Verst\u00e4ndnis. Mit den besten W\u00fcnschen f\u00fcr ein gl\u00fcckliches und&#8230;<\/p>\n","protected":false},"author":1,"featured_media":0,"parent":14894,"menu_order":34,"comment_status":"closed","ping_status":"closed","template":"","meta":[],"categories":[],"tags":[606],"_links":{"self":[{"href":"https:\/\/centesimusannus-stg.catholica.va\/en\/wp-json\/wp\/v2\/pages\/4401"}],"collection":[{"href":"https:\/\/centesimusannus-stg.catholica.va\/en\/wp-json\/wp\/v2\/pages"}],"about":[{"href":"https:\/\/centesimusannus-stg.catholica.va\/en\/wp-json\/wp\/v2\/types\/page"}],"author":[{"embeddable":true,"href":"https:\/\/centesimusannus-stg.catholica.va\/en\/wp-json\/wp\/v2\/users\/1"}],"replies":[{"embeddable":true,"href":"https:\/\/centesimusannus-stg.catholica.va\/en\/wp-json\/wp\/v2\/comments?post=4401"}],"version-history":[{"count":0,"href":"https:\/\/centesimusannus-stg.catholica.va\/en\/wp-json\/wp\/v2\/pages\/4401\/revisions"}],"up":[{"embeddable":true,"href":"https:\/\/centesimusannus-stg.catholica.va\/en\/wp-json\/wp\/v2\/pages\/14894"}],"wp:attachment":[{"href":"https:\/\/centesimusannus-stg.catholica.va\/en\/wp-json\/wp\/v2\/media?parent=4401"}],"wp:term":[{"taxonomy":"category","embeddable":true,"href":"https:\/\/centesimusannus-stg.catholica.va\/en\/wp-json\/wp\/v2\/categories?post=4401"},{"taxonomy":"post_tag","embeddable":true,"href":"https:\/\/centesimusannus-stg.catholica.va\/en\/wp-json\/wp\/v2\/tags?post=4401"}],"curies":[{"name":"wp","href":"https:\/\/api.w.org\/{rel}","templated":true}]}}