{"id":4405,"date":"2018-02-09T12:56:06","date_gmt":"2018-02-09T11:56:06","guid":{"rendered":"http:\/\/centesimusannus-stg.catholica.va\/activities\/local-activities\/germany\/capp-16-10-14-im-medienhaus-bonn\/"},"modified":"2021-12-29T15:04:08","modified_gmt":"2021-12-29T14:04:08","slug":"capp-16-10-14-im-medienhaus-bonn","status":"publish","type":"page","link":"https:\/\/centesimusannus-stg.catholica.va\/en\/activities\/local\/germany\/capp-16-10-14-im-medienhaus-bonn\/","title":{"rendered":"CAPP 16.10.14 im Medienhaus Bonn"},"content":{"rendered":"<p>Liebe Mitglieder und Freunde von Centesimus Annus,<\/p>\n<p id=\"yui_3_16_0_1_1405516182082_69915\">auf Einladung von Christoph Wagener treffen wir uns am 16.10.14 zum Herbsttreffen von CAPP Deutschland in Bonn.<\/p>\n<p id=\"yui_3_16_0_1_1405516182082_69917\">Das vielversprechende\u00a0<a href=\"http:\/\/centesimusannus-stg.catholica.va\/media\/2ebbl1410277550.pdf\" target=\"_blank\" rel=\"noopener\">Programm<\/a>\u00a0wird durch Christoph Wagener noch weiter abgerundet und in endg\u00fcltiger Fassung baldm\u00f6glichst versendet.<\/p>\n<p id=\"yui_3_16_0_1_1405516182082_69940\">Mit herzlichen Gr\u00fc\u00dfen aus dem M\u00fcnsterland,<\/p>\n<p id=\"yui_3_16_0_1_1405516182082_69942\">Ihr Thomas\u00a0 Rusche<\/p>\n<p id=\"yui_3_16_0_1_1405516182082_69921\">Dr. Dr. Thomas Rusche<\/p>\n","protected":false},"excerpt":{"rendered":"<p>Liebe Mitglieder und Freunde von Centesimus Annus, auf Einladung von Christoph Wagener treffen wir uns am 16.10.14 zum Herbsttreffen von CAPP Deutschland in Bonn. Das vielversprechende\u00a0Programm\u00a0wird durch Christoph Wagener noch weiter abgerundet und in endg\u00fcltiger Fassung baldm\u00f6glichst versendet. Mit herzlichen Gr\u00fc\u00dfen aus dem M\u00fcnsterland, Ihr Thomas\u00a0 Rusche Dr. Dr. Thomas Rusche<\/p>\n","protected":false},"author":1,"featured_media":0,"parent":14894,"menu_order":30,"comment_status":"closed","ping_status":"closed","template":"","meta":[],"categories":[],"tags":[606],"_links":{"self":[{"href":"https:\/\/centesimusannus-stg.catholica.va\/en\/wp-json\/wp\/v2\/pages\/4405"}],"collection":[{"href":"https:\/\/centesimusannus-stg.catholica.va\/en\/wp-json\/wp\/v2\/pages"}],"about":[{"href":"https:\/\/centesimusannus-stg.catholica.va\/en\/wp-json\/wp\/v2\/types\/page"}],"author":[{"embeddable":true,"href":"https:\/\/centesimusannus-stg.catholica.va\/en\/wp-json\/wp\/v2\/users\/1"}],"replies":[{"embeddable":true,"href":"https:\/\/centesimusannus-stg.catholica.va\/en\/wp-json\/wp\/v2\/comments?post=4405"}],"version-history":[{"count":0,"href":"https:\/\/centesimusannus-stg.catholica.va\/en\/wp-json\/wp\/v2\/pages\/4405\/revisions"}],"up":[{"embeddable":true,"href":"https:\/\/centesimusannus-stg.catholica.va\/en\/wp-json\/wp\/v2\/pages\/14894"}],"wp:attachment":[{"href":"https:\/\/centesimusannus-stg.catholica.va\/en\/wp-json\/wp\/v2\/media?parent=4405"}],"wp:term":[{"taxonomy":"category","embeddable":true,"href":"https:\/\/centesimusannus-stg.catholica.va\/en\/wp-json\/wp\/v2\/categories?post=4405"},{"taxonomy":"post_tag","embeddable":true,"href":"https:\/\/centesimusannus-stg.catholica.va\/en\/wp-json\/wp\/v2\/tags?post=4405"}],"curies":[{"name":"wp","href":"https:\/\/api.w.org\/{rel}","templated":true}]}}