{"id":4406,"date":"2018-02-09T12:56:53","date_gmt":"2018-02-09T11:56:53","guid":{"rendered":"http:\/\/centesimusannus-stg.catholica.va\/activities\/local-activities\/germany\/capp-veranstaltung-16-10-2014\/"},"modified":"2021-12-29T15:03:59","modified_gmt":"2021-12-29T14:03:59","slug":"capp-veranstaltung-16-10-2014","status":"publish","type":"page","link":"https:\/\/centesimusannus-stg.catholica.va\/en\/activities\/local\/germany\/capp-veranstaltung-16-10-2014\/","title":{"rendered":"CAPP Veranstaltung &#8211; 16.10.2014"},"content":{"rendered":"<p>Liebe Mitglieder und Freunde von Centesimus Annus,<\/p>\n<p id=\"yui_3_16_0_1_1412841138865_4136\"><span id=\"yui_3_16_0_1_1412841138865_4135\">schon heute freuen wir uns auf die n\u00e4chste CAPP Veranstaltung am 16. Oktober 2014 im Katholischen Medienhaus in Bonn. Zahlreiche R\u00fcckmeldungen liegen bereits vor.<\/span><\/p>\n<p id=\"yui_3_16_0_1_1412841138865_4138\"><span id=\"yui_3_16_0_1_1412841138865_4139\">Gerne k\u00f6nnen Sie sich noch kurzfristig zu einer Teilnahme entschlie\u00dfen, das Programm nebst Anmeldeformular haben wir nochmals beigef\u00fcgt.<\/span><\/p>\n<p id=\"yui_3_16_0_1_1412841138865_4144\"><span id=\"yui_3_16_0_1_1412841138865_4143\">Wir freuen uns von Ihnen zu h\u00f6ren und verbleiben<\/span><\/p>\n<p id=\"yui_3_16_0_1_1412841138865_4145\">mit besten Gr\u00fc\u00dfen<\/p>\n<p id=\"yui_3_16_0_1_1412841138865_4146\">Gaby Weber<\/p>\n<p id=\"yui_3_16_0_1_1412841138865_4147\"><span id=\"yui_3_16_0_1_1412841138865_4163\">Sekretariat Dr. Dr. Rusche<\/span><\/p>\n<p id=\"yui_3_16_0_1_1412841138865_4148\"><span id=\"yui_3_16_0_1_1412841138865_4150\">________________________<\/span><\/p>\n<p id=\"yui_3_16_0_1_1412841138865_4152\"><strong>\u00a0<\/strong><\/p>\n<p id=\"yui_3_16_0_1_1412841138865_4153\"><strong>Gaby Weber<\/strong><\/p>\n<p id=\"yui_3_16_0_1_1412841138865_4154\"><span id=\"yui_3_16_0_1_1412841138865_4162\">S\u00d8R Rusche GmbH<\/span><\/p>\n<p id=\"yui_3_16_0_1_1412841138865_4155\"><span id=\"yui_3_16_0_1_1412841138865_4156\">Wiedenbr\u00fccker Stra\u00dfe 1<\/span><\/p>\n<p id=\"yui_3_16_0_1_1412841138865_4157\">D-59302 Oelde<\/p>\n","protected":false},"excerpt":{"rendered":"<p>Liebe Mitglieder und Freunde von Centesimus Annus, schon heute freuen wir uns auf die n\u00e4chste CAPP Veranstaltung am 16. Oktober 2014 im Katholischen Medienhaus in Bonn. Zahlreiche R\u00fcckmeldungen liegen bereits vor. Gerne k\u00f6nnen Sie sich noch kurzfristig zu einer Teilnahme entschlie\u00dfen, das Programm nebst Anmeldeformular haben wir nochmals beigef\u00fcgt. Wir freuen uns von Ihnen zu h\u00f6ren und verbleiben mit besten Gr\u00fc\u00dfen Gaby Weber Sekretariat Dr. Dr. Rusche ________________________ \u00a0 Gaby Weber S\u00d8R Rusche GmbH Wiedenbr\u00fccker Stra\u00dfe 1 D-59302 Oelde<\/p>\n","protected":false},"author":1,"featured_media":0,"parent":14894,"menu_order":29,"comment_status":"closed","ping_status":"closed","template":"","meta":[],"categories":[],"tags":[606],"_links":{"self":[{"href":"https:\/\/centesimusannus-stg.catholica.va\/en\/wp-json\/wp\/v2\/pages\/4406"}],"collection":[{"href":"https:\/\/centesimusannus-stg.catholica.va\/en\/wp-json\/wp\/v2\/pages"}],"about":[{"href":"https:\/\/centesimusannus-stg.catholica.va\/en\/wp-json\/wp\/v2\/types\/page"}],"author":[{"embeddable":true,"href":"https:\/\/centesimusannus-stg.catholica.va\/en\/wp-json\/wp\/v2\/users\/1"}],"replies":[{"embeddable":true,"href":"https:\/\/centesimusannus-stg.catholica.va\/en\/wp-json\/wp\/v2\/comments?post=4406"}],"version-history":[{"count":0,"href":"https:\/\/centesimusannus-stg.catholica.va\/en\/wp-json\/wp\/v2\/pages\/4406\/revisions"}],"up":[{"embeddable":true,"href":"https:\/\/centesimusannus-stg.catholica.va\/en\/wp-json\/wp\/v2\/pages\/14894"}],"wp:attachment":[{"href":"https:\/\/centesimusannus-stg.catholica.va\/en\/wp-json\/wp\/v2\/media?parent=4406"}],"wp:term":[{"taxonomy":"category","embeddable":true,"href":"https:\/\/centesimusannus-stg.catholica.va\/en\/wp-json\/wp\/v2\/categories?post=4406"},{"taxonomy":"post_tag","embeddable":true,"href":"https:\/\/centesimusannus-stg.catholica.va\/en\/wp-json\/wp\/v2\/tags?post=4406"}],"curies":[{"name":"wp","href":"https:\/\/api.w.org\/{rel}","templated":true}]}}