{"id":4407,"date":"2018-02-09T12:58:38","date_gmt":"2018-02-09T11:58:38","guid":{"rendered":"http:\/\/centesimusannus-stg.catholica.va\/activities\/local-activities\/germany\/centesimus-annus-konferenz-in-berlin-programm-und-anmeldung\/"},"modified":"2021-12-29T15:02:09","modified_gmt":"2021-12-29T14:02:09","slug":"centesimus-annus-konferenz-in-berlin-programm-und-anmeldung","status":"publish","type":"page","link":"https:\/\/centesimusannus-stg.catholica.va\/en\/activities\/local\/germany\/centesimus-annus-konferenz-in-berlin-programm-und-anmeldung\/","title":{"rendered":"Centesimus Annus Konferenz in Berlin &#8211; Programm und Anmeldung"},"content":{"rendered":"<p>Liebe Freunde und Mitglieder von CAPP,<\/p>\n<p id=\"yui_3_16_0_1_1441147915161_3086\">wie bereits angek\u00fcndigt, treffen wir uns in diesem Herbst in Berlin, um gemeinsam \u00fcber die Relevanz der KATHOLISCHEN SOZIALLEHRE f\u00fcr Politik, Kultur und Gesellschaft zu diskutieren.<\/p>\n<p id=\"yui_3_16_0_1_1441147915161_3093\">Das Programm mit Anmeldeformular ist mit der Bitte um baldm\u00f6gliche R\u00fcckmeldung angeh\u00e4ngt.<\/p>\n<p id=\"yui_3_16_0_1_1441147915161_3096\">Dank des gemeinsamen Engagements entwickelt sich die p\u00e4pstliche Stiftung Centesimus Annus nicht nur in Deutschland zu einer gesch\u00e4tzten Gespr\u00e4chspartner in Politik, Wirtschaft und<\/p>\n<p>Gesellschaft. Wer sich von Ihnen aktiv an der Weiterentwicklung von CAPP in Deutschland beteiligen m\u00f6chte, ist herzlich eingeladen, bereits am Vorabend, Donnerstag, 15. Oktober 2015,an der erweiterten Vorstandssitzung teilzunehmen.<\/p>\n<p>Alle weiteren Teilnehmer, die ebenfalls bereits am Vorabend anreisen, sind zum anschlie\u00dfenden Empfang in der S\u00d8R Repr\u00e4sentanz willkommen.<\/p>\n<p>Schon heute freue ich mich auf unser Wiedersehen und gr\u00fc\u00dfe Sie herzlich aus dem M\u00fcnsterland,<\/p>\n<p>Thomas Rusche<\/p>\n<p>Koordinator CAPP Deutschland<\/p>\n<p><a href=\"http:\/\/centesimusannus-stg.catholica.va\/media\/2ghmj1441148277.pdf\" target=\"_blank\" rel=\"noopener\">Download document<\/a><\/p>\n<p>_____________________________<\/p>\n<p>&nbsp;<\/p>\n<p><strong>Dr. Dr. Thomas Rusche<\/strong><\/p>\n<p>Gesch\u00e4ftsf\u00fchrender Gesellschafter<\/p>\n<p>S\u00d8R Rusche GmbH<\/p>\n<p>Wiedenbr\u00fccker Str. 1<\/p>\n<p>D-59302 Oelde<\/p>\n<p>Phone\u00a0\u00a0 +49 2522 82660<\/p>\n<p>Fax\u00a0\u00a0\u00a0\u00a0\u00a0\u00a0 +49 2522 82629<\/p>\n<p>E-Mail\u00a0\u00a0\u00a0\u00a0<a href=\"mailto:t.rusche@soer.de\" target=\"_blank\" rel=\"noopener\">t.rusche@soer.de<\/a><\/p>\n<p><a href=\"http:\/\/www.soer.de\/\" target=\"_blank\" rel=\"noopener\">HTTP:\/\/WWW.SOER.DE<\/a><\/p>\n","protected":false},"excerpt":{"rendered":"<p>Liebe Freunde und Mitglieder von CAPP, wie bereits angek\u00fcndigt, treffen wir uns in diesem Herbst in Berlin, um gemeinsam \u00fcber die Relevanz der KATHOLISCHEN SOZIALLEHRE f\u00fcr Politik, Kultur und Gesellschaft zu diskutieren. Das Programm mit Anmeldeformular ist mit der Bitte um baldm\u00f6gliche R\u00fcckmeldung angeh\u00e4ngt. Dank des gemeinsamen Engagements entwickelt sich die p\u00e4pstliche Stiftung Centesimus Annus nicht nur in Deutschland zu einer gesch\u00e4tzten Gespr\u00e4chspartner in Politik, Wirtschaft und Gesellschaft. Wer sich von Ihnen aktiv an der Weiterentwicklung von CAPP in Deutschland beteiligen m\u00f6chte, ist herzlich eingeladen, bereits am Vorabend, Donnerstag, 15. Oktober 2015,an der erweiterten Vorstandssitzung teilzunehmen. Alle weiteren Teilnehmer, die&#8230;<\/p>\n","protected":false},"author":1,"featured_media":0,"parent":14894,"menu_order":28,"comment_status":"closed","ping_status":"closed","template":"","meta":[],"categories":[],"tags":[605],"_links":{"self":[{"href":"https:\/\/centesimusannus-stg.catholica.va\/en\/wp-json\/wp\/v2\/pages\/4407"}],"collection":[{"href":"https:\/\/centesimusannus-stg.catholica.va\/en\/wp-json\/wp\/v2\/pages"}],"about":[{"href":"https:\/\/centesimusannus-stg.catholica.va\/en\/wp-json\/wp\/v2\/types\/page"}],"author":[{"embeddable":true,"href":"https:\/\/centesimusannus-stg.catholica.va\/en\/wp-json\/wp\/v2\/users\/1"}],"replies":[{"embeddable":true,"href":"https:\/\/centesimusannus-stg.catholica.va\/en\/wp-json\/wp\/v2\/comments?post=4407"}],"version-history":[{"count":0,"href":"https:\/\/centesimusannus-stg.catholica.va\/en\/wp-json\/wp\/v2\/pages\/4407\/revisions"}],"up":[{"embeddable":true,"href":"https:\/\/centesimusannus-stg.catholica.va\/en\/wp-json\/wp\/v2\/pages\/14894"}],"wp:attachment":[{"href":"https:\/\/centesimusannus-stg.catholica.va\/en\/wp-json\/wp\/v2\/media?parent=4407"}],"wp:term":[{"taxonomy":"category","embeddable":true,"href":"https:\/\/centesimusannus-stg.catholica.va\/en\/wp-json\/wp\/v2\/categories?post=4407"},{"taxonomy":"post_tag","embeddable":true,"href":"https:\/\/centesimusannus-stg.catholica.va\/en\/wp-json\/wp\/v2\/tags?post=4407"}],"curies":[{"name":"wp","href":"https:\/\/api.w.org\/{rel}","templated":true}]}}