{"id":4414,"date":"2017-11-15T13:07:30","date_gmt":"2017-11-15T12:07:30","guid":{"rendered":"http:\/\/centesimusannus-stg.catholica.va\/activities\/local-activities\/germany\/save-the-date-international-conference-berlin-november-15-16-2017\/"},"modified":"2021-12-30T15:36:36","modified_gmt":"2021-12-30T14:36:36","slug":"save-the-date-international-conference-berlin-november-15-16-2017","status":"publish","type":"page","link":"https:\/\/centesimusannus-stg.catholica.va\/en\/activities\/local\/germany\/save-the-date-international-conference-berlin-november-15-16-2017\/","title":{"rendered":"Save the date \u2013 International Conference, Berlin November 15-16, 2017"},"content":{"rendered":"<p><strong>Save the date \u2013 International Conference, Berlin November 15-16, 2017<\/strong><\/p>\n<p><a href=\"http:\/\/centesimusannus-stg.catholica.va\/media\/2lect1491837461.pdf\" target=\"_blank\" rel=\"noopener\">Download Document<\/a><br \/>\n<a href=\"http:\/\/centesimusannus-stg.catholica.va\/media\/2yzox1491837519.pdf\" target=\"_blank\" rel=\"noopener\"><br \/>\nDownload Application Form<br \/>\n<\/a><\/p>\n<p>Liebe Mitglieder und Freunde von Centesimus Annus,<\/p>\n<p>vom 15. \u2013 16. November 2017 findet die internationale sozialethische Konferenz der p\u00e4pstlichen Stiftung Centesimus Annus \u2013 Pro Pontifice zum ersten Mal in Deutschland statt.<\/p>\n<p>Wir freuen uns sehr, Sie zu dieser Veranstaltung ins Liebermann Haus der Stiftung Brandenburger Tor nach Berlin einladen zu d\u00fcrfen.<\/p>\n<p>Die Tagung untersucht die Relevanz der christlichen Soziallehre angesichts der digitalen Herausforderungen im 21. Jahrhundert f\u00fcr Wirtschaft, Gesellschaft und Politik. Zu diesem Themenkreis finden Sie einen Beitrag angeh\u00e4ngt.<\/p>\n<p>Es ist eine gro\u00dfe Ehre f\u00fcr die p\u00e4pstliche Stiftung, dass S. E. Erzbischof Dr. Heiner Koch und Staatsministerin Prof. Monika Gr\u00fctters die Schirmherrschaft \u00fcbernommen haben.<\/p>\n<p>Bitte reservieren Sie sich den Termin und best\u00e4tigen Ihre Teilnahme baldm\u00f6glichst.<\/p>\n<p>Wir freuen uns auf Sie und h\u00f6ren gerne von Ihnen.<\/p>\n<p>Mit besten W\u00fcnschen und Gr\u00fc\u00dfen,<\/p>\n<p>Thomas Rusche<\/p>\n<p id=\"yui_3_16_0_ym19_1_1491836773057_3885\"><span id=\"yui_3_16_0_ym19_1_1491836773057_3884\">CAPP- Vorstand<\/span><\/p>\n<p id=\"yui_3_16_0_ym19_1_1491836773057_3883\">_________________________________________<\/p>\n<p id=\"yui_3_16_0_ym19_1_1491836773057_3880\"><strong id=\"yui_3_16_0_ym19_1_1491836773057_3878\"><span id=\"yui_3_16_0_ym19_1_1491836773057_3877\">Dr. Dr. Thomas Rusche<\/span><\/strong><\/p>\n<p id=\"yui_3_16_0_ym19_1_1491836773057_3876\"><span id=\"yui_3_16_0_ym19_1_1491836773057_3875\">Gesch\u00e4ftsf\u00fchrender Gesellschafter<\/span><\/p>\n<p id=\"yui_3_16_0_ym19_1_1491836773057_3874\"><span id=\"yui_3_16_0_ym19_1_1491836773057_3873\">S\u00d8R Rusche GmbH<\/span><\/p>\n<p id=\"yui_3_16_0_ym19_1_1491836773057_3872\"><span id=\"yui_3_16_0_ym19_1_1491836773057_3871\">Wiedenbr\u00fccker Str. 1<\/span><\/p>\n<p id=\"yui_3_16_0_ym19_1_1491836773057_3870\">D-59302 Oelde<\/p>\n<p id=\"yui_3_16_0_ym19_1_1491836773057_3869\">Phone\u00a0\u00a0 +49 2522 82660<\/p>\n<p id=\"yui_3_16_0_ym19_1_1491836773057_3866\">Fax\u00a0\u00a0\u00a0\u00a0\u00a0\u00a0 +49 2522 82629<\/p>\n<p id=\"yui_3_16_0_ym19_1_1491836773057_3865\">E-Mail\u00a0\u00a0\u00a0\u00a0<a id=\"yui_3_16_0_ym19_1_1491836773057_3864\" href=\"mailto:t.rusche@soer.de\" target=\"_blank\" rel=\"noopener\">t.rusche@soer.de<\/a><\/p>\n<p id=\"yui_3_16_0_ym19_1_1491836773057_3856\">\n<a href=\"http:\/\/www.soer.de\/\" target=\"_blank\" rel=\"noopener\">HTTP:\/\/WWW.SOER.DE<\/a><\/p>\n","protected":false},"excerpt":{"rendered":"<p>Save the date \u2013 International Conference, Berlin November 15-16, 2017 Download Document Download Application Form Liebe Mitglieder und Freunde von Centesimus Annus, vom 15. \u2013 16. November 2017 findet die internationale sozialethische Konferenz der p\u00e4pstlichen Stiftung Centesimus Annus \u2013 Pro Pontifice zum ersten Mal in Deutschland statt. Wir freuen uns sehr, Sie zu dieser Veranstaltung ins Liebermann Haus der Stiftung Brandenburger Tor nach Berlin einladen zu d\u00fcrfen. Die Tagung untersucht die Relevanz der christlichen Soziallehre angesichts der digitalen Herausforderungen im 21. Jahrhundert f\u00fcr Wirtschaft, Gesellschaft und Politik. Zu diesem Themenkreis finden Sie einen Beitrag angeh\u00e4ngt. Es ist eine gro\u00dfe Ehre&#8230;<\/p>\n","protected":false},"author":1,"featured_media":0,"parent":14894,"menu_order":21,"comment_status":"closed","ping_status":"closed","template":"","meta":[],"categories":[],"tags":[742],"_links":{"self":[{"href":"https:\/\/centesimusannus-stg.catholica.va\/en\/wp-json\/wp\/v2\/pages\/4414"}],"collection":[{"href":"https:\/\/centesimusannus-stg.catholica.va\/en\/wp-json\/wp\/v2\/pages"}],"about":[{"href":"https:\/\/centesimusannus-stg.catholica.va\/en\/wp-json\/wp\/v2\/types\/page"}],"author":[{"embeddable":true,"href":"https:\/\/centesimusannus-stg.catholica.va\/en\/wp-json\/wp\/v2\/users\/1"}],"replies":[{"embeddable":true,"href":"https:\/\/centesimusannus-stg.catholica.va\/en\/wp-json\/wp\/v2\/comments?post=4414"}],"version-history":[{"count":0,"href":"https:\/\/centesimusannus-stg.catholica.va\/en\/wp-json\/wp\/v2\/pages\/4414\/revisions"}],"up":[{"embeddable":true,"href":"https:\/\/centesimusannus-stg.catholica.va\/en\/wp-json\/wp\/v2\/pages\/14894"}],"wp:attachment":[{"href":"https:\/\/centesimusannus-stg.catholica.va\/en\/wp-json\/wp\/v2\/media?parent=4414"}],"wp:term":[{"taxonomy":"category","embeddable":true,"href":"https:\/\/centesimusannus-stg.catholica.va\/en\/wp-json\/wp\/v2\/categories?post=4414"},{"taxonomy":"post_tag","embeddable":true,"href":"https:\/\/centesimusannus-stg.catholica.va\/en\/wp-json\/wp\/v2\/tags?post=4414"}],"curies":[{"name":"wp","href":"https:\/\/api.w.org\/{rel}","templated":true}]}}