{"id":4417,"date":"2018-02-09T13:11:04","date_gmt":"2018-02-09T12:11:04","guid":{"rendered":"http:\/\/centesimusannus-stg.catholica.va\/activities\/local-activities\/germany\/24-february-workshop-in-frankfurt\/"},"modified":"2021-12-29T10:00:32","modified_gmt":"2021-12-29T09:00:32","slug":"24-february-workshop-in-frankfurt","status":"publish","type":"page","link":"https:\/\/centesimusannus-stg.catholica.va\/en\/activities\/local\/germany\/24-february-workshop-in-frankfurt\/","title":{"rendered":"24 February Workshop in Frankfurt"},"content":{"rendered":"<div class=\"m_-6395375193920248638yiv1961059739MsoNormal\">\n<p>Liebe Mitglieder und Freunde von Centesimus Annus,<\/p>\n<p>zur Vorbereitung der Internationalen CAPP-Konferenz in Rom findet \u00a0am\u00a0<strong>24. Februar 2018<\/strong>\u00a0ein Workshop in Frankfurt statt.<\/p>\n<p id=\"yui_3_16_0_1_1517557393372_3800\"><span id=\"yui_3_16_0_1_1517557393372_3799\">Das Programm und die Tagesordnung der Mitgliederversammlung finden Sie anbei.<\/span><\/p>\n<p id=\"yui_3_16_0_1_1517557393372_3801\">Bitte senden Sie uns Ihre verbindliche Anmeldung anhand des beigef\u00fcgten Formulars bis zum\u00a0<strong>15. Februar 2018<\/strong>\u00a0zu.<\/p>\n<p id=\"yui_3_16_0_1_1517557393372_3804\">\u00dcber eine zahlreiche Beteiligung w\u00fcrden wir uns freuen.<\/p>\n<p id=\"yui_3_16_0_1_1517557393372_3807\">Mit herzlichen Gr\u00fc\u00dfen<\/p>\n<p>Thomas Rusche<\/p>\n<p><a href=\"http:\/\/centesimusannus-stg.catholica.va\/media\/2kmax1517557992.doc\" target=\"_blank\" rel=\"noopener\">AMMELDUNG<\/a><\/p>\n<p><a href=\"http:\/\/centesimusannus-stg.catholica.va\/media\/2hrhm1517558179.pdf\" target=\"_blank\" rel=\"noopener\">PROGRAMM<\/a><\/p>\n<p><a href=\"http:\/\/centesimusannus-stg.catholica.va\/media\/2rtfg1517558094.doc\" target=\"_blank\" rel=\"noopener\">TAGESORDNUNG MV<\/a><\/p>\n<p><strong id=\"yui_3_16_0_1_1517557393372_3813\">Dr. Dr. Thomas Rusche<\/strong><\/p>\n<p id=\"yui_3_16_0_1_1517557393372_3816\"><span id=\"yui_3_16_0_1_1517557393372_3815\">Gesch\u00e4ftsf\u00fchrender Gesellschafter<\/span><\/p>\n<p id=\"yui_3_16_0_1_1517557393372_3817\">S\u00d8R Rusche GmbH<\/p>\n<p>Wiedenbr\u00fccker Str. 1<\/p>\n<p>D-59302 Oelde<\/p>\n<p id=\"yui_3_16_0_1_1517557393372_3819\">Phone\u00a0\u00a0 +49 2522 82660<\/p>\n<p id=\"yui_3_16_0_1_1517557393372_3820\">Fax\u00a0\u00a0\u00a0\u00a0\u00a0\u00a0 +49 2522 82629<\/p>\n<p id=\"yui_3_16_0_1_1517557393372_3821\">E-Mail\u00a0\u00a0\u00a0\u00a0<a href=\"mailto:t.rusche@soer.de\" target=\"_blank\" rel=\"noopener\">t.rusche@soer.de<\/a><\/p>\n<p id=\"yui_3_16_0_1_1517557393372_3822\"><a id=\"yui_3_16_0_1_1517557393372_3834\" href=\"http:\/\/www.soer.de\/\" target=\"_blank\" rel=\"noopener\"><span id=\"yui_3_16_0_1_1517557393372_3835\">HTTP:\/\/WWW.SOER.DE<\/span><\/a><\/p>\n<\/div>\n","protected":false},"excerpt":{"rendered":"<p>Liebe Mitglieder und Freunde von Centesimus Annus, zur Vorbereitung der Internationalen CAPP-Konferenz in Rom findet \u00a0am\u00a024. Februar 2018\u00a0ein Workshop in Frankfurt statt. Das Programm und die Tagesordnung der Mitgliederversammlung finden Sie anbei. Bitte senden Sie uns Ihre verbindliche Anmeldung anhand des beigef\u00fcgten Formulars bis zum\u00a015. Februar 2018\u00a0zu. \u00dcber eine zahlreiche Beteiligung w\u00fcrden wir uns freuen. Mit herzlichen Gr\u00fc\u00dfen Thomas Rusche AMMELDUNG PROGRAMM TAGESORDNUNG MV Dr. Dr. Thomas Rusche Gesch\u00e4ftsf\u00fchrender Gesellschafter S\u00d8R Rusche GmbH Wiedenbr\u00fccker Str. 1 D-59302 Oelde Phone\u00a0\u00a0 +49 2522 82660 Fax\u00a0\u00a0\u00a0\u00a0\u00a0\u00a0 +49 2522 82629 E-Mail\u00a0\u00a0\u00a0\u00a0t.rusche@soer.de HTTP:\/\/WWW.SOER.DE<\/p>\n","protected":false},"author":1,"featured_media":0,"parent":14894,"menu_order":37,"comment_status":"closed","ping_status":"closed","template":"","meta":[],"categories":[],"tags":[525],"_links":{"self":[{"href":"https:\/\/centesimusannus-stg.catholica.va\/en\/wp-json\/wp\/v2\/pages\/4417"}],"collection":[{"href":"https:\/\/centesimusannus-stg.catholica.va\/en\/wp-json\/wp\/v2\/pages"}],"about":[{"href":"https:\/\/centesimusannus-stg.catholica.va\/en\/wp-json\/wp\/v2\/types\/page"}],"author":[{"embeddable":true,"href":"https:\/\/centesimusannus-stg.catholica.va\/en\/wp-json\/wp\/v2\/users\/1"}],"replies":[{"embeddable":true,"href":"https:\/\/centesimusannus-stg.catholica.va\/en\/wp-json\/wp\/v2\/comments?post=4417"}],"version-history":[{"count":0,"href":"https:\/\/centesimusannus-stg.catholica.va\/en\/wp-json\/wp\/v2\/pages\/4417\/revisions"}],"up":[{"embeddable":true,"href":"https:\/\/centesimusannus-stg.catholica.va\/en\/wp-json\/wp\/v2\/pages\/14894"}],"wp:attachment":[{"href":"https:\/\/centesimusannus-stg.catholica.va\/en\/wp-json\/wp\/v2\/media?parent=4417"}],"wp:term":[{"taxonomy":"category","embeddable":true,"href":"https:\/\/centesimusannus-stg.catholica.va\/en\/wp-json\/wp\/v2\/categories?post=4417"},{"taxonomy":"post_tag","embeddable":true,"href":"https:\/\/centesimusannus-stg.catholica.va\/en\/wp-json\/wp\/v2\/tags?post=4417"}],"curies":[{"name":"wp","href":"https:\/\/api.w.org\/{rel}","templated":true}]}}