{"id":4478,"date":"2018-02-09T17:28:51","date_gmt":"2018-02-09T16:28:51","guid":{"rendered":"http:\/\/centesimusannus-stg.catholica.va\/activities\/local-activities\/malta\/fr-joe-galea-curmi-newly-appointed-vicar-general\/"},"modified":"2021-12-28T14:44:29","modified_gmt":"2021-12-28T13:44:29","slug":"fr-joe-galea-curmi-newly-appointed-vicar-general","status":"publish","type":"page","link":"https:\/\/centesimusannus-stg.catholica.va\/en\/activities\/local\/malta\/fr-joe-galea-curmi-newly-appointed-vicar-general\/","title":{"rendered":"Fr Joe Galea Curmi &#8211; Newly Appointed Vicar General"},"content":{"rendered":"<p>Colleagues<\/p>\n<p>This is great news! Fr Joe Galea Curmi, our Assistente Ecclesiastico has been appointed the Vicar-General, assisting newly elected Archbishop Charles Scicluna in his duties as bishop of the diocese of Malta.<\/p>\n<p id=\"yui_3_16_0_1_1427044037040_25283\">Congratulations Fr Joe!<\/p>\n<p>Joseph Zahra (Fcapp Malta coordinator)<\/p>\n<p>Fr Joseph Galea Curmi l-Vigarju \u0120enerali l-\u0121did<\/p>\n<p><img src=\"data:image\/gif;base64,R0lGODlhAQABAIAAAAAAAP\/\/\/yH5BAEAAAAALAAAAAABAAEAAAIBRAA7\" data-src=\"https:\/\/centesimusannus-stg.catholica.va\/wp-content\/uploads\/2018\/02\/9euwtczk.bmp\" alt=\"\" width=\"300\" height=\"199\" class=\"vc_single_image-img attachment-full lazyload\"\/><noscript><img src=\"https:\/\/centesimusannus-stg.catholica.va\/wp-content\/uploads\/2018\/02\/9euwtczk.bmp\" alt=\"\" width=\"300\" height=\"199\" class=\"vc_single_image-img attachment-full lazyload\"\/><\/noscript><\/p>\n<p><strong><span lang=\"EN-GB\"><a href=\"http:\/\/newsbook.com.mt\/\" target=\"_blank\" rel=\"noopener\"><span lang=\"IT\">Newsbook.com.mt<\/span><\/a><\/span><\/strong>\u00a0hu infurmat li l-Vigarju \u0120enerali l-\u0121did se jkun Fr Joe Galea Curmi.<\/p>\n<p>Dakinhar li \u0127ar\u0121et l-a\u0127bar li l-Papa Fran\u0121isku g\u0127a\u017cel lil Mons. Scicluna b\u0127ala l-Ar\u010bisqof-elett ta\u2019 Malta, waqt il-konferenza tal-a\u0127barijiet Mons. Scicluna qal li\u00a0g\u0127alissa l-\u0127sieb hu li jag\u0127\u017cel Vigarju \u0120enerali.<\/p>\n<p>Fr Galea Curmi spe\u010bjalizza fit-Teolo\u0121ija Pastorali u jg\u0127allem dan is-su\u0121\u0121ett fil-Fakult\u00e0 tat-Teolo\u0121ija fl-Universit\u00e0 ta\u2019 Malta.<\/p>\n<p><span lang=\"EN-GB\">Hu wkoll membru tal-bord tal-Istitut ta\u2019\u00a0<em>Formazzjoni Pastorali<\/em>\u00a0kif ukoll tal-<em>European Society for Catholic Theology<\/em>.<\/span><\/p>\n","protected":false},"excerpt":{"rendered":"<p>Colleagues This is great news! Fr Joe Galea Curmi, our Assistente Ecclesiastico has been appointed the Vicar-General, assisting newly elected Archbishop Charles Scicluna in his duties as bishop of the diocese of Malta. Congratulations Fr Joe! Joseph Zahra (Fcapp Malta coordinator) Fr Joseph Galea Curmi l-Vigarju \u0120enerali l-\u0121did Newsbook.com.mt\u00a0hu infurmat li l-Vigarju \u0120enerali l-\u0121did se jkun Fr Joe Galea Curmi. Dakinhar li \u0127ar\u0121et l-a\u0127bar li l-Papa Fran\u0121isku g\u0127a\u017cel lil Mons. Scicluna b\u0127ala l-Ar\u010bisqof-elett ta\u2019 Malta, waqt il-konferenza tal-a\u0127barijiet Mons. Scicluna qal li\u00a0g\u0127alissa l-\u0127sieb hu li jag\u0127\u017cel Vigarju \u0120enerali. Fr Galea Curmi spe\u010bjalizza fit-Teolo\u0121ija Pastorali u jg\u0127allem dan is-su\u0121\u0121ett fil-Fakult\u00e0 tat-Teolo\u0121ija&#8230;<\/p>\n","protected":false},"author":1,"featured_media":0,"parent":15009,"menu_order":52,"comment_status":"closed","ping_status":"closed","template":"","meta":[],"categories":[],"tags":[489],"_links":{"self":[{"href":"https:\/\/centesimusannus-stg.catholica.va\/en\/wp-json\/wp\/v2\/pages\/4478"}],"collection":[{"href":"https:\/\/centesimusannus-stg.catholica.va\/en\/wp-json\/wp\/v2\/pages"}],"about":[{"href":"https:\/\/centesimusannus-stg.catholica.va\/en\/wp-json\/wp\/v2\/types\/page"}],"author":[{"embeddable":true,"href":"https:\/\/centesimusannus-stg.catholica.va\/en\/wp-json\/wp\/v2\/users\/1"}],"replies":[{"embeddable":true,"href":"https:\/\/centesimusannus-stg.catholica.va\/en\/wp-json\/wp\/v2\/comments?post=4478"}],"version-history":[{"count":0,"href":"https:\/\/centesimusannus-stg.catholica.va\/en\/wp-json\/wp\/v2\/pages\/4478\/revisions"}],"up":[{"embeddable":true,"href":"https:\/\/centesimusannus-stg.catholica.va\/en\/wp-json\/wp\/v2\/pages\/15009"}],"wp:attachment":[{"href":"https:\/\/centesimusannus-stg.catholica.va\/en\/wp-json\/wp\/v2\/media?parent=4478"}],"wp:term":[{"taxonomy":"category","embeddable":true,"href":"https:\/\/centesimusannus-stg.catholica.va\/en\/wp-json\/wp\/v2\/categories?post=4478"},{"taxonomy":"post_tag","embeddable":true,"href":"https:\/\/centesimusannus-stg.catholica.va\/en\/wp-json\/wp\/v2\/tags?post=4478"}],"curies":[{"name":"wp","href":"https:\/\/api.w.org\/{rel}","templated":true}]}}