{"id":4550,"date":"2018-02-12T10:27:55","date_gmt":"2018-02-12T09:27:55","guid":{"rendered":"http:\/\/centesimusannus-stg.catholica.va\/activities\/local-activities\/italy\/treviso\/october-28th-at-17-00-capp-treviso-group-meeting\/"},"modified":"2025-02-05T17:48:11","modified_gmt":"2025-02-05T16:48:11","slug":"october-28th-at-17-00-capp-treviso-group-meeting","status":"publish","type":"page","link":"https:\/\/centesimusannus-stg.catholica.va\/en\/activities\/local\/italy\/treviso\/october-28th-at-17-00-capp-treviso-group-meeting\/","title":{"rendered":"October 28th at 17.00 \u2013 CAPP Treviso Group meeting"},"content":{"rendered":"<p>Cari Amici,<\/p>\n<p>ho il piacere di invitarVi a partecipare alla riunione della Fondazione Centesimus Annus Pro Pontifice per poter dare come gruppo il nostro contributo sui temi \u00a0di seguito elencati.<\/p>\n<p>Sar\u00e0 presente il Dott. Eutimo Tiliacos, Segretario Generale della Fondazione CAPP, che anticiper\u00e0 gli argomenti del prossimo Convegno degli Aderenti Italiani dal titolo:<\/p>\n<p>\u00b7\u00a0\u00a0\u00a0\u00a0\u00a0<strong><a href=\"\/?page_id=4785\" target=\"_blank\" rel=\"noopener\">&#8220;Lavoro, Innovazione, Investimento: si pu\u00f2 affrontare la Precariet\u00e0?&#8221;<\/a><\/strong><\/p>\n<p>che si terr\u00e0 Sabato 19 Novembre a Roma.\u00a0<a href=\"http:\/\/centesimusannus-stg.catholica.va\/media\/2mgef1476776118.pdf\" target=\"_blank\" rel=\"noopener\">Scarica programma.<\/a><\/p>\n<p>Proseguiremo la riunione approfondendo l\u2019argomento gi\u00e0 presentato come gruppo di Treviso al Convegno di Maggio:<\/p>\n<p>\u00b7\u00a0\u00a0\u00a0\u00a0\u00a0\u00a0<strong><a href=\"\/wtn?p=4557\" target=\"_blank\" rel=\"noopener\">Bambini minori stranieri non accompagnati irreperibili\u00a0(MSNA)<\/a><\/strong><\/p>\n<p>con la presenza \u00a0e il coordinamento della Dott. ssa Da Riol &#8211; Gruppo di Lavoro del Bambino Migrante \u2013 Societ\u00e0 Italiana di Pediatria.<\/p>\n<p>L\u2019incontro si svolger\u00e0\u00a0<strong>Venerd\u00ec 28 ottobre p.v. alle ore 17.00<\/strong>\u00a0presso Villa Ego &#8211; Via Schiavonia 143\/7 &#8211; Preganziol (TV).<\/p>\n<p>Proseguir\u00e0 per chi desidera cena conviviale presso \u201cOsteria La Sicilia\u201d sita in Via Santi, 48 \u2013 31030 Dosson di Casier (TV) al costo indicativo di 35 euro a persona.<\/p>\n<p>Ricordo che l\u2019invito \u00e8 strettamente personale.<\/p>\n<p>Ringrazio per l\u2019attenzione e porgo\u00a0i pi\u00f9 cordiali saluti<\/p>\n<p><strong><em>Paola Zuliani<\/em><\/strong><\/p>\n<p>______________________________<\/p>\n<p>Paola Zuliani<\/p>\n<p>Referente di Venezia &#8211; Fondazione Centesimus Annus Pro Pontifice<\/p>\n<p>email: <u><a href=\"mailto:zuliani@wtn.it\" target=\"_blank\" rel=\"noopener\">zuliani@wtn.it<\/a><\/u><\/p>\n<p><u><a href=\"http:\/\/centesimusannus-stg.catholica.va\/\" target=\"_blank\" rel=\"noopener\">centesimusannus-stg.catholica.va<\/a><\/u><\/p>\n","protected":false},"excerpt":{"rendered":"<p>Cari Amici, ho il piacere di invitarVi a partecipare alla riunione della Fondazione Centesimus Annus Pro Pontifice per poter dare come gruppo il nostro contributo sui temi \u00a0di seguito elencati. Sar\u00e0 presente il Dott. Eutimo Tiliacos, Segretario Generale della Fondazione CAPP, che anticiper\u00e0 gli argomenti del prossimo Convegno degli Aderenti Italiani dal titolo: \u00b7\u00a0\u00a0\u00a0\u00a0\u00a0&#8220;Lavoro, Innovazione, Investimento: si pu\u00f2 affrontare la Precariet\u00e0?&#8221; che si terr\u00e0 Sabato 19 Novembre a Roma.\u00a0Scarica programma. Proseguiremo la riunione approfondendo l\u2019argomento gi\u00e0 presentato come gruppo di Treviso al Convegno di Maggio: \u00b7\u00a0\u00a0\u00a0\u00a0\u00a0\u00a0Bambini minori stranieri non accompagnati irreperibili\u00a0(MSNA) con la presenza \u00a0e il coordinamento della Dott. ssa&#8230;<\/p>\n","protected":false},"author":1,"featured_media":0,"parent":15073,"menu_order":23,"comment_status":"closed","ping_status":"closed","template":"","meta":[],"categories":[],"tags":[612],"_links":{"self":[{"href":"https:\/\/centesimusannus-stg.catholica.va\/en\/wp-json\/wp\/v2\/pages\/4550"}],"collection":[{"href":"https:\/\/centesimusannus-stg.catholica.va\/en\/wp-json\/wp\/v2\/pages"}],"about":[{"href":"https:\/\/centesimusannus-stg.catholica.va\/en\/wp-json\/wp\/v2\/types\/page"}],"author":[{"embeddable":true,"href":"https:\/\/centesimusannus-stg.catholica.va\/en\/wp-json\/wp\/v2\/users\/1"}],"replies":[{"embeddable":true,"href":"https:\/\/centesimusannus-stg.catholica.va\/en\/wp-json\/wp\/v2\/comments?post=4550"}],"version-history":[{"count":1,"href":"https:\/\/centesimusannus-stg.catholica.va\/en\/wp-json\/wp\/v2\/pages\/4550\/revisions"}],"predecessor-version":[{"id":22635,"href":"https:\/\/centesimusannus-stg.catholica.va\/en\/wp-json\/wp\/v2\/pages\/4550\/revisions\/22635"}],"up":[{"embeddable":true,"href":"https:\/\/centesimusannus-stg.catholica.va\/en\/wp-json\/wp\/v2\/pages\/15073"}],"wp:attachment":[{"href":"https:\/\/centesimusannus-stg.catholica.va\/en\/wp-json\/wp\/v2\/media?parent=4550"}],"wp:term":[{"taxonomy":"category","embeddable":true,"href":"https:\/\/centesimusannus-stg.catholica.va\/en\/wp-json\/wp\/v2\/categories?post=4550"},{"taxonomy":"post_tag","embeddable":true,"href":"https:\/\/centesimusannus-stg.catholica.va\/en\/wp-json\/wp\/v2\/tags?post=4550"}],"curies":[{"name":"wp","href":"https:\/\/api.w.org\/{rel}","templated":true}]}}