{"id":4579,"date":"2018-02-12T12:50:32","date_gmt":"2018-02-12T11:50:32","guid":{"rendered":"http:\/\/centesimusannus-stg.catholica.va\/activities\/local-activities\/italy\/trento\/cenacle-report-friday-february-8-2013\/"},"modified":"2021-12-29T11:18:10","modified_gmt":"2021-12-29T10:18:10","slug":"cenacle-report-friday-february-8-2013","status":"publish","type":"page","link":"https:\/\/centesimusannus-stg.catholica.va\/en\/activities\/local\/italy\/trento\/cenacle-report-friday-february-8-2013\/","title":{"rendered":"Cenacle Report Friday, February 8, 2013"},"content":{"rendered":"<p><strong>Venerd\u00ec 8 febbraio<\/strong>\u00a0\u00e8 stata una giornata davvero memorabile per\u00a0 la Fondazione Centesimus Annus Pro Pontifice in Trentino Alto Adige-Sued Tirol. A sette anni dalla costituzione a Trento del gruppo originario, possiamo dire che il 2013 si avvia ad essere un anno di svolta, con il seme che sta germogliando anche in Alto Adige Sued Tirol.<\/p>\n<p id=\"yui_3_7_2_1_1360674681176_3230\">Grazie alla straordinaria regia ed aiuto di alcuni Amici Soci o aspiranti tali (Maurizio Silvi, Giorgio Franceschi, Michael Atzwanger, Paul Gasser) siamo riusciti a portare a Bolzano e poi all\u2019Abbazia di Novacella di Bressanone due illustrissimi personaggi del mondo cattolico, osservatori e testimoni della realt\u00e0 contemporanea dal punto di vista economico e geopolitico: l\u2019Ambasciatore Prof. Sergio Vento ed il Prof. Giacomo Vaciago, che non hanno bisogno di presentazione alcuna.<\/p>\n<p id=\"yui_3_7_2_1_1360674681176_3227\">In due ore ed un quarto di cenacolo attentissimo, dove non volava una mosca, ci \u00e8 stato offerto un quadro analitico e lucido della realt\u00e0 contemporanea e degli scenari di crisi che, soltanto attraverso il ritorno ai valori universali del Vangelo \u2013 come ad esempio quello di NON RUBARE \u2013 si pu\u00f2 ritornare ad una normalit\u00e0 anche nel mondo economico e finanziario ed al rispetto del BENE COMUNE.<\/p>\n<p id=\"yui_3_7_2_1_1360674681176_3226\">Il tema della legalit\u00e0, con riferimenti all\u2019ancor oggi attualissimo Diritto Romano \u00e8 stato introdotto dall\u2019Assistente Ecclesiastico per l\u2019Italia della Fondazione, Professore anch\u2019egli, Avvocato Rotale, Don Gianni Fusco.<\/p>\n<p id=\"yui_3_7_2_1_1360674681176_3228\">Egli, con la sua presenza ha voluto suggellare (unitamente all\u2019azione instancabile del Segretario Generale Dr. Massimo Gattamelata), la vicinanza e l\u2019attenzione della Fondazione Vaticana all\u2019attivit\u00e0 che si svolge in questa terra di confine tra il mondo italiano e quello austro-tedesco.<\/p>\n<p id=\"yui_3_7_2_1_1360674681176_3229\">In questo alveo si \u00e8 inserito il Prof. Vaciago, il quale ha sottolineato che, soltanto ispirandosi ai valori della legalit\u00e0, della Dottrina Sociale della Chiesa, si pu\u00f2 ritornare al Valore Bene Comune anche nelle attivit\u00e0 bancarie ed evitare gli scandali come quelli che sono sotto i nostri occhi in questi giorni ed in queste ore. Prof. Vaciago che ha voluto concludere l\u2019incontro con una esortazione alla speranza, perch\u00e9 ci sono i ladri, ma ci sono anche fortunatamente anche tante brave persone e di buona volont\u00e0 del mondo cattolico che possono e debbono giocare un ruolo importante. Messaggio raccolto nelle sue conclusioni da S.E.R. il Vescovo di Bolzano-Bressanone Dr. Ivo Muser, che ha colto gli spunti emersi nel cenacolo per una sua omelia ed il quale si \u00e8 chiesto problematicamente ad alta voce che cosa possa fare la Chiesa per contrastare la deriva del calo dei valori.<\/p>\n<p id=\"yui_3_7_2_1_1360674681176_3270\">Una delle possibili soluzioni \u00e8 stata suggerita proprio dal Prof. Vaciago, il quale ha insistito molto sull\u2019EDUCAZIONE dalle Elementari fino all\u2019Universit\u00e0.<\/p>\n<p id=\"yui_3_7_2_1_1360674681176_3247\">Di grande rilevanza, l\u2019attenzione e la vicinanza con le quali seguono la nostra attivit\u00e0 sia l\u2019Arcivescovo di Trento S.E.R. Mons. Dr. Luigi Bressan sia il Vescovo di Bolzano-Bressanone, Dr. Ivo Muser, che ha voluto essere presente anch\u2019egli all\u2019Abbazia di Novacella e suggellare unitamente all\u2019Abate Dr.Franz Georg\u00a0<strong id=\"yui_3_7_2_1_1360674681176_3272\"><span id=\"yui_3_7_2_1_1360674681176_3271\">Unterga\u00dfmair la vicinanza della Chiesa sudtirolese all\u2019attivit\u00e0 di diffusione culturale-religiosa-economica che anima il nostro agire.<\/span><\/strong><\/p>\n<p id=\"yui_3_7_2_1_1360674681176_3250\"><strong id=\"yui_3_7_2_1_1360674681176_3249\"><span id=\"yui_3_7_2_1_1360674681176_3248\">Mi fa piacere sottolineare questo concetto, parafrasando proprio Michael Atzwanger (anch\u2019egli \u201cfiglio\u201d dell\u2019Universit\u00e0 Cattolica di Milano, come molti soci e simpatizzanti) il quale \u00e8 convinto che lo scopo principale che deve ispirare la nostra azione \u00e8 proprio quello della diffusione di cultura economica, di valori cattolici e continuare a gettare ponti tra il mondo trentino ed altoatesino, come gi\u00e0 fanno alcuni uomini economici di buona volont\u00e0 che, in silenzio e senza clamore, diuturnamente informano la loro attivit\u00e0 all\u2019insegna del dialogo e della convivenza in questa Marca di Frontiera, come l\u2019ha definita l\u2019Ambasciatore Sergio Vento.<\/span><\/strong><\/p>\n<p id=\"yui_3_7_2_1_1360674681176_3256\"><strong id=\"yui_3_7_2_1_1360674681176_3255\"><span id=\"yui_3_7_2_1_1360674681176_3254\">Non \u00e8 nemmeno un caso che fosse presente al cenacolo una delle personalit\u00e0 pi\u00f9 influenti dell\u2019Alto Adige Sued Tirol: il Dr. Michl Ebner, presidente della Camera di Commercio di Bolzano, comproprietario della societ\u00e0 editrice Athesia, insieme al figlio Georg.<\/span><\/strong><\/p>\n<p id=\"yui_3_7_2_1_1360674681176_3259\"><strong id=\"yui_3_7_2_1_1360674681176_3258\"><span id=\"yui_3_7_2_1_1360674681176_3257\">Colgo l\u2019occasione per esprimere il pi\u00f9 vivo ringraziamento ai relatori che ci hanno regalato un momento di elevata riflessione.<\/span><\/strong><\/p>\n<p id=\"yui_3_7_2_1_1360674681176_3268\"><strong id=\"yui_3_7_2_1_1360674681176_3267\"><span id=\"yui_3_7_2_1_1360674681176_3266\">Serata che ha si \u00e8 conclusa in una visita guidata alla cantina dell\u2019Abbazia di Novacella e con un\u2019\u00e0gape fraterna al Pacher Restaurant di Varna di Bressanone.<\/span><\/strong><\/p>\n<p id=\"yui_3_7_2_1_1360674681176_3253\"><strong id=\"yui_3_7_2_1_1360674681176_3252\"><span id=\"yui_3_7_2_1_1360674681176_3251\">Desideravo condividere con Voi tutti questa breve nota e colgo l\u2019occasione per formulare i\u00a0pi\u00f9 cordiali saluti ed auguri di buon lavoro.<\/span><\/strong><\/p>\n<p><strong>Rocco Cerone<\/strong><\/p>\n<p id=\"yui_3_7_2_1_1360674681176_3262\"><strong id=\"yui_3_7_2_1_1360674681176_3261\"><span id=\"yui_3_7_2_1_1360674681176_3260\">(Referente Trento Fondazione Centesimus Annus Pro Pontifice \u2013\u00a0<a id=\"yui_3_7_2_1_1360674681176_3269\" href=\"mailto:rocco@cerone.eu\" target=\"_blank\" rel=\"noopener\">rocco@cerone.eu<\/a>\u00a0\u2013 3355241938)<\/span><\/strong><\/p>\n","protected":false},"excerpt":{"rendered":"<p>Venerd\u00ec 8 febbraio\u00a0\u00e8 stata una giornata davvero memorabile per\u00a0 la Fondazione Centesimus Annus Pro Pontifice in Trentino Alto Adige-Sued Tirol. A sette anni dalla costituzione a Trento del gruppo originario, possiamo dire che il 2013 si avvia ad essere un anno di svolta, con il seme che sta germogliando anche in Alto Adige Sued Tirol. Grazie alla straordinaria regia ed aiuto di alcuni Amici Soci o aspiranti tali (Maurizio Silvi, Giorgio Franceschi, Michael Atzwanger, Paul Gasser) siamo riusciti a portare a Bolzano e poi all\u2019Abbazia di Novacella di Bressanone due illustrissimi personaggi del mondo cattolico, osservatori e testimoni della realt\u00e0&#8230;<\/p>\n","protected":false},"author":1,"featured_media":0,"parent":14975,"menu_order":50,"comment_status":"closed","ping_status":"closed","template":"","meta":[],"categories":[],"tags":[553],"_links":{"self":[{"href":"https:\/\/centesimusannus-stg.catholica.va\/en\/wp-json\/wp\/v2\/pages\/4579"}],"collection":[{"href":"https:\/\/centesimusannus-stg.catholica.va\/en\/wp-json\/wp\/v2\/pages"}],"about":[{"href":"https:\/\/centesimusannus-stg.catholica.va\/en\/wp-json\/wp\/v2\/types\/page"}],"author":[{"embeddable":true,"href":"https:\/\/centesimusannus-stg.catholica.va\/en\/wp-json\/wp\/v2\/users\/1"}],"replies":[{"embeddable":true,"href":"https:\/\/centesimusannus-stg.catholica.va\/en\/wp-json\/wp\/v2\/comments?post=4579"}],"version-history":[{"count":0,"href":"https:\/\/centesimusannus-stg.catholica.va\/en\/wp-json\/wp\/v2\/pages\/4579\/revisions"}],"up":[{"embeddable":true,"href":"https:\/\/centesimusannus-stg.catholica.va\/en\/wp-json\/wp\/v2\/pages\/14975"}],"wp:attachment":[{"href":"https:\/\/centesimusannus-stg.catholica.va\/en\/wp-json\/wp\/v2\/media?parent=4579"}],"wp:term":[{"taxonomy":"category","embeddable":true,"href":"https:\/\/centesimusannus-stg.catholica.va\/en\/wp-json\/wp\/v2\/categories?post=4579"},{"taxonomy":"post_tag","embeddable":true,"href":"https:\/\/centesimusannus-stg.catholica.va\/en\/wp-json\/wp\/v2\/tags?post=4579"}],"curies":[{"name":"wp","href":"https:\/\/api.w.org\/{rel}","templated":true}]}}