{"id":4585,"date":"2018-02-12T14:09:50","date_gmt":"2018-02-12T13:09:50","guid":{"rendered":"http:\/\/centesimusannus-stg.catholica.va\/activities\/local-activities\/italy\/trento\/trento-meeting-15th-november-2013\/"},"modified":"2021-12-29T11:18:55","modified_gmt":"2021-12-29T10:18:55","slug":"trento-meeting-15th-november-2013","status":"publish","type":"page","link":"https:\/\/centesimusannus-stg.catholica.va\/en\/activities\/local\/italy\/trento\/trento-meeting-15th-november-2013\/","title":{"rendered":"Trento meeting 15th November 2013"},"content":{"rendered":"<p>Cari Amici della Fondazione Centesimus Annus,<\/p>\n<p>ho il piacere di invitarVi a partecipare\u00a0<strong>all\u2019incontro venerd\u00ec 15 novembre alle 18.30 presso la sede dell\u2019ISA\u00a0<\/strong>in viale Adriano Olivetti 36 (viale della Costituzione 35 ingresso garage),\u00a0<strong>con l\u2019Assistente Ecclesiastico per l\u2019Italia Don Gianni Fusco\u00a0<\/strong>sul tema cardine della nostra Fondazione:<strong>\u00a0<\/strong><strong>il Bene Comune alla luce della nuova Enciclica del Papa Lumen Fidei.<\/strong><\/p>\n<p><strong>Interverr\u00e0 anche il Segretario Generale Dr. Massimo Gattamelata.<\/strong><\/p>\n<p>L\u2019invito \u00e8 personale, estensibile a persone interessate al tema.<\/p>\n<p>Al termine, ci sar\u00e0 un momento conviviale.<\/p>\n<p><strong><u>Per motivi organizzativi, \u00e8 necessaria la prenotazione.<\/u><\/strong><\/p>\n<p>Prossimi appuntamenti, la messa prenatalizia e un forum in corso di elaborazione su \u201cCredito cooperativo in regione, baluardo alla crisi economica\u201d, che si svolger\u00e0 venerd\u00ec 17 gennaio a Bolzano presso la sede dell\u2019Alpenbank, messa a disposizione dal nostro socio Michael Atzwanger.<\/p>\n<p>Cordiali saluti.<\/p>\n<p>Rocco Cerone<\/p>\n<p>(Referente Trento Fondazione Centesimus Annus Pro Pontifice)<\/p>\n<p><a href=\"http:\/\/centesimusannus-stg.catholica.va\/\" target=\"_blank\" rel=\"noopener\">centesimusannus-stg.catholica.va<\/a><\/p>\n<p>&nbsp;<\/p>\n","protected":false},"excerpt":{"rendered":"<p>Cari Amici della Fondazione Centesimus Annus, ho il piacere di invitarVi a partecipare\u00a0all\u2019incontro venerd\u00ec 15 novembre alle 18.30 presso la sede dell\u2019ISA\u00a0in viale Adriano Olivetti 36 (viale della Costituzione 35 ingresso garage),\u00a0con l\u2019Assistente Ecclesiastico per l\u2019Italia Don Gianni Fusco\u00a0sul tema cardine della nostra Fondazione:\u00a0il Bene Comune alla luce della nuova Enciclica del Papa Lumen Fidei. Interverr\u00e0 anche il Segretario Generale Dr. Massimo Gattamelata. L\u2019invito \u00e8 personale, estensibile a persone interessate al tema. Al termine, ci sar\u00e0 un momento conviviale. Per motivi organizzativi, \u00e8 necessaria la prenotazione. Prossimi appuntamenti, la messa prenatalizia e un forum in corso di elaborazione su \u201cCredito&#8230;<\/p>\n","protected":false},"author":1,"featured_media":0,"parent":14975,"menu_order":42,"comment_status":"closed","ping_status":"closed","template":"","meta":[],"categories":[],"tags":[553],"_links":{"self":[{"href":"https:\/\/centesimusannus-stg.catholica.va\/en\/wp-json\/wp\/v2\/pages\/4585"}],"collection":[{"href":"https:\/\/centesimusannus-stg.catholica.va\/en\/wp-json\/wp\/v2\/pages"}],"about":[{"href":"https:\/\/centesimusannus-stg.catholica.va\/en\/wp-json\/wp\/v2\/types\/page"}],"author":[{"embeddable":true,"href":"https:\/\/centesimusannus-stg.catholica.va\/en\/wp-json\/wp\/v2\/users\/1"}],"replies":[{"embeddable":true,"href":"https:\/\/centesimusannus-stg.catholica.va\/en\/wp-json\/wp\/v2\/comments?post=4585"}],"version-history":[{"count":0,"href":"https:\/\/centesimusannus-stg.catholica.va\/en\/wp-json\/wp\/v2\/pages\/4585\/revisions"}],"up":[{"embeddable":true,"href":"https:\/\/centesimusannus-stg.catholica.va\/en\/wp-json\/wp\/v2\/pages\/14975"}],"wp:attachment":[{"href":"https:\/\/centesimusannus-stg.catholica.va\/en\/wp-json\/wp\/v2\/media?parent=4585"}],"wp:term":[{"taxonomy":"category","embeddable":true,"href":"https:\/\/centesimusannus-stg.catholica.va\/en\/wp-json\/wp\/v2\/categories?post=4585"},{"taxonomy":"post_tag","embeddable":true,"href":"https:\/\/centesimusannus-stg.catholica.va\/en\/wp-json\/wp\/v2\/tags?post=4585"}],"curies":[{"name":"wp","href":"https:\/\/api.w.org\/{rel}","templated":true}]}}