{"id":4591,"date":"2018-02-12T14:17:22","date_gmt":"2018-02-12T13:17:22","guid":{"rendered":"http:\/\/centesimusannus-stg.catholica.va\/activities\/local-activities\/italy\/trento\/october-3rd-2014-trento-meeting-with-prof-franco-dalla-sega\/"},"modified":"2021-12-29T11:15:18","modified_gmt":"2021-12-29T10:15:18","slug":"october-3rd-2014-trento-meeting-with-prof-franco-dalla-sega","status":"publish","type":"page","link":"https:\/\/centesimusannus-stg.catholica.va\/en\/activities\/local\/italy\/trento\/october-3rd-2014-trento-meeting-with-prof-franco-dalla-sega\/","title":{"rendered":"October 3rd 2014 &#8211; Trento meeting with Prof. Franco Dalla Sega"},"content":{"rendered":"<p>Cari Amici della Fondazione Centesimus Annus Pro Pontifice,<\/p>\n<p>Vi ricordo l\u2019incontro con il\u00a0professor Franco Dalla Sega\u00a0<strong>venerd\u00ec 3 ottobre 2014 alle 18<\/strong>\u00a0presso la sede dell\u2019ISA\u00a0di\u00a0Trento sul tema che prende\u00a0lo spunto dalla lettera apostolica in forma di\u00a0<em>motu proprio<\/em>\u00a0del Sommo Pontefice Francesco dello scorso 8 luglio:<em>Fidelis dispensator et prudens<\/em>.<\/p>\n<p>Riflessione che tratter\u00e0 un tema complesso come quello della gestione economico-finanziaria della Santa Sede in termini di principi e di possibili prospettive, con l\u2019ottica del professionista chiamato a prestare la propria consulenza all\u2019interno di un processo di cambiamento rilevante.<\/p>\n<p>Ricordo inoltre anche se pu\u00f2 sembrare pleonastico e ridondante, data l\u2019estrema delicatezza del tema trattato, tra le condizioni necessarie per la buona riuscita della serata \u00e8 indispensabile il rispetto della &#8220;Chatham House Rule&#8221;: ovvero che tutti i partecipanti al meeting si impegnano alla regola della confidenzialit\u00e0 e a non divulgare all\u2019esterno il contenuto della conversazione.<\/p>\n<p>Allego di seguito anche un breve profilo del prof. Franco Dalla Sega.<\/p>\n<p>L\u2019incontro si concluder\u00e0 con un brindisi ed un momento conviviale.<\/p>\n<p>Cordiali saluti.<\/p>\n<p>Rocco Cerone<\/p>\n<p>(referente Trento Fondazione Centesimus Annus Pro Pontifice)<\/p>\n<p><strong>PROFILO<\/strong><\/p>\n<p>Professore associato di Contabilit\u00e0 e bilanci d\u2019impresa nella facolt\u00e0 di\u00a0Giurisprudenza dell\u2019Universit\u00e0 Cattolica del Sacro Cuore di Milano; titolare per affidamento del corso di Tecnica professionale nella facolt\u00e0 di Economia. Docente di Economia e contabilit\u00e0 industriale nella Scuola forense (SSPL).<\/p>\n<p>Componente del Comitato scientifico della Rivista dei dottori commercialisti, del Comitato scientifico della Scuola di Alta Formazione dei Dottori Commercialisti e degli Esperti Contabili di Milano (S.A.F), del Comitato tecnico scientifico dell\u2019Associazione per lo Sviluppo degli Studi di Banca e Borsa (ASSBB), del Comitato direttivo del Centro studi e ricerca in Diritto tributario italiano e comparato dell\u2019Universit\u00e0 Cattolica del Sacro Cuore di Milano.<\/p>\n","protected":false},"excerpt":{"rendered":"<p>Cari Amici della Fondazione Centesimus Annus Pro Pontifice, Vi ricordo l\u2019incontro con il\u00a0professor Franco Dalla Sega\u00a0venerd\u00ec 3 ottobre 2014 alle 18\u00a0presso la sede dell\u2019ISA\u00a0di\u00a0Trento sul tema che prende\u00a0lo spunto dalla lettera apostolica in forma di\u00a0motu proprio\u00a0del Sommo Pontefice Francesco dello scorso 8 luglio:Fidelis dispensator et prudens. Riflessione che tratter\u00e0 un tema complesso come quello della gestione economico-finanziaria della Santa Sede in termini di principi e di possibili prospettive, con l\u2019ottica del professionista chiamato a prestare la propria consulenza all\u2019interno di un processo di cambiamento rilevante. Ricordo inoltre anche se pu\u00f2 sembrare pleonastico e ridondante, data l\u2019estrema delicatezza del tema trattato,&#8230;<\/p>\n","protected":false},"author":1,"featured_media":0,"parent":14975,"menu_order":36,"comment_status":"closed","ping_status":"closed","template":"","meta":[],"categories":[],"tags":[552],"_links":{"self":[{"href":"https:\/\/centesimusannus-stg.catholica.va\/en\/wp-json\/wp\/v2\/pages\/4591"}],"collection":[{"href":"https:\/\/centesimusannus-stg.catholica.va\/en\/wp-json\/wp\/v2\/pages"}],"about":[{"href":"https:\/\/centesimusannus-stg.catholica.va\/en\/wp-json\/wp\/v2\/types\/page"}],"author":[{"embeddable":true,"href":"https:\/\/centesimusannus-stg.catholica.va\/en\/wp-json\/wp\/v2\/users\/1"}],"replies":[{"embeddable":true,"href":"https:\/\/centesimusannus-stg.catholica.va\/en\/wp-json\/wp\/v2\/comments?post=4591"}],"version-history":[{"count":0,"href":"https:\/\/centesimusannus-stg.catholica.va\/en\/wp-json\/wp\/v2\/pages\/4591\/revisions"}],"up":[{"embeddable":true,"href":"https:\/\/centesimusannus-stg.catholica.va\/en\/wp-json\/wp\/v2\/pages\/14975"}],"wp:attachment":[{"href":"https:\/\/centesimusannus-stg.catholica.va\/en\/wp-json\/wp\/v2\/media?parent=4591"}],"wp:term":[{"taxonomy":"category","embeddable":true,"href":"https:\/\/centesimusannus-stg.catholica.va\/en\/wp-json\/wp\/v2\/categories?post=4591"},{"taxonomy":"post_tag","embeddable":true,"href":"https:\/\/centesimusannus-stg.catholica.va\/en\/wp-json\/wp\/v2\/tags?post=4591"}],"curies":[{"name":"wp","href":"https:\/\/api.w.org\/{rel}","templated":true}]}}