{"id":4601,"date":"2018-02-12T14:32:28","date_gmt":"2018-02-12T13:32:28","guid":{"rendered":"http:\/\/centesimusannus-stg.catholica.va\/activities\/local-activities\/italy\/trento\/fcapp-trento-group-project-university-campus-addis-ababa\/"},"modified":"2021-12-29T11:09:33","modified_gmt":"2021-12-29T10:09:33","slug":"fcapp-trento-group-project-university-campus-addis-ababa","status":"publish","type":"page","link":"https:\/\/centesimusannus-stg.catholica.va\/en\/activities\/local\/italy\/trento\/fcapp-trento-group-project-university-campus-addis-ababa\/","title":{"rendered":"FCAPP Trento Group: Project University Campus Addis Ababa"},"content":{"rendered":"<p>UNIVERSITA\u2019 CATTOLICA D\u2019ETIOPIA S. TOMMASO D\u2019AQUINO &#8211; ECUSTA &#8211;\u00a0 ADDIS ABABA<\/p>\n<p>In Etiopia, la Chiesa cattolica, pur essendo minoritaria, \u00e8 molto impegnata nelle attivit\u00e0 formative. A suo tempo, anche con il contributo della Conferenza Episcopale Italiana, si \u00e8 dato avvio ad alcuni corsi di laurea. In questo contesto, nel 2012, su un terreno messo a disposizione dal Governo etiope, \u00e8 cominciato un impegnativo progetto per\u00a0 la realizzazione di un nuovo campus.<\/p>\n<p>Nel 2013, su iniziativa di S.E.R. l\u2019Arcivescovo Silvano Tomasi, gi\u00e0 Nunzio Apostolico ad Addis Ababa ed attuale Nunzio Apostolico presso le Nazioni Unite a Ginevra, il\u00a0<strong>gruppo di Trento della Fondazione Centesimus Annus<\/strong>\u00a0\u00e8 stato coinvolto nell\u2019iniziativa. Si \u00e8 cos\u00ec dato avvio ad una stretta collaborazione\u00a0 e con la onlus trentina \u201c<strong>Dom Franco\u201d,<\/strong>\u00a0assumendosi l\u2019impegno di realizzare ed allestire con arredi ed attrezzature un edificio destinato ad ospitare l\u2019aula magna delle Scuola di medicina e i locali di una piccola clinica di primo soccorso, interna al Campus, con un\u00a0 budget di spesa di circa 430.000 euro.<\/p>\n<p>Grazie ad un importante finanziamento concesso dalla Provincia Autonoma di Trento, al sostegno dell\u2019Arcivescovo di Trento Luigi Bressan, alla attivit\u00e0 del gruppo trentino della Fondazione Centesimus Annus \u2013 Pro Pontifice e dell\u2019Associazione Dom Franco e della Cassa Rurale di Rovereto, sono cominciati i lavori con la previsione di completarli nel corso del\u00a0 2016. In parallelo alle attivit\u00e0 operative si sta cercando di sviluppare tutte le attivit\u00e0 possibili per \u201cdare contenuto\u201d all\u2019iniziativa: progetti formativi, contatti accademici, sviluppo di una rete di partecipazione-collaborazione.<\/p>\n<p><a href=\"http:\/\/centesimusannus-stg.catholica.va\/media\/2newe1450722996.pdf\" target=\"_blank\" rel=\"noopener\">Download pictures<\/a><\/p>\n<p><a href=\"http:\/\/centesimusannus-stg.catholica.va\/media\/2dlvw1450723061.pdf\" target=\"_blank\" rel=\"noopener\">Download rendering<\/a><\/p>\n","protected":false},"excerpt":{"rendered":"<p>UNIVERSITA\u2019 CATTOLICA D\u2019ETIOPIA S. TOMMASO D\u2019AQUINO &#8211; ECUSTA &#8211;\u00a0 ADDIS ABABA In Etiopia, la Chiesa cattolica, pur essendo minoritaria, \u00e8 molto impegnata nelle attivit\u00e0 formative. A suo tempo, anche con il contributo della Conferenza Episcopale Italiana, si \u00e8 dato avvio ad alcuni corsi di laurea. In questo contesto, nel 2012, su un terreno messo a disposizione dal Governo etiope, \u00e8 cominciato un impegnativo progetto per\u00a0 la realizzazione di un nuovo campus. Nel 2013, su iniziativa di S.E.R. l\u2019Arcivescovo Silvano Tomasi, gi\u00e0 Nunzio Apostolico ad Addis Ababa ed attuale Nunzio Apostolico presso le Nazioni Unite a Ginevra, il\u00a0gruppo di Trento della&#8230;<\/p>\n","protected":false},"author":1,"featured_media":0,"parent":14975,"menu_order":30,"comment_status":"closed","ping_status":"closed","template":"","meta":[],"categories":[],"tags":[551],"_links":{"self":[{"href":"https:\/\/centesimusannus-stg.catholica.va\/en\/wp-json\/wp\/v2\/pages\/4601"}],"collection":[{"href":"https:\/\/centesimusannus-stg.catholica.va\/en\/wp-json\/wp\/v2\/pages"}],"about":[{"href":"https:\/\/centesimusannus-stg.catholica.va\/en\/wp-json\/wp\/v2\/types\/page"}],"author":[{"embeddable":true,"href":"https:\/\/centesimusannus-stg.catholica.va\/en\/wp-json\/wp\/v2\/users\/1"}],"replies":[{"embeddable":true,"href":"https:\/\/centesimusannus-stg.catholica.va\/en\/wp-json\/wp\/v2\/comments?post=4601"}],"version-history":[{"count":0,"href":"https:\/\/centesimusannus-stg.catholica.va\/en\/wp-json\/wp\/v2\/pages\/4601\/revisions"}],"up":[{"embeddable":true,"href":"https:\/\/centesimusannus-stg.catholica.va\/en\/wp-json\/wp\/v2\/pages\/14975"}],"wp:attachment":[{"href":"https:\/\/centesimusannus-stg.catholica.va\/en\/wp-json\/wp\/v2\/media?parent=4601"}],"wp:term":[{"taxonomy":"category","embeddable":true,"href":"https:\/\/centesimusannus-stg.catholica.va\/en\/wp-json\/wp\/v2\/categories?post=4601"},{"taxonomy":"post_tag","embeddable":true,"href":"https:\/\/centesimusannus-stg.catholica.va\/en\/wp-json\/wp\/v2\/tags?post=4601"}],"curies":[{"name":"wp","href":"https:\/\/api.w.org\/{rel}","templated":true}]}}