{"id":4607,"date":"2018-02-12T14:36:24","date_gmt":"2018-02-12T13:36:24","guid":{"rendered":"http:\/\/centesimusannus-stg.catholica.va\/activities\/local-activities\/slovakia\/family-as-foundation-for-renewed-economic-growth-in-europe-june-12nd-2014-bratislava\/"},"modified":"2021-12-29T11:56:43","modified_gmt":"2021-12-29T10:56:43","slug":"family-as-foundation-for-renewed-economic-growth-in-europe-june-12nd-2014-bratislava","status":"publish","type":"page","link":"https:\/\/centesimusannus-stg.catholica.va\/en\/activities\/local\/slovakia\/family-as-foundation-for-renewed-economic-growth-in-europe-june-12nd-2014-bratislava\/","title":{"rendered":"FAMILY AS FOUNDATION FOR RENEWED ECONOMIC GROWTH IN EUROPE. JUNE 12ND 2014 BRATISLAVA"},"content":{"rendered":"<p><strong>&#8220;Family as Foundation for Renewed Economic Growth in Europe&#8221;<\/strong><\/p>\n<p>Members of Centesimus Annus Pro Pontifice &#8211; Slovak Chapter Chapter, in cooperation with Konrad Adenauer Foundation and Central European Business and Social Initiative, organized an International Economic Conference\u00a0<strong>&#8220;Family as Foundation for Renewed Economic Growth in Europe&#8221;\u00a0<\/strong>on 12. June 2014 in Bratislava, hosting speakers, professors, experts, entrepreneurs, businessmen and politicians from Ukraine, Austria, Italy, Slovakia and United states of America.<\/p>\n<p>Following Address of Pope Francis to Participants of Centesimus Annus Pro Pontifice Annual Meeting in Rome in May 2014, conference focused on combining theoretical and practical aspects of Economic and Moral Values in the areas of Family, Christian Community and Society. Part of the discussions focused on implementing Christian values in the areas of Social, Economic and Political Life, with particular discussions about the role of Family in Contemporary Society.<\/p>\n<p>Distinguished panelists included\u00a0<strong>Professor Stefano Zamagni<\/strong>\u00a0&#8211; Vice-Director, School of Advanced International Studies, Johns Hopkins University, Professor of Economy at Bologna university,\u00a0<strong>\u013dudov\u00edt \u00d3dor &#8211;<\/strong>\u00a0Member of the Council for Budget Responsibility,\u00a0<strong>Fr. Marcel Guarnizo<\/strong>\u00a0&#8211;\u00a0Pro-Europa Foundation,\u00a0<strong>Christiaan W.J.M. Alting von Geusau\u00a0<\/strong>&#8211;\u00a0President of International Theological Institute Trumau,\u00a0<strong>H.E. Mons. Cyril Vasi\u013e SJ\u00a0<\/strong>&#8211;\u00a0Secretary of the Congregation for the Oriental Churches,\u00a0<strong>Patrik Dani\u0161ka\u00a0<\/strong>&#8211;\u00a0Director of Human Rights and Family Policy Institute,\u00a0<strong>Fr. Yuriy Kolasa\u00a0<\/strong>&#8211;\u00a0International Theological Institute Trumau, Protosyncellus \/ Vicar general for the Byzantine Catholics in Austria and\u00a0<strong>Mons. Luis Okulik<\/strong>\u00a0&#8211; Secretary of the Social Affairs Commission at the Council of European Bishops\u2019 Conferences.<\/p>\n<p>Several leading political figures have attended the conference, including Advisor to the Prime Minister, former Prime Minister of Slovakia, former Ministers of Interior, Education, as well as several Members of National Council and of European Parliament. Auxiliary Bishop of Bratislava\u00a0<strong>H.E. Jozef Halko<\/strong>\u00a0participated in the working breakfast, Apostolic Nuncius to Slovakia H.E.\u00a0<strong>Mario Giordana\u00a0<\/strong>and Minister of Justice<strong>\u00a0Tomas Borec<\/strong>\u00a0greeted participants of the conference with personal letters and Secretary General of the Foundation<strong>\u00a0<\/strong><strong>Massimo Gattamelata<\/strong>\u00a0represented the foundation headquarters during the conference. Members of the Foundation informed Bratislava\u00a0<strong>Archbishop Stanislav Zvolensky<\/strong>\u00a0and Apostolic Nuncius to Slovakia about the outcomes of the conference in individual follow-up meetings.<\/p>\n<p>&nbsp;<\/p>\n<p><strong>Local Coordinator<\/strong><\/p>\n<p>Mr. Ondrej Socuvka<\/p>\n<p>(CAPPF \u00a0SLOVAKIA coordinator)<\/p>\n<p><a href=\"http:\/\/centesimusannus-stg.catholica.va\/media\/2jdtm1404717182.pdf\" target=\"_blank\" rel=\"noopener\">Download Program<\/a><\/p>\n<p><a href=\"http:\/\/centesimusannus-stg.catholica.va\/media\/2ohdt1404717810.pdf\" target=\"_blank\" rel=\"noopener\">Download Invitation<\/a><\/p>\n<h2 class=\"sottotitolo\">PHOTO:<\/h2>\n<div class=\"elenco_foto\"><a class=\"photo_gallery\" title=\"\" href=\"http:\/\/centesimusannus-stg.catholica.va\/media\/1hqjr1406532471.jpg\" rel=\"shadowbox[photogallery]\"><img class=\"lazyload\" src=\"data:image\/gif;base64,R0lGODlhAQABAIAAAAAAAP\/\/\/yH5BAEAAAAALAAAAAABAAEAAAIBRAA7\" data-src=\"http:\/\/centesimusannus-stg.catholica.va\/media\/imgresize.php?src=..\/media\/1hqjr1406532471.jpg&amp;w=222&amp;h=180\" alt=\"\" \/><noscript><img class=\"lazyload\" src=\"http:\/\/centesimusannus-stg.catholica.va\/media\/imgresize.php?src=..\/media\/1hqjr1406532471.jpg&amp;w=222&amp;h=180\" alt=\"\" \/><\/noscript><\/a><a class=\"photo_gallery\" title=\"\" href=\"http:\/\/centesimusannus-stg.catholica.va\/media\/1glvz1406532499.jpg\" rel=\"shadowbox[photogallery]\"><img class=\"lazyload\" src=\"data:image\/gif;base64,R0lGODlhAQABAIAAAAAAAP\/\/\/yH5BAEAAAAALAAAAAABAAEAAAIBRAA7\" data-src=\"http:\/\/centesimusannus-stg.catholica.va\/media\/imgresize.php?src=..\/media\/1glvz1406532499.jpg&amp;w=222&amp;h=180\" alt=\"\" \/><noscript><img class=\"lazyload\" src=\"http:\/\/centesimusannus-stg.catholica.va\/media\/imgresize.php?src=..\/media\/1glvz1406532499.jpg&amp;w=222&amp;h=180\" alt=\"\" \/><\/noscript><\/a><a class=\"photo_gallery\" title=\"\" href=\"http:\/\/centesimusannus-stg.catholica.va\/media\/1fnmu1406532512.jpg\" rel=\"shadowbox[photogallery]\"><img class=\"lazyload\" src=\"data:image\/gif;base64,R0lGODlhAQABAIAAAAAAAP\/\/\/yH5BAEAAAAALAAAAAABAAEAAAIBRAA7\" data-src=\"http:\/\/centesimusannus-stg.catholica.va\/media\/imgresize.php?src=..\/media\/1fnmu1406532512.jpg&amp;w=222&amp;h=180\" alt=\"\" \/><noscript><img class=\"lazyload\" src=\"http:\/\/centesimusannus-stg.catholica.va\/media\/imgresize.php?src=..\/media\/1fnmu1406532512.jpg&amp;w=222&amp;h=180\" alt=\"\" \/><\/noscript><\/a><a class=\"photo_gallery\" title=\"\" href=\"http:\/\/centesimusannus-stg.catholica.va\/media\/1fbug1406532527.jpg\" rel=\"shadowbox[photogallery]\"><img class=\"lazyload\" src=\"data:image\/gif;base64,R0lGODlhAQABAIAAAAAAAP\/\/\/yH5BAEAAAAALAAAAAABAAEAAAIBRAA7\" data-src=\"http:\/\/centesimusannus-stg.catholica.va\/media\/imgresize.php?src=..\/media\/1fbug1406532527.jpg&amp;w=222&amp;h=180\" alt=\"\" \/><noscript><img class=\"lazyload\" src=\"http:\/\/centesimusannus-stg.catholica.va\/media\/imgresize.php?src=..\/media\/1fbug1406532527.jpg&amp;w=222&amp;h=180\" alt=\"\" \/><\/noscript><\/a><a class=\"photo_gallery\" title=\"\" href=\"http:\/\/centesimusannus-stg.catholica.va\/media\/1eciy1406532545.jpg\" rel=\"shadowbox[photogallery]\"><img class=\"lazyload\" src=\"data:image\/gif;base64,R0lGODlhAQABAIAAAAAAAP\/\/\/yH5BAEAAAAALAAAAAABAAEAAAIBRAA7\" data-src=\"http:\/\/centesimusannus-stg.catholica.va\/media\/imgresize.php?src=..\/media\/1eciy1406532545.jpg&amp;w=222&amp;h=180\" alt=\"\" \/><noscript><img class=\"lazyload\" src=\"http:\/\/centesimusannus-stg.catholica.va\/media\/imgresize.php?src=..\/media\/1eciy1406532545.jpg&amp;w=222&amp;h=180\" alt=\"\" \/><\/noscript><\/a><a class=\"photo_gallery\" title=\"\" href=\"http:\/\/centesimusannus-stg.catholica.va\/media\/1siar1406532563.jpg\" rel=\"shadowbox[photogallery]\"><img class=\"lazyload\" src=\"data:image\/gif;base64,R0lGODlhAQABAIAAAAAAAP\/\/\/yH5BAEAAAAALAAAAAABAAEAAAIBRAA7\" data-src=\"http:\/\/centesimusannus-stg.catholica.va\/media\/imgresize.php?src=..\/media\/1siar1406532563.jpg&amp;w=222&amp;h=180\" alt=\"\" \/><noscript><img class=\"lazyload\" src=\"http:\/\/centesimusannus-stg.catholica.va\/media\/imgresize.php?src=..\/media\/1siar1406532563.jpg&amp;w=222&amp;h=180\" alt=\"\" \/><\/noscript><\/a><a class=\"photo_gallery\" title=\"\" href=\"http:\/\/centesimusannus-stg.catholica.va\/media\/1qwzc1406532580.jpg\" rel=\"shadowbox[photogallery]\"><img class=\"lazyload\" src=\"data:image\/gif;base64,R0lGODlhAQABAIAAAAAAAP\/\/\/yH5BAEAAAAALAAAAAABAAEAAAIBRAA7\" data-src=\"http:\/\/centesimusannus-stg.catholica.va\/media\/imgresize.php?src=..\/media\/1qwzc1406532580.jpg&amp;w=222&amp;h=180\" alt=\"\" \/><noscript><img class=\"lazyload\" src=\"http:\/\/centesimusannus-stg.catholica.va\/media\/imgresize.php?src=..\/media\/1qwzc1406532580.jpg&amp;w=222&amp;h=180\" alt=\"\" \/><\/noscript><\/a><a class=\"photo_gallery\" title=\"\" href=\"http:\/\/centesimusannus-stg.catholica.va\/media\/1zfty1406532597.jpg\" rel=\"shadowbox[photogallery]\"><img class=\"lazyload\" src=\"data:image\/gif;base64,R0lGODlhAQABAIAAAAAAAP\/\/\/yH5BAEAAAAALAAAAAABAAEAAAIBRAA7\" data-src=\"http:\/\/centesimusannus-stg.catholica.va\/media\/imgresize.php?src=..\/media\/1zfty1406532597.jpg&amp;w=222&amp;h=180\" alt=\"\" \/><noscript><img class=\"lazyload\" src=\"http:\/\/centesimusannus-stg.catholica.va\/media\/imgresize.php?src=..\/media\/1zfty1406532597.jpg&amp;w=222&amp;h=180\" alt=\"\" \/><\/noscript><\/a><a class=\"photo_gallery\" title=\"\" href=\"http:\/\/centesimusannus-stg.catholica.va\/media\/1lylf1406532614.jpg\" rel=\"shadowbox[photogallery]\"><img class=\"lazyload\" src=\"data:image\/gif;base64,R0lGODlhAQABAIAAAAAAAP\/\/\/yH5BAEAAAAALAAAAAABAAEAAAIBRAA7\" data-src=\"http:\/\/centesimusannus-stg.catholica.va\/media\/imgresize.php?src=..\/media\/1lylf1406532614.jpg&amp;w=222&amp;h=180\" alt=\"\" \/><noscript><img class=\"lazyload\" src=\"http:\/\/centesimusannus-stg.catholica.va\/media\/imgresize.php?src=..\/media\/1lylf1406532614.jpg&amp;w=222&amp;h=180\" alt=\"\" \/><\/noscript><\/a><a class=\"photo_gallery\" title=\"\" href=\"http:\/\/centesimusannus-stg.catholica.va\/media\/1nbew1406532631.jpg\" rel=\"shadowbox[photogallery]\"><img class=\"lazyload\" src=\"data:image\/gif;base64,R0lGODlhAQABAIAAAAAAAP\/\/\/yH5BAEAAAAALAAAAAABAAEAAAIBRAA7\" data-src=\"http:\/\/centesimusannus-stg.catholica.va\/media\/imgresize.php?src=..\/media\/1nbew1406532631.jpg&amp;w=222&amp;h=180\" alt=\"\" \/><noscript><img class=\"lazyload\" src=\"http:\/\/centesimusannus-stg.catholica.va\/media\/imgresize.php?src=..\/media\/1nbew1406532631.jpg&amp;w=222&amp;h=180\" alt=\"\" \/><\/noscript><\/a><a class=\"photo_gallery\" title=\"\" href=\"http:\/\/centesimusannus-stg.catholica.va\/media\/1qiuq1406532648.jpg\" rel=\"shadowbox[photogallery]\"><img class=\"lazyload\" src=\"data:image\/gif;base64,R0lGODlhAQABAIAAAAAAAP\/\/\/yH5BAEAAAAALAAAAAABAAEAAAIBRAA7\" data-src=\"http:\/\/centesimusannus-stg.catholica.va\/media\/imgresize.php?src=..\/media\/1qiuq1406532648.jpg&amp;w=222&amp;h=180\" alt=\"\" \/><noscript><img class=\"lazyload\" src=\"http:\/\/centesimusannus-stg.catholica.va\/media\/imgresize.php?src=..\/media\/1qiuq1406532648.jpg&amp;w=222&amp;h=180\" alt=\"\" \/><\/noscript><\/a><a class=\"photo_gallery\" title=\"\" href=\"http:\/\/centesimusannus-stg.catholica.va\/media\/1djru1406532666.jpg\" rel=\"shadowbox[photogallery]\"><img class=\"lazyload\" src=\"data:image\/gif;base64,R0lGODlhAQABAIAAAAAAAP\/\/\/yH5BAEAAAAALAAAAAABAAEAAAIBRAA7\" data-src=\"http:\/\/centesimusannus-stg.catholica.va\/media\/imgresize.php?src=..\/media\/1djru1406532666.jpg&amp;w=222&amp;h=180\" alt=\"\" \/><noscript><img class=\"lazyload\" src=\"http:\/\/centesimusannus-stg.catholica.va\/media\/imgresize.php?src=..\/media\/1djru1406532666.jpg&amp;w=222&amp;h=180\" alt=\"\" \/><\/noscript><\/a><a class=\"photo_gallery\" title=\"\" href=\"http:\/\/centesimusannus-stg.catholica.va\/media\/1kqsr1406532682.jpg\" rel=\"shadowbox[photogallery]\"><img class=\"lazyload\" src=\"data:image\/gif;base64,R0lGODlhAQABAIAAAAAAAP\/\/\/yH5BAEAAAAALAAAAAABAAEAAAIBRAA7\" data-src=\"http:\/\/centesimusannus-stg.catholica.va\/media\/imgresize.php?src=..\/media\/1kqsr1406532682.jpg&amp;w=222&amp;h=180\" alt=\"\" \/><noscript><img class=\"lazyload\" src=\"http:\/\/centesimusannus-stg.catholica.va\/media\/imgresize.php?src=..\/media\/1kqsr1406532682.jpg&amp;w=222&amp;h=180\" alt=\"\" \/><\/noscript><\/a><a class=\"photo_gallery\" title=\"\" href=\"http:\/\/centesimusannus-stg.catholica.va\/media\/1krlj1406532699.jpg\" rel=\"shadowbox[photogallery]\"><img class=\"lazyload\" src=\"data:image\/gif;base64,R0lGODlhAQABAIAAAAAAAP\/\/\/yH5BAEAAAAALAAAAAABAAEAAAIBRAA7\" data-src=\"http:\/\/centesimusannus-stg.catholica.va\/media\/imgresize.php?src=..\/media\/1krlj1406532699.jpg&amp;w=222&amp;h=180\" alt=\"\" \/><noscript><img class=\"lazyload\" src=\"http:\/\/centesimusannus-stg.catholica.va\/media\/imgresize.php?src=..\/media\/1krlj1406532699.jpg&amp;w=222&amp;h=180\" alt=\"\" \/><\/noscript><\/a><\/div>\n","protected":false},"excerpt":{"rendered":"<p>&#8220;Family as Foundation for Renewed Economic Growth in Europe&#8221; Members of Centesimus Annus Pro Pontifice &#8211; Slovak Chapter Chapter, in cooperation with Konrad Adenauer Foundation and Central European Business and Social Initiative, organized an International Economic Conference\u00a0&#8220;Family as Foundation for Renewed Economic Growth in Europe&#8221;\u00a0on 12. June 2014 in Bratislava, hosting speakers, professors, experts, entrepreneurs, businessmen and politicians from Ukraine, Austria, Italy, Slovakia and United states of America. Following Address of Pope Francis to Participants of Centesimus Annus Pro Pontifice Annual Meeting in Rome in May 2014, conference focused on combining theoretical and practical aspects of Economic and Moral Values&#8230;<\/p>\n","protected":false},"author":1,"featured_media":0,"parent":16108,"menu_order":0,"comment_status":"closed","ping_status":"closed","template":"","meta":[],"categories":[],"tags":[521],"_links":{"self":[{"href":"https:\/\/centesimusannus-stg.catholica.va\/en\/wp-json\/wp\/v2\/pages\/4607"}],"collection":[{"href":"https:\/\/centesimusannus-stg.catholica.va\/en\/wp-json\/wp\/v2\/pages"}],"about":[{"href":"https:\/\/centesimusannus-stg.catholica.va\/en\/wp-json\/wp\/v2\/types\/page"}],"author":[{"embeddable":true,"href":"https:\/\/centesimusannus-stg.catholica.va\/en\/wp-json\/wp\/v2\/users\/1"}],"replies":[{"embeddable":true,"href":"https:\/\/centesimusannus-stg.catholica.va\/en\/wp-json\/wp\/v2\/comments?post=4607"}],"version-history":[{"count":0,"href":"https:\/\/centesimusannus-stg.catholica.va\/en\/wp-json\/wp\/v2\/pages\/4607\/revisions"}],"up":[{"embeddable":true,"href":"https:\/\/centesimusannus-stg.catholica.va\/en\/wp-json\/wp\/v2\/pages\/16108"}],"wp:attachment":[{"href":"https:\/\/centesimusannus-stg.catholica.va\/en\/wp-json\/wp\/v2\/media?parent=4607"}],"wp:term":[{"taxonomy":"category","embeddable":true,"href":"https:\/\/centesimusannus-stg.catholica.va\/en\/wp-json\/wp\/v2\/categories?post=4607"},{"taxonomy":"post_tag","embeddable":true,"href":"https:\/\/centesimusannus-stg.catholica.va\/en\/wp-json\/wp\/v2\/tags?post=4607"}],"curies":[{"name":"wp","href":"https:\/\/api.w.org\/{rel}","templated":true}]}}