{"id":4623,"date":"2018-02-12T14:49:33","date_gmt":"2018-02-12T13:49:33","guid":{"rendered":"http:\/\/centesimusannus-stg.catholica.va\/activities\/local-activities\/spain\/chairmans-christmas-greetings-to-spanish-members\/"},"modified":"2025-03-07T17:34:29","modified_gmt":"2025-03-07T16:34:29","slug":"chairmans-christmas-greetings-to-spanish-members","status":"publish","type":"page","link":"https:\/\/centesimusannus-stg.catholica.va\/en\/activities\/local\/spain\/chairmans-christmas-greetings-to-spanish-members\/","title":{"rendered":"CHAIRMAN\u2019S CHRISTMAS GREETINGS TO SPANISH MEMBERS"},"content":{"rendered":"<p>Queridos amigos:<\/p>\n<p>Unas breves l\u00edneas para desearos una santa fiesta de Navidad y enviaros mi m\u00e1s cordial y afectuoso saludo. Espero que, a pesar del entorno econ\u00f3mico y social tan dif\u00edcil, 2011 nos traiga entre otros muchos bienes unos avances importantes de nuestra formaci\u00f3n en la doctrina social de la Iglesia y de nuestra labor evangelizadora como responsables y animadores de la Fundaci\u00f3n Centesimus Annus Pro Pontifice.<\/p>\n<p>En los pr\u00f3ximos d\u00edas os llegar\u00e1 una comunicaci\u00f3n de nuestro Secretario General en la que se anuncia y se razona el tema del encuentro internacional del pr\u00f3ximo a\u00f1o, que tendr\u00e1 lugar en la primera quincena de octubre: &#8220;Familia, empresa: nuevas solidaridades para superar la crisis. A los veinte a\u00f1os de Centesimus Annus&#8221;. Como ver\u00e9is, se prev\u00e9 un programa un poco m\u00e1s amplio que permitir\u00e1 mayor intercambio personal entre participantes.<\/p>\n<p>Seguimos avanzando por otro lado en el proyecto de curso on line de doctrina social para responsables econ\u00f3micos, en colaboraci\u00f3n con la Pontificia Universidad Lateranense. Esperamos lanzar la versi\u00f3n en italiano en el \u00faltimo trimestre 2011 y poder disponer cuanto antes de una versi\u00f3n en espa\u00f1ol, probablemente en colaboraci\u00f3n con una instituci\u00f3n universitaria de nuestro entorno.<\/p>\n<p>Tambi\u00e9n espero que se pueda organizar en 2011 un encuentro de los socios de la Fundaci\u00f3n en Espa\u00f1a, para lo que tenemos la satisfacci\u00f3n de contar, adem\u00e1s de los grupos activos en Barcelona y Madrid, con un nuevo n\u00facleo importante en Valencia.<\/p>\n<p>Me permito adjuntaros el texto de mi intervenci\u00f3n en el reciente congreso Cat\u00f3licos y Vida P\u00fablica \u201d\u00bfUN LUGAR PARA LA CARIDAD EN LA VIDA EMPRESARIAL?\u201d- en el que me encontr\u00e9 con Jos\u00e9 Cosme de Valencia &#8211; y, agradeciendo vuestra fiel dedicaci\u00f3n a este esfuerzo, reitero mis mejores deseos de felices fiestas. Un fuerte abrazo<\/p>\n<p>Domingo Sugranyes<\/p>\n","protected":false},"excerpt":{"rendered":"<p>Queridos amigos: Unas breves l\u00edneas para desearos una santa fiesta de Navidad y enviaros mi m\u00e1s cordial y afectuoso saludo. Espero que, a pesar del entorno econ\u00f3mico y social tan dif\u00edcil, 2011 nos traiga entre otros muchos bienes unos avances importantes de nuestra formaci\u00f3n en la doctrina social de la Iglesia y de nuestra labor evangelizadora como responsables y animadores de la Fundaci\u00f3n Centesimus Annus Pro Pontifice. En los pr\u00f3ximos d\u00edas os llegar\u00e1 una comunicaci\u00f3n de nuestro Secretario General en la que se anuncia y se razona el tema del encuentro internacional del pr\u00f3ximo a\u00f1o, que tendr\u00e1 lugar en la&#8230;<\/p>\n","protected":false},"author":1,"featured_media":0,"parent":15580,"menu_order":26,"comment_status":"closed","ping_status":"closed","template":"","meta":[],"categories":[32],"tags":[2745,256],"_links":{"self":[{"href":"https:\/\/centesimusannus-stg.catholica.va\/en\/wp-json\/wp\/v2\/pages\/4623"}],"collection":[{"href":"https:\/\/centesimusannus-stg.catholica.va\/en\/wp-json\/wp\/v2\/pages"}],"about":[{"href":"https:\/\/centesimusannus-stg.catholica.va\/en\/wp-json\/wp\/v2\/types\/page"}],"author":[{"embeddable":true,"href":"https:\/\/centesimusannus-stg.catholica.va\/en\/wp-json\/wp\/v2\/users\/1"}],"replies":[{"embeddable":true,"href":"https:\/\/centesimusannus-stg.catholica.va\/en\/wp-json\/wp\/v2\/comments?post=4623"}],"version-history":[{"count":1,"href":"https:\/\/centesimusannus-stg.catholica.va\/en\/wp-json\/wp\/v2\/pages\/4623\/revisions"}],"predecessor-version":[{"id":22956,"href":"https:\/\/centesimusannus-stg.catholica.va\/en\/wp-json\/wp\/v2\/pages\/4623\/revisions\/22956"}],"up":[{"embeddable":true,"href":"https:\/\/centesimusannus-stg.catholica.va\/en\/wp-json\/wp\/v2\/pages\/15580"}],"wp:attachment":[{"href":"https:\/\/centesimusannus-stg.catholica.va\/en\/wp-json\/wp\/v2\/media?parent=4623"}],"wp:term":[{"taxonomy":"category","embeddable":true,"href":"https:\/\/centesimusannus-stg.catholica.va\/en\/wp-json\/wp\/v2\/categories?post=4623"},{"taxonomy":"post_tag","embeddable":true,"href":"https:\/\/centesimusannus-stg.catholica.va\/en\/wp-json\/wp\/v2\/tags?post=4623"}],"curies":[{"name":"wp","href":"https:\/\/api.w.org\/{rel}","templated":true}]}}