{"id":4636,"date":"2018-02-12T14:57:37","date_gmt":"2018-02-12T13:57:37","guid":{"rendered":"http:\/\/centesimusannus-stg.catholica.va\/activities\/local-activities\/spain\/current-activities-of-fcapp-groups-in-spain\/"},"modified":"2025-03-07T17:34:58","modified_gmt":"2025-03-07T16:34:58","slug":"current-activities-of-fcapp-groups-in-spain","status":"publish","type":"page","link":"https:\/\/centesimusannus-stg.catholica.va\/en\/activities\/local\/spain\/current-activities-of-fcapp-groups-in-spain\/","title":{"rendered":"2015 &#8211; CURRENT ACTIVITIES OF FCAPP GROUPS IN SPAIN"},"content":{"rendered":"<p><strong>CURRENT ACTIVITIES OF FCAPP GROUPS IN SPAIN<\/strong><\/p>\n<p id=\"yui_3_16_0_1_1426750970500_1951\"><strong>Barcelona<\/strong><\/p>\n<p id=\"yui_3_16_0_1_1426750970500_1954\"><span id=\"yui_3_16_0_1_1426750970500_1953\">The Group chaired by Ignasi Garc\u00eda Clavel meets regularly every month and has included a number of new members and friends. With the actual assistance of Fr. Jes\u00fas Renau sj the group is presently discussing social aspects of the documents issued by the Synod on the Family.<\/span><\/p>\n<p id=\"yui_3_16_0_1_1426750970500_1955\"><strong>Madrid<\/strong><\/p>\n<p id=\"yui_3_16_0_1_1426750970500_1958\"><span id=\"yui_3_16_0_1_1426750970500_1957\">The Group convened by Alfonso Carcasona meets once a month with ecclesiastical assistant Rev. Jos\u00e9 Manuel Aparicio, professor at the Comillas University and parish priest at Tres Cantos near Madrid. The discussions are taking place currently around Pope Francis\u2019 sentence in Evangelii Gaudium\u00a0 \u201dThou shalt not to an economy of exclusion and inequality &#8211;<\/span><\/p>\n<p id=\"yui_3_16_0_1_1426750970500_1960\"><span id=\"yui_3_16_0_1_1426750970500_1959\">such an economy kills\u201d. The group has organized presentations from different perspectives and then tries to reflect on conclusions from each case; meetings have taken place with the people in charge of the Community of San Egidio in Madrid, with entrepreneur and past-president of Circulo de Empresarios Mrs. M\u00f3nica Oriol, and with Fr. Luis Lezama, a priest who created a succesful business with socially handicapped people.<\/span><\/p>\n<p id=\"yui_3_16_0_1_1426750970500_1961\"><strong>M\u00e1laga<\/strong><\/p>\n<p id=\"yui_3_16_0_1_1426750970500_1964\"><span id=\"yui_3_16_0_1_1426750970500_1963\">The Group convened by Jos\u00e9 Alba meets regularly with ecclesiastical assistant Fr. Fernando del Castillo, parish priest of San Miguel. The chosen subject are the economic and social aspects of the family, also in relation with the Synod documents. The group plans to hold a meeting in the near future on this subject with Cardinal Fernando Sebasti\u00e1n, a retired Archbishop who resides in Malaga and is actively involved in the Synod\u2019s debates.<\/span><\/p>\n<p><strong>Valencia<\/strong><\/p>\n<p>The Group being convened by ecclesiastical assistant Fr. Jos\u00e9 Luis S\u00e1nchez, Vice-Rector of the Catholic University of S. Vicente M\u00e1rtir, and by Jos\u00e9 Cosme recently met with the new Archbishop, Cardinal Ca\u00f1izares, and plans to resume its activity with the preparation and attending the Foundation\u2019s international conference.<\/p>\n<p>March 2015<\/p>\n","protected":false},"excerpt":{"rendered":"<p>CURRENT ACTIVITIES OF FCAPP GROUPS IN SPAIN Barcelona The Group chaired by Ignasi Garc\u00eda Clavel meets regularly every month and has included a number of new members and friends. With the actual assistance of Fr. Jes\u00fas Renau sj the group is presently discussing social aspects of the documents issued by the Synod on the Family. Madrid The Group convened by Alfonso Carcasona meets once a month with ecclesiastical assistant Rev. Jos\u00e9 Manuel Aparicio, professor at the Comillas University and parish priest at Tres Cantos near Madrid. The discussions are taking place currently around Pope Francis\u2019 sentence in Evangelii Gaudium\u00a0 \u201dThou&#8230;<\/p>\n","protected":false},"author":1,"featured_media":0,"parent":15580,"menu_order":5,"comment_status":"closed","ping_status":"closed","template":"","meta":[],"categories":[32],"tags":[2743,256],"_links":{"self":[{"href":"https:\/\/centesimusannus-stg.catholica.va\/en\/wp-json\/wp\/v2\/pages\/4636"}],"collection":[{"href":"https:\/\/centesimusannus-stg.catholica.va\/en\/wp-json\/wp\/v2\/pages"}],"about":[{"href":"https:\/\/centesimusannus-stg.catholica.va\/en\/wp-json\/wp\/v2\/types\/page"}],"author":[{"embeddable":true,"href":"https:\/\/centesimusannus-stg.catholica.va\/en\/wp-json\/wp\/v2\/users\/1"}],"replies":[{"embeddable":true,"href":"https:\/\/centesimusannus-stg.catholica.va\/en\/wp-json\/wp\/v2\/comments?post=4636"}],"version-history":[{"count":1,"href":"https:\/\/centesimusannus-stg.catholica.va\/en\/wp-json\/wp\/v2\/pages\/4636\/revisions"}],"predecessor-version":[{"id":22958,"href":"https:\/\/centesimusannus-stg.catholica.va\/en\/wp-json\/wp\/v2\/pages\/4636\/revisions\/22958"}],"up":[{"embeddable":true,"href":"https:\/\/centesimusannus-stg.catholica.va\/en\/wp-json\/wp\/v2\/pages\/15580"}],"wp:attachment":[{"href":"https:\/\/centesimusannus-stg.catholica.va\/en\/wp-json\/wp\/v2\/media?parent=4636"}],"wp:term":[{"taxonomy":"category","embeddable":true,"href":"https:\/\/centesimusannus-stg.catholica.va\/en\/wp-json\/wp\/v2\/categories?post=4636"},{"taxonomy":"post_tag","embeddable":true,"href":"https:\/\/centesimusannus-stg.catholica.va\/en\/wp-json\/wp\/v2\/tags?post=4636"}],"curies":[{"name":"wp","href":"https:\/\/api.w.org\/{rel}","templated":true}]}}