{"id":4662,"date":"2018-02-12T15:16:41","date_gmt":"2018-02-12T14:16:41","guid":{"rendered":"http:\/\/centesimusannus-stg.catholica.va\/activities\/local-activities\/italy\/rome\/meeting-november-27th-rome\/"},"modified":"2021-12-29T12:46:08","modified_gmt":"2021-12-29T11:46:08","slug":"meeting-november-27th-rome","status":"publish","type":"page","link":"https:\/\/centesimusannus-stg.catholica.va\/en\/activities\/local\/italy\/rome\/meeting-november-27th-rome\/","title":{"rendered":"Meeting November 27th Rome"},"content":{"rendered":"<div>\n<p>Cari amici,<\/p>\n<p>innanzitutto voglio esprimervi la gratitudine, mia e di Padre Occhetta, per il bellissimo incontro di marted\u00ec sera. Il merito \u00e8 della partecipazione e del coinvolgimento che ognuno di voi ha profuso con generosit\u00e0.<\/p>\n<p>Per il prossimo incontro, previsto per\u00a0<strong>marted\u00ec 27 novembre\u00a0<\/strong>sempre\u00a0<strong>alle ore 19:00 con termine alle ore 20:30<\/strong>, presso la sede di\u00a0<strong id=\"yui_3_7_2_1_1353060599619_1167\">Civilt\u00e0 Cattolica in Via di Porta Pinciana 1,\u00a0<\/strong>abbiamo deciso di arrivare avendo letto l\u2019Introduzione alla lettera Enciclica di Benedetto XVI &#8220;Caritas in Veritate&#8221;, che potete consultare nella home page del sito della Fondazione <a href=\"http:\/\/centesimusannus-stg.catholica.va\" target=\"_blank\" rel=\"noopener\">centesimusannus-stg.catholica.va<\/a>, unitamente ad un testo di commento suggerito da Padre Occhetta.<\/p>\n<p>Vi chiedo, come al solito, un cortese cenno di riscontro alla presente.<\/p>\n<p>Cari saluti<\/p>\n<p>Attilio Tranquilli<\/p>\n<p>Referente Roma Fondazione <em>Centesimus Annus \u2013 Pro Pontifice<\/em><\/p>\n<p><a href=\"http:\/\/centesimusannus-stg.catholica.va\/media\/2nuwm1353064745.pdf\" target=\"_blank\" rel=\"noopener\">Download document<\/a><\/p>\n<\/div>\n","protected":false},"excerpt":{"rendered":"<p>Cari amici, innanzitutto voglio esprimervi la gratitudine, mia e di Padre Occhetta, per il bellissimo incontro di marted\u00ec sera. Il merito \u00e8 della partecipazione e del coinvolgimento che ognuno di voi ha profuso con generosit\u00e0. Per il prossimo incontro, previsto per\u00a0marted\u00ec 27 novembre\u00a0sempre\u00a0alle ore 19:00 con termine alle ore 20:30, presso la sede di\u00a0Civilt\u00e0 Cattolica in Via di Porta Pinciana 1,\u00a0abbiamo deciso di arrivare avendo letto l\u2019Introduzione alla lettera Enciclica di Benedetto XVI &#8220;Caritas in Veritate&#8221;, che potete consultare nella home page del sito della Fondazione centesimusannus-stg.catholica.va, unitamente ad un testo di commento suggerito da Padre Occhetta. Vi chiedo, come&#8230;<\/p>\n","protected":false},"author":1,"featured_media":0,"parent":15027,"menu_order":53,"comment_status":"closed","ping_status":"closed","template":"","meta":[],"categories":[32],"tags":[578],"_links":{"self":[{"href":"https:\/\/centesimusannus-stg.catholica.va\/en\/wp-json\/wp\/v2\/pages\/4662"}],"collection":[{"href":"https:\/\/centesimusannus-stg.catholica.va\/en\/wp-json\/wp\/v2\/pages"}],"about":[{"href":"https:\/\/centesimusannus-stg.catholica.va\/en\/wp-json\/wp\/v2\/types\/page"}],"author":[{"embeddable":true,"href":"https:\/\/centesimusannus-stg.catholica.va\/en\/wp-json\/wp\/v2\/users\/1"}],"replies":[{"embeddable":true,"href":"https:\/\/centesimusannus-stg.catholica.va\/en\/wp-json\/wp\/v2\/comments?post=4662"}],"version-history":[{"count":0,"href":"https:\/\/centesimusannus-stg.catholica.va\/en\/wp-json\/wp\/v2\/pages\/4662\/revisions"}],"up":[{"embeddable":true,"href":"https:\/\/centesimusannus-stg.catholica.va\/en\/wp-json\/wp\/v2\/pages\/15027"}],"wp:attachment":[{"href":"https:\/\/centesimusannus-stg.catholica.va\/en\/wp-json\/wp\/v2\/media?parent=4662"}],"wp:term":[{"taxonomy":"category","embeddable":true,"href":"https:\/\/centesimusannus-stg.catholica.va\/en\/wp-json\/wp\/v2\/categories?post=4662"},{"taxonomy":"post_tag","embeddable":true,"href":"https:\/\/centesimusannus-stg.catholica.va\/en\/wp-json\/wp\/v2\/tags?post=4662"}],"curies":[{"name":"wp","href":"https:\/\/api.w.org\/{rel}","templated":true}]}}