{"id":4696,"date":"2018-02-12T15:39:26","date_gmt":"2018-02-12T14:39:26","guid":{"rendered":"http:\/\/centesimusannus-stg.catholica.va\/activities\/local-activities\/italy\/rome\/capp-roman-group-meetings-october-december-2015\/"},"modified":"2021-12-29T12:40:49","modified_gmt":"2021-12-29T11:40:49","slug":"capp-roman-group-meetings-october-december-2015","status":"publish","type":"page","link":"https:\/\/centesimusannus-stg.catholica.va\/en\/activities\/local\/italy\/rome\/capp-roman-group-meetings-october-december-2015\/","title":{"rendered":"CAPP Roman Group: meetings October &#8211; December 2015"},"content":{"rendered":"<p>Cari amici,<\/p>\n<p id=\"yui_3_16_0_1_1443520511276_3983\">con piacere Vi annuncio le date programmate per i nostri prossimi incontri:<\/p>\n<p id=\"yui_3_16_0_1_1443520511276_3984\">&#8211; marted\u00ec 13 ottobre<br \/>\n&#8211; marted\u00ec 3 novembre<br \/>\n&#8211; marted\u00ec 24 novembre<br \/>\n&#8211; Messa di Natale nella settimana dal 14 al 18 dicembre<\/p>\n<p id=\"yui_3_16_0_1_1443520511276_3985\">In attesa di rivederVi presto vi invio cari saluti.<\/p>\n<p id=\"yui_3_16_0_1_1443520511276_3987\">Attilio Tranquilli<\/p>\n<p id=\"yui_3_16_0_1_1443520511276_3990\">Referente FCAPP Roma<\/p>\n","protected":false},"excerpt":{"rendered":"<p>Cari amici, con piacere Vi annuncio le date programmate per i nostri prossimi incontri: &#8211; marted\u00ec 13 ottobre &#8211; marted\u00ec 3 novembre &#8211; marted\u00ec 24 novembre &#8211; Messa di Natale nella settimana dal 14 al 18 dicembre In attesa di rivederVi presto vi invio cari saluti. Attilio Tranquilli Referente FCAPP Roma<\/p>\n","protected":false},"author":1,"featured_media":0,"parent":15027,"menu_order":28,"comment_status":"closed","ping_status":"closed","template":"","meta":[],"categories":[32],"tags":[576],"_links":{"self":[{"href":"https:\/\/centesimusannus-stg.catholica.va\/en\/wp-json\/wp\/v2\/pages\/4696"}],"collection":[{"href":"https:\/\/centesimusannus-stg.catholica.va\/en\/wp-json\/wp\/v2\/pages"}],"about":[{"href":"https:\/\/centesimusannus-stg.catholica.va\/en\/wp-json\/wp\/v2\/types\/page"}],"author":[{"embeddable":true,"href":"https:\/\/centesimusannus-stg.catholica.va\/en\/wp-json\/wp\/v2\/users\/1"}],"replies":[{"embeddable":true,"href":"https:\/\/centesimusannus-stg.catholica.va\/en\/wp-json\/wp\/v2\/comments?post=4696"}],"version-history":[{"count":0,"href":"https:\/\/centesimusannus-stg.catholica.va\/en\/wp-json\/wp\/v2\/pages\/4696\/revisions"}],"up":[{"embeddable":true,"href":"https:\/\/centesimusannus-stg.catholica.va\/en\/wp-json\/wp\/v2\/pages\/15027"}],"wp:attachment":[{"href":"https:\/\/centesimusannus-stg.catholica.va\/en\/wp-json\/wp\/v2\/media?parent=4696"}],"wp:term":[{"taxonomy":"category","embeddable":true,"href":"https:\/\/centesimusannus-stg.catholica.va\/en\/wp-json\/wp\/v2\/categories?post=4696"},{"taxonomy":"post_tag","embeddable":true,"href":"https:\/\/centesimusannus-stg.catholica.va\/en\/wp-json\/wp\/v2\/tags?post=4696"}],"curies":[{"name":"wp","href":"https:\/\/api.w.org\/{rel}","templated":true}]}}