{"id":4707,"date":"2018-02-12T15:48:56","date_gmt":"2018-02-12T14:48:56","guid":{"rendered":"http:\/\/centesimusannus-stg.catholica.va\/conferences\/before\/international-conference-30th-april-1st-may-2004\/"},"modified":"2021-12-30T14:39:31","modified_gmt":"2021-12-30T13:39:31","slug":"international-conference-30th-april-1st-may-2004","status":"publish","type":"page","link":"https:\/\/centesimusannus-stg.catholica.va\/en\/conferences\/before\/international-conference-30th-april-1st-may-2004\/","title":{"rendered":"INTERNATIONAL CONFERENCE 30TH APRIL \/ 1ST MAY 2004"},"content":{"rendered":"<p>Convegno Internazionale sul tema:\u00a0<strong>&#8220;Confronting globalization global governance and the politics of development\u2019<\/strong><\/p>\n<p><strong>OBIETTIVI<\/strong><br \/>\nL\u2019integrazione tra economie e la spinta allo sviluppo che ne \u00e8 derivata \u00e8 un aspetto che riveste un\u2019importanza centrale nella storia economica della seconda met\u00e0 del \u2019900. Gli scambi commerciali e gli investimenti esteri da un lato, il progresso tecnologico e le influenze tra culture dall\u2019altro, hanno reso l\u2019integrazione tra Paesi sempre pi\u00f9 accentuata. Se \u00e8 vero che sotto molti profili questo ha condotto ad una maggiore prosperit\u00e0 ed alla nascita di opportunit\u00e0 senza precedenti per molti Paesi, \u00e8 anche vero per\u00f2 che nel processo di globalizzazione vi sono vincitori e perdenti e che il gap tra Paesi ricchi del Nord e Paesi poveri del Sud (in particolare dell\u2019Africa) tende ad allargarsi anzich\u00e8 a ridursi.<br \/>\nGi\u00e0 nella celebrazione della Giornata Mondiale della Pace il 1 gennaio 1998, il Santo Padre Giovanni Paolo Il nel Messaggio &#8220;Dalla giustizia di ciascuno nasce la pace per tutti&#8221; ammoniva come &#8220;La sfida insomma \u00e8 quella di assicurare una globalizzazione nella solidariet\u00e0, una globalizzazione senza marginalizzazione&#8221;.<br \/>\nIl problema che si pone \u00e8 dunque quello di capire come la globalizzazione e la solidariet\u00e0 possano servire una all\u2019altra per generare uno dinamica mondiale che comporti crescita economica ma anche sviluppo equilibrato ed equo, e come la globalizzazione possa essere orientata a fini internazionali di solidariet\u00e0 da istituzioni internazionali e sopranazionali.<\/p>\n<p>Questo Convegno promosso dalla Fondazione Centesimus Annus &#8211; Pro Pontifice intende approfondire le tematiche sopra descritte con il contributo qualificato di alcuni dei maggiori studiosi a livello internazionale dei problemi economici, politici e sociali posti dal processo di globalizzazione, e si propone di rispondere in maniera concreta alle sollecitazioni del Santo Padre che, nel Suo Messaggio alla Fondazione del 5 luglio 2003, ha ricordato come &#8220;Le drammatiche vicende che travagliano il mondo contemporaneo e le deplorevoli condizioni di sottosviluppo in cui versano ancora troppi Paesi, con terribili conseguenze per i loro abitanti, per le loro fragili istituzioni, per lo stesso ambiente naturale, stanno a dire che occorre davvero ripartire da una giusta prospettiva: la verit\u00e0 dell\u2019uomo quale \u00e8 scoperta dalla ragione e confermata dal Vangelo di Ges\u00f9 Cristo, che proclama e promuove la vera dignit\u00e0 e la nativa vocazione sociale della persona&#8221;.<\/p>\n<p><strong>SEDE DEL CONVEGNO<\/strong><br \/>\nAula Nuova del Sinodo<br \/>\nEntrata: Piazza S. Uffizio &#8211; Citt\u00e0 del Vaticano<br \/>\nSi consiglia l\u2019ingresso in aula non oltre le 14:45 del 30 Aprile e le 08:45 del 1 Maggio<\/p>\n<p><strong>RELATORI<\/strong><br \/>\nDr. Francesco Bogliari, Amministratore Delegato &#8220;Libri Scheiwiller&#8221; e Direttore de &#8220;L\u2019Impresa&#8221;, Milano, Italia<br \/>\nDr. Michel Camdessus, gi\u00e0 Direttore del Fondo Monetario Internazionale (I.M.F.),- Governatore Onorario della Banca di Francia, Parigi<br \/>\nDr. Antonio Maria Costa &#8211; Direttore Dipartimento ONU &#8220;Drugs and Crime&#8221;, International Center di Vienna, Austria<br \/>\nS.E.R. Mons. Giampaolo Crepaldi, Segretario Pontificio Consiglio della Giustizia e della Pace, Citt\u00e0 del Vaticano<br \/>\nProf. Carlo D\u2019Adda, Presidente della Societ\u00e0 Italiana degli Economisti, Bologna, Italia<br \/>\nProf. Parta S. Dasgupta, Professore di Economia, Universit\u00e0 di Cambridge, UK<br \/>\nProf. Jesus Estanislao, Universit\u00e0 dell\u2019Asia e del Pacifico, Manila, Filippine<br \/>\nProf. G. John Ikenberry, Professore Istituto Affari Esteri , Georgetown University, Washington D.C. USA<br \/>\nDr. Roberto Mazzotta, Vice Presidente Fondazione Centesimus Annus &#8211; Pro Pontifice<br \/>\nProf. Pedro Morande Court, Pontificia Universit\u00e0 Cattolica di Santiago, Cile<br \/>\nS.E.R. Cardinale Attilio Nicora, Presidente A.P.S.A. (Amministrazione Patrimonio Sede Apostolica), Citt\u00e0 del Vaticano<br \/>\nProf. Michael Novak, Istituto Aziende Americane per la Ricerca della Politica Governativa, Washington D.C., USA<br \/>\nProf. Alberto Quadrio Curzio, Coordinatore Comitato Scientifico della Fondazione C.A.P.P., Preside Facolt\u00e0 di Scienze Politiche,Universit\u00e0 Cattolica<br \/>\ndel Sacro Cuore, Milano, Italia<br \/>\nConte Dr. Lorenzo Rossi di Montelera &#8211; Presidente della Fondazione Centesimus Annus &#8211; Pro Pontifice<\/p>\n<p><strong>MODALIT\u00c0 DI ISCRIZIONE<\/strong><br \/>\nSi prega di compilare la scheda allegata ed inviarla alla Segreteria della Fondazione &#8220;Centesimus Annus-Pro Pontifice&#8221; Citt\u00e0 del Vaticano entro e non oltre il 27 aprile 2004<br \/>\nTel + + 39 06 69885752 fax ++ 39 06 69881971<br \/>\ne-mail: centannus@foundation.va<\/p>\n","protected":false},"excerpt":{"rendered":"<p>Convegno Internazionale sul tema:\u00a0&#8220;Confronting globalization global governance and the politics of development\u2019 OBIETTIVI L\u2019integrazione tra economie e la spinta allo sviluppo che ne \u00e8 derivata \u00e8 un aspetto che riveste un\u2019importanza centrale nella storia economica della seconda met\u00e0 del \u2019900. Gli scambi commerciali e gli investimenti esteri da un lato, il progresso tecnologico e le influenze tra culture dall\u2019altro, hanno reso l\u2019integrazione tra Paesi sempre pi\u00f9 accentuata. Se \u00e8 vero che sotto molti profili questo ha condotto ad una maggiore prosperit\u00e0 ed alla nascita di opportunit\u00e0 senza precedenti per molti Paesi, \u00e8 anche vero per\u00f2 che nel processo di globalizzazione&#8230;<\/p>\n","protected":false},"author":1,"featured_media":0,"parent":4010,"menu_order":0,"comment_status":"closed","ping_status":"closed","template":"","meta":[],"categories":[],"tags":[633],"_links":{"self":[{"href":"https:\/\/centesimusannus-stg.catholica.va\/en\/wp-json\/wp\/v2\/pages\/4707"}],"collection":[{"href":"https:\/\/centesimusannus-stg.catholica.va\/en\/wp-json\/wp\/v2\/pages"}],"about":[{"href":"https:\/\/centesimusannus-stg.catholica.va\/en\/wp-json\/wp\/v2\/types\/page"}],"author":[{"embeddable":true,"href":"https:\/\/centesimusannus-stg.catholica.va\/en\/wp-json\/wp\/v2\/users\/1"}],"replies":[{"embeddable":true,"href":"https:\/\/centesimusannus-stg.catholica.va\/en\/wp-json\/wp\/v2\/comments?post=4707"}],"version-history":[{"count":0,"href":"https:\/\/centesimusannus-stg.catholica.va\/en\/wp-json\/wp\/v2\/pages\/4707\/revisions"}],"up":[{"embeddable":true,"href":"https:\/\/centesimusannus-stg.catholica.va\/en\/wp-json\/wp\/v2\/pages\/4010"}],"wp:attachment":[{"href":"https:\/\/centesimusannus-stg.catholica.va\/en\/wp-json\/wp\/v2\/media?parent=4707"}],"wp:term":[{"taxonomy":"category","embeddable":true,"href":"https:\/\/centesimusannus-stg.catholica.va\/en\/wp-json\/wp\/v2\/categories?post=4707"},{"taxonomy":"post_tag","embeddable":true,"href":"https:\/\/centesimusannus-stg.catholica.va\/en\/wp-json\/wp\/v2\/tags?post=4707"}],"curies":[{"name":"wp","href":"https:\/\/api.w.org\/{rel}","templated":true}]}}