{"id":4710,"date":"2018-02-12T15:52:57","date_gmt":"2018-02-12T14:52:57","guid":{"rendered":"http:\/\/centesimusannus-stg.catholica.va\/activities\/local-activities\/italy\/piemonte\/montemagno-conference-on-microcredit\/"},"modified":"2021-12-29T14:45:27","modified_gmt":"2021-12-29T13:45:27","slug":"montemagno-conference-on-microcredit","status":"publish","type":"page","link":"https:\/\/centesimusannus-stg.catholica.va\/en\/activities\/local\/italy\/turin\/montemagno-conference-on-microcredit\/","title":{"rendered":"Montemagno &#8211; Conference on microcredit"},"content":{"rendered":"<div>\n<div>\n<div>\n<p>\u201cFinanza, microcredito e Dottrina sociale\u201d \u00e8 il titolo del convegno organizzato dal gruppo del Piemonte della Fondazione Centesimus Annus \u2013 Pro Pontifice, che si tiene, sabato 2 aprile 2011, presso il Castello di Montemagno in provincia di Asti.<\/p>\n<p>\u201cSono gli insegnamenti dell\u2019Enciclica Caritas in Veritate di Benedetto XVI e l\u2019attenzione nei confronti di coloro che si trovano in situazioni di svantaggio\u201d spiegano i promotori \u201cche ha portato alla scelta di mettere in evidenza l\u2019importanza della finanza, del microcredito e della Dottrina sociale, come strumenti per sostenere ed accompagnare realt\u00e0 umane fuori da condizioni di disagio socio-economico\u201d.<\/p>\n<p>Infatti, al punto 65, l\u2019Enciclica, sottolinea che: \u201ci soggetti pi\u00f9 deboli vanno educati a difendersi dall\u2019usura, cos\u00ec come i popoli poveri vanno educati a trarre vantaggio dal microcredito, scoraggiando in tal modo le forme di sfruttamento possibili in questi due campi. Poich\u00e9 anche nei Paesi ricchi esistono nuove forme di povert\u00e0, la microfinanza pu\u00f2 dare concreti aiuti per la creazione di iniziative e settori nuovi a favore dei ceti deboli della societ\u00e0 anche in una fase di possibile impoverimento della societ\u00e0 stessa\u201d.<\/p>\n<p>N\u00e9 discuteranno, moderati dal Prof. Alberto Quadrio Curzio, Vice Presidente dell\u2019Accademia dei Lincei e Presidente Comitato Scientifico Fondazione Centesimus Annus &#8211; Pro Pontifice:<br \/>\nMaria Elena Andreotti, gi\u00e0 funzionario ONU &#8211; consulente segretariato sociale RAI; Mons. Alceste Catella, Vescovo di Casale; Tullio Chiminazzo, Fondatore Movimento Mondiale delle Scuole di Etica ed Economia; Daniele Ciravegna, Presidente RITMI Rete Italiana di Microfinanza; Andrea Limone,\u00a0 Amministratore Delegato PerMicro; Lorenzo Rossi di Montelera, Consigliere Fondazione Centesimus Annus &#8211; Pro Pontifice.<br \/>\n<a href=\"http:\/\/centesimusannus-stg.catholica.va\/media\/1bcop1340193339.pdf\" target=\"_blank\" rel=\"noopener\">Download document<br \/>\n<\/a><br \/>\n<a href=\"http:\/\/centesimusannus-stg.catholica.va\/media\/1rhep1340193365.pdf\" target=\"_blank\" rel=\"noopener\">Press release<\/a><\/p>\n<\/div>\n<\/div>\n<\/div>\n","protected":false},"excerpt":{"rendered":"<p>\u201cFinanza, microcredito e Dottrina sociale\u201d \u00e8 il titolo del convegno organizzato dal gruppo del Piemonte della Fondazione Centesimus Annus \u2013 Pro Pontifice, che si tiene, sabato 2 aprile 2011, presso il Castello di Montemagno in provincia di Asti. \u201cSono gli insegnamenti dell\u2019Enciclica Caritas in Veritate di Benedetto XVI e l\u2019attenzione nei confronti di coloro che si trovano in situazioni di svantaggio\u201d spiegano i promotori \u201cche ha portato alla scelta di mettere in evidenza l\u2019importanza della finanza, del microcredito e della Dottrina sociale, come strumenti per sostenere ed accompagnare realt\u00e0 umane fuori da condizioni di disagio socio-economico\u201d. Infatti, al punto 65,&#8230;<\/p>\n","protected":false},"author":1,"featured_media":0,"parent":15417,"menu_order":39,"comment_status":"closed","ping_status":"closed","template":"","meta":[],"categories":[32],"tags":[596],"_links":{"self":[{"href":"https:\/\/centesimusannus-stg.catholica.va\/en\/wp-json\/wp\/v2\/pages\/4710"}],"collection":[{"href":"https:\/\/centesimusannus-stg.catholica.va\/en\/wp-json\/wp\/v2\/pages"}],"about":[{"href":"https:\/\/centesimusannus-stg.catholica.va\/en\/wp-json\/wp\/v2\/types\/page"}],"author":[{"embeddable":true,"href":"https:\/\/centesimusannus-stg.catholica.va\/en\/wp-json\/wp\/v2\/users\/1"}],"replies":[{"embeddable":true,"href":"https:\/\/centesimusannus-stg.catholica.va\/en\/wp-json\/wp\/v2\/comments?post=4710"}],"version-history":[{"count":0,"href":"https:\/\/centesimusannus-stg.catholica.va\/en\/wp-json\/wp\/v2\/pages\/4710\/revisions"}],"up":[{"embeddable":true,"href":"https:\/\/centesimusannus-stg.catholica.va\/en\/wp-json\/wp\/v2\/pages\/15417"}],"wp:attachment":[{"href":"https:\/\/centesimusannus-stg.catholica.va\/en\/wp-json\/wp\/v2\/media?parent=4710"}],"wp:term":[{"taxonomy":"category","embeddable":true,"href":"https:\/\/centesimusannus-stg.catholica.va\/en\/wp-json\/wp\/v2\/categories?post=4710"},{"taxonomy":"post_tag","embeddable":true,"href":"https:\/\/centesimusannus-stg.catholica.va\/en\/wp-json\/wp\/v2\/tags?post=4710"}],"curies":[{"name":"wp","href":"https:\/\/api.w.org\/{rel}","templated":true}]}}