{"id":4713,"date":"2018-02-12T15:55:39","date_gmt":"2018-02-12T14:55:39","guid":{"rendered":"http:\/\/centesimusannus-stg.catholica.va\/activities\/local-activities\/italy\/piemonte\/capp-piemonte-group-meeting-december-11st-2014\/"},"modified":"2021-12-29T14:42:50","modified_gmt":"2021-12-29T13:42:50","slug":"capp-piemonte-group-meeting-december-11st-2014","status":"publish","type":"page","link":"https:\/\/centesimusannus-stg.catholica.va\/en\/activities\/local\/italy\/turin\/capp-piemonte-group-meeting-december-11st-2014\/","title":{"rendered":"CAPP Piemonte Group: Meeting December 11st, 2014"},"content":{"rendered":"<div id=\"page_wrapper\" class=\"page-wrapper\">\n<div id=\"page_content_interna\" class=\"page-content-interna\">\n<div id=\"col_destra_interna\" class=\"col-des-interna\">\n<div id=\"content_interna\" class=\"content-interna\">\n<div class=\"attivita_singola\">\n<p>Gioved\u00ec 11 Dicembre 2014 si \u00e8 svolto l\u2019incontro del gruppo piemontese della Fondazione, coordinato dal referente locale Maurizio Magliola con il supporto locale di Andrea Angeli; all\u2019incontro oltre all\u2019Assistente Ecclesiastico centrale Don Gianni Fusco e al Dott. Eutimio Tiliacos erano presenti:<\/p>\n<p id=\"yui_3_16_0_1_1427094344001_4598\">Maurizio Magliola<\/p>\n<p id=\"yui_3_16_0_1_1427094344001_4601\"><span id=\"yui_3_16_0_1_1427094344001_4600\">Luigi e Maria Lucrezia Dalla Croce,<\/span><\/p>\n<p>Amedeo Olivieri,<\/p>\n<p id=\"yui_3_16_0_1_1427094344001_4602\">Monica Marino,<\/p>\n<p>Gianluigi Quario,<\/p>\n<p>Alfonsina Vassallo,<\/p>\n<p>Giorgio Ferrino,<\/p>\n<p>Lorenzo e Maria Augusta Rossi di Montelera ,<\/p>\n<p>Paolo Fabris,<\/p>\n<p>Andrea Angeli<\/p>\n<p>oltre\u00a0agli invitati (sollecitati alla partecipazione dal gruppo piemontese):<\/p>\n<p>Gianni Chiri,<\/p>\n<p>Nedy Vestidello,<\/p>\n<p>Fabrizio Varoni e suo figlio Ettore<\/p>\n<p>La riunione \u00e8 stata preceduta dalla Santa Messa celebrata da Don Gianni Fusco assistito da altri due sacerdoti ed ha avuto luogo nella stupenda cornice del Santuario della Consolata. Assente a causa di altri impegni sopraggiunti nel frattempo l\u2019Assistente Ecclesiastico piemontese S.E. Mons. Guido Fiandino Vescovo Ausiliare e Vicario Generale della Diocesi di Torino.<\/p>\n<p>I partecipanti avevano da poco ricevuto la relazione finale del Convegno Internazionale 2014 e hanno espresso interesse a ricevere quanto prima sia la relazione della conferenza di New York e quella dei lavori di Dublino, sia il programma definitivo del Convegno 2015 che si svolger\u00e0 a Maggio in Vaticano.<\/p>\n<p>Il dibattito ha preso a spunto le iniziative in corso da parte della Fondazione in Italia e all\u2019estero sul tema della diffusione della DSC e sul ruolo che il gruppo piemontese assolve in questa direzione. Al riguardo i partecipanti hanno formulato proposte per\u00a0l\u2019ampliamento della base associativa del gruppo piemontese e per indirizzare il messaggio della DSC sempre di pi\u00f9 verso i ceti emergenti che caratterizzano l\u2019attuale panorama economico e sociale piemontese, perch\u00e9 essi facciano proprio il messaggio cristiano e siano portatori nei rispettivi luoghi di lavoro dei principi della DSC che scaturiscono dalle Encicliche Papali ed Esortazioni Apostoliche.<\/p>\n<p>Un riferimento \u00e8 stato fatto anche ad iniziative gi\u00e0 avviate in Piemonte riguardanti il contesto dei rapporti con altre confessioni, che risulta particolarmente attuale e sentito nella specifica realt\u00e0 di Torino citt\u00e0, e alle problematiche delle nuove fattispecie e modalit\u00e0 attuative del lavoro per l\u2019influsso che esercitano attualmente sulla famiglia.<\/p>\n<\/div>\n<\/div>\n<\/div>\n<\/div>\n<\/div>\n<div class=\"prefooter\"><\/div>\n<div id=\"footer\" class=\"footer\">\n<div class=\"wrap_ul\"><\/div>\n<\/div>\n","protected":false},"excerpt":{"rendered":"<p>Gioved\u00ec 11 Dicembre 2014 si \u00e8 svolto l\u2019incontro del gruppo piemontese della Fondazione, coordinato dal referente locale Maurizio Magliola con il supporto locale di Andrea Angeli; all\u2019incontro oltre all\u2019Assistente Ecclesiastico centrale Don Gianni Fusco e al Dott. Eutimio Tiliacos erano presenti: Maurizio Magliola Luigi e Maria Lucrezia Dalla Croce, Amedeo Olivieri, Monica Marino, Gianluigi Quario, Alfonsina Vassallo, Giorgio Ferrino, Lorenzo e Maria Augusta Rossi di Montelera , Paolo Fabris, Andrea Angeli oltre\u00a0agli invitati (sollecitati alla partecipazione dal gruppo piemontese): Gianni Chiri, Nedy Vestidello, Fabrizio Varoni e suo figlio Ettore La riunione \u00e8 stata preceduta dalla Santa Messa celebrata da Don&#8230;<\/p>\n","protected":false},"author":1,"featured_media":0,"parent":15417,"menu_order":36,"comment_status":"closed","ping_status":"closed","template":"","meta":[],"categories":[32],"tags":[595],"_links":{"self":[{"href":"https:\/\/centesimusannus-stg.catholica.va\/en\/wp-json\/wp\/v2\/pages\/4713"}],"collection":[{"href":"https:\/\/centesimusannus-stg.catholica.va\/en\/wp-json\/wp\/v2\/pages"}],"about":[{"href":"https:\/\/centesimusannus-stg.catholica.va\/en\/wp-json\/wp\/v2\/types\/page"}],"author":[{"embeddable":true,"href":"https:\/\/centesimusannus-stg.catholica.va\/en\/wp-json\/wp\/v2\/users\/1"}],"replies":[{"embeddable":true,"href":"https:\/\/centesimusannus-stg.catholica.va\/en\/wp-json\/wp\/v2\/comments?post=4713"}],"version-history":[{"count":0,"href":"https:\/\/centesimusannus-stg.catholica.va\/en\/wp-json\/wp\/v2\/pages\/4713\/revisions"}],"up":[{"embeddable":true,"href":"https:\/\/centesimusannus-stg.catholica.va\/en\/wp-json\/wp\/v2\/pages\/15417"}],"wp:attachment":[{"href":"https:\/\/centesimusannus-stg.catholica.va\/en\/wp-json\/wp\/v2\/media?parent=4713"}],"wp:term":[{"taxonomy":"category","embeddable":true,"href":"https:\/\/centesimusannus-stg.catholica.va\/en\/wp-json\/wp\/v2\/categories?post=4713"},{"taxonomy":"post_tag","embeddable":true,"href":"https:\/\/centesimusannus-stg.catholica.va\/en\/wp-json\/wp\/v2\/tags?post=4713"}],"curies":[{"name":"wp","href":"https:\/\/api.w.org\/{rel}","templated":true}]}}