{"id":4718,"date":"2018-02-12T15:59:23","date_gmt":"2018-02-12T14:59:23","guid":{"rendered":"http:\/\/centesimusannus-stg.catholica.va\/conferences\/before\/national-conference-30th-november-2005-milan\/"},"modified":"2021-12-30T14:39:48","modified_gmt":"2021-12-30T13:39:48","slug":"national-conference-30th-november-2005-milan","status":"publish","type":"page","link":"https:\/\/centesimusannus-stg.catholica.va\/en\/conferences\/before\/national-conference-30th-november-2005-milan\/","title":{"rendered":"NATIONAL CONFERENCE 30TH NOVEMBER 2005 MILAN"},"content":{"rendered":"<p>CONVEGNO ANNUALE &#8211; 30 NOVEMBRE 2005<\/p>\n<p><strong>UNIVERSITA\u2019 CATTOLICA DEL SACRO CUORE &#8211; 30 NOVEMBRE 2005<br \/>\n&#8220;Intrapresa, Sviluppo e Dottrina Sociale della Convegno Nazionale Chiesa&#8221;\u00a0<\/strong><\/p>\n<p><strong>30 NOVEMBRE 2005<\/strong><\/p>\n<p>Ore 9.00<br \/>\nRegistrazione dei partecipanti.<\/p>\n<p>Ore 9.00<br \/>\nApertura dei Lavori: presiede Conte Dott. Lorenzo Rossi di Montelera, Presidente Fondazione.<br \/>\nSaluti Prof. Lorenzo Ornaghi, Magnifico Rettore Universit\u00e0 Cattolica del Sacro Cuore.<br \/>\nIntroduzione al Convegno: Conte Dott. Lorenzo Rossi di Montelera.<\/p>\n<p>Ore 10.00<br \/>\nRelazioni Scientifiche:\u00a0<strong>&#8220;ISTITUZIONI, SOCIET\u00c0, MERCATO: LA SUSSIDIARIET\u00c0&#8221;, Prof. Alberto Quadrio Curzio<\/strong>, Preside Facolt\u00e0 Scienze Politiche, Universit\u00e0 Cattolica del Sacro Cuore, Milano, Presidente Comitato Scientifico Fondazione Centesimus Annus &#8211; Pro Pontifice.<br \/>\n<strong>&#8220;IMPRESE FAMILIARI, RISORSE, INNOVAZIONE: LO SVILUPPO&#8221;, Prof. Giovanni Marseguerra<\/strong>Universit\u00e0 Cattolica del Sacro Cuore, Milano Segretario Comitato Scientifico Fondazione Centesimus Annus &#8211; Pro Pontifice.<\/p>\n<p>Ore 11.00<br \/>\nPrima Sessione:\u00a0<strong>&#8220;IMPRESE, SUSSIDIARIET\u00c0 E SVILUPPO&#8221;, Coordinatore: Dott. Giuseppe De Carli\u00a0<\/strong>(Direttore struttura RAI-Vaticano), Dott. Luigi Bobba, Presidente Nazionale ACLI &#8211; Dott. Cesare Cavalleri, Direttore &#8220;Studi Cattolici&#8221; &#8211; Prof. Michele Colasanto, Preside Facolt\u00e0 Sociologia, Universit\u00e0 Cattolica del Sacro Cuore, Milano &#8211; Dott. Raffaello Vignali, Presidente Compagnia delle Opere.<\/p>\n<p>Ore 12.30<br \/>\nDibattito.<\/p>\n<p>Ore 13.00<br \/>\nPausa pranzo.<\/p>\n<p>Ore 14.15<br \/>\nSeconda Sessione:\u00a0<strong>&#8220;IMPRESE, BANCHE POPOLARI E COOPERATIVE, CRESCITA&#8221;, Coordinatore: Dott. Gianfranco Fabi<\/strong>\u00a0(Vicedirettore de Il Sole24Ore), Dott. Alessandro Azzi, Presidente Federazione Italiana Banche di Credito Cooperativo &#8211; Prof. Vincenzo Cesareo, Direttore Dipartimento Sociologia Universit\u00e0 Cattolica del Sacro Cuore, Milano &#8211; Dott. Giovanni De Censi, Presidente Credito Valtellinese e Presidente Istituto Centrale Banche Popolari Italiane &#8211; Dott. Roberto Mazzotta, Presidente Banca Popolare di Milano e VicePresidente Fondazione Centesimus Annus-Pro Pontifice.<\/p>\n<p>Ore 15.45<br \/>\nDibattito.<\/p>\n<p>Ore 16.15<br \/>\nConclusioni:\u00a0<strong>S.E.R. Attilio Card. Nicora,<\/strong>\u00a0Presidente Amministrazione Patrimonio Sede Apostolica (APSA).<\/p>\n<p>Ore 16.30 &#8211; 17.30<br \/>\nAssemblea Generale Membri Aderenti della Fondazione.<\/p>\n<p><a href=\"http:\/\/centesimusannus-stg.catholica.va\/media\/1ngbn1340027663.pdf\" target=\"_blank\" rel=\"noopener\">Program<\/a><\/p>\n","protected":false},"excerpt":{"rendered":"<p>CONVEGNO ANNUALE &#8211; 30 NOVEMBRE 2005 UNIVERSITA\u2019 CATTOLICA DEL SACRO CUORE &#8211; 30 NOVEMBRE 2005 &#8220;Intrapresa, Sviluppo e Dottrina Sociale della Convegno Nazionale Chiesa&#8221;\u00a0 30 NOVEMBRE 2005 Ore 9.00 Registrazione dei partecipanti. Ore 9.00 Apertura dei Lavori: presiede Conte Dott. Lorenzo Rossi di Montelera, Presidente Fondazione. Saluti Prof. Lorenzo Ornaghi, Magnifico Rettore Universit\u00e0 Cattolica del Sacro Cuore. Introduzione al Convegno: Conte Dott. Lorenzo Rossi di Montelera. Ore 10.00 Relazioni Scientifiche:\u00a0&#8220;ISTITUZIONI, SOCIET\u00c0, MERCATO: LA SUSSIDIARIET\u00c0&#8221;, Prof. Alberto Quadrio Curzio, Preside Facolt\u00e0 Scienze Politiche, Universit\u00e0 Cattolica del Sacro Cuore, Milano, Presidente Comitato Scientifico Fondazione Centesimus Annus &#8211; Pro Pontifice. &#8220;IMPRESE FAMILIARI, RISORSE,&#8230;<\/p>\n","protected":false},"author":1,"featured_media":0,"parent":4010,"menu_order":20,"comment_status":"closed","ping_status":"closed","template":"","meta":[],"categories":[],"tags":[633],"_links":{"self":[{"href":"https:\/\/centesimusannus-stg.catholica.va\/en\/wp-json\/wp\/v2\/pages\/4718"}],"collection":[{"href":"https:\/\/centesimusannus-stg.catholica.va\/en\/wp-json\/wp\/v2\/pages"}],"about":[{"href":"https:\/\/centesimusannus-stg.catholica.va\/en\/wp-json\/wp\/v2\/types\/page"}],"author":[{"embeddable":true,"href":"https:\/\/centesimusannus-stg.catholica.va\/en\/wp-json\/wp\/v2\/users\/1"}],"replies":[{"embeddable":true,"href":"https:\/\/centesimusannus-stg.catholica.va\/en\/wp-json\/wp\/v2\/comments?post=4718"}],"version-history":[{"count":0,"href":"https:\/\/centesimusannus-stg.catholica.va\/en\/wp-json\/wp\/v2\/pages\/4718\/revisions"}],"up":[{"embeddable":true,"href":"https:\/\/centesimusannus-stg.catholica.va\/en\/wp-json\/wp\/v2\/pages\/4010"}],"wp:attachment":[{"href":"https:\/\/centesimusannus-stg.catholica.va\/en\/wp-json\/wp\/v2\/media?parent=4718"}],"wp:term":[{"taxonomy":"category","embeddable":true,"href":"https:\/\/centesimusannus-stg.catholica.va\/en\/wp-json\/wp\/v2\/categories?post=4718"},{"taxonomy":"post_tag","embeddable":true,"href":"https:\/\/centesimusannus-stg.catholica.va\/en\/wp-json\/wp\/v2\/tags?post=4718"}],"curies":[{"name":"wp","href":"https:\/\/api.w.org\/{rel}","templated":true}]}}