{"id":4728,"date":"2018-02-12T16:15:23","date_gmt":"2018-02-12T15:15:23","guid":{"rendered":"http:\/\/centesimusannus-stg.catholica.va\/conferences\/before\/international-conference-18-19-may-2006\/"},"modified":"2021-12-30T14:39:55","modified_gmt":"2021-12-30T13:39:55","slug":"international-conference-18-19-may-2006","status":"publish","type":"page","link":"https:\/\/centesimusannus-stg.catholica.va\/en\/conferences\/before\/international-conference-18-19-may-2006\/","title":{"rendered":"INTERNATIONAL CONFERENCE 18\/19 MAY 2006"},"content":{"rendered":"<p>8 &#8211; 19 MAGGIO 2006<\/p>\n<p>Il Presidente della Fondazione Centesimus Annus &#8211; Pro Pontifice, Conte Lorenzo Rossi di Montelera, ha invitato tutti i Soci Fondatori ed i Membri Aderenti\u00a0 a partecipare all\u2019udienza benevolmente concessa dal Santo Padre nella tarda mattinata di gioved\u00ec 18 Maggio 2006.<\/p>\n<p>Nel pomeriggio del giorno 18 e nella successiva giornata di Venerd\u00ec 19 si terr\u00e0 il consueto Convegno Internazionale della\u00a0 Fondazione\u00a0 sul tema &#8220;Democracy, Institutions and Social Justice&#8221;, evento al quale hanno gi\u00e0 assicurato la loro presenza come relatori personaggi di grande prestigio internazionale.<\/p>\n<p><a href=\"http:\/\/centesimusannus-stg.catholica.va\/media\/1meug1340026274.pdf\" target=\"_blank\" rel=\"noopener\">President Speech<br \/>\n<\/a><br \/>\n<a href=\"http:\/\/centesimusannus-stg.catholica.va\/media\/2topz1378052355.pdf\" target=\"_blank\" rel=\"noopener\">The Holy Father Speech<\/a><a href=\"http:\/\/centesimusannus-stg.catholica.va\/media\/1kywp1340026316.pdf\" target=\"_blank\" rel=\"noopener\"><br \/>\n<\/a><br \/>\n<a href=\"http:\/\/centesimusannus-stg.catholica.va\/media\/1przj1340026369.pdf\" target=\"_blank\" rel=\"noopener\">Program<\/a><\/p>\n","protected":false},"excerpt":{"rendered":"<p>8 &#8211; 19 MAGGIO 2006 Il Presidente della Fondazione Centesimus Annus &#8211; Pro Pontifice, Conte Lorenzo Rossi di Montelera, ha invitato tutti i Soci Fondatori ed i Membri Aderenti\u00a0 a partecipare all\u2019udienza benevolmente concessa dal Santo Padre nella tarda mattinata di gioved\u00ec 18 Maggio 2006. Nel pomeriggio del giorno 18 e nella successiva giornata di Venerd\u00ec 19 si terr\u00e0 il consueto Convegno Internazionale della\u00a0 Fondazione\u00a0 sul tema &#8220;Democracy, Institutions and Social Justice&#8221;, evento al quale hanno gi\u00e0 assicurato la loro presenza come relatori personaggi di grande prestigio internazionale. President Speech The Holy Father Speech Program<\/p>\n","protected":false},"author":1,"featured_media":0,"parent":4010,"menu_order":21,"comment_status":"closed","ping_status":"closed","template":"","meta":[],"categories":[],"tags":[633],"_links":{"self":[{"href":"https:\/\/centesimusannus-stg.catholica.va\/en\/wp-json\/wp\/v2\/pages\/4728"}],"collection":[{"href":"https:\/\/centesimusannus-stg.catholica.va\/en\/wp-json\/wp\/v2\/pages"}],"about":[{"href":"https:\/\/centesimusannus-stg.catholica.va\/en\/wp-json\/wp\/v2\/types\/page"}],"author":[{"embeddable":true,"href":"https:\/\/centesimusannus-stg.catholica.va\/en\/wp-json\/wp\/v2\/users\/1"}],"replies":[{"embeddable":true,"href":"https:\/\/centesimusannus-stg.catholica.va\/en\/wp-json\/wp\/v2\/comments?post=4728"}],"version-history":[{"count":0,"href":"https:\/\/centesimusannus-stg.catholica.va\/en\/wp-json\/wp\/v2\/pages\/4728\/revisions"}],"up":[{"embeddable":true,"href":"https:\/\/centesimusannus-stg.catholica.va\/en\/wp-json\/wp\/v2\/pages\/4010"}],"wp:attachment":[{"href":"https:\/\/centesimusannus-stg.catholica.va\/en\/wp-json\/wp\/v2\/media?parent=4728"}],"wp:term":[{"taxonomy":"category","embeddable":true,"href":"https:\/\/centesimusannus-stg.catholica.va\/en\/wp-json\/wp\/v2\/categories?post=4728"},{"taxonomy":"post_tag","embeddable":true,"href":"https:\/\/centesimusannus-stg.catholica.va\/en\/wp-json\/wp\/v2\/tags?post=4728"}],"curies":[{"name":"wp","href":"https:\/\/api.w.org\/{rel}","templated":true}]}}