{"id":4732,"date":"2018-02-12T16:24:42","date_gmt":"2018-02-12T15:24:42","guid":{"rendered":"http:\/\/centesimusannus-stg.catholica.va\/conferences\/before\/national-conference-29th-november-2008-trento\/"},"modified":"2021-12-30T14:39:23","modified_gmt":"2021-12-30T13:39:23","slug":"national-conference-29th-november-2008-trento","status":"publish","type":"page","link":"https:\/\/centesimusannus-stg.catholica.va\/en\/conferences\/before\/national-conference-29th-november-2008-trento\/","title":{"rendered":"NATIONAL CONFERENCE 29TH NOVEMBER 2008 TRENTO"},"content":{"rendered":"<p>A TRENTO IL 29 NOVEMBRE 2008 PER IL CONVEGNO NAZIONALE DEL GRUPPO ITALIANO DEGLI ADERENTI ALLA FONDAZIONE CENTESIMUS ANNUS &#8211; PRO PONTIFICE<\/p>\n<p><strong>Riservato Ai Soci Fondatori e Membri aderenti della Fondazione Centesimus Annus &#8211; Pro Pontifice\u00a0<\/strong><\/p>\n<p>Cari Amici,<br \/>\navevamo gi\u00e0 preannunciato, ed anche ricordato alcuni giorni or sono con apposito \u2019\u2019save the date\u2019\u2019 telematico, che il convegno annuale del gruppo italiano degli aderenti alla Fondazione si sarebbe tenuto nella citt\u00e0 di Trento il 29 novembre 2008.<\/p>\n<p>Siamo ora lieti di confermarVi che il convegno, il cui\u00a0 tema \u00e8\u00a0 \u2019\u2019Universit\u00e0, formazione e cultura nelle aree di cerniera\u00a0 Storia e prospettive\u2019\u2019 , si svolger\u00e0 in quella citt\u00e0 ed in quella data con il proposito di analizzare, anche in una prospettiva storica, il ruolo e la capacit\u00e0 dell\u2019universit\u00e0 di fare cultura e promuovere lo sviluppo umano nelle zone transfrontaliere,\u00a0 nei luoghi cio\u00e8 di cerniera tra aree geograficamente limitrofe ma appartenenti politicamente a nazioni diverse.<\/p>\n<p>Dal programma unito potrete renderVi conto della qualit\u00e0 degli interventi previsti. La presenza di moderatore del convegno del Prof. Alberto Quadrio Curzio, Presidente del Comitato Scientifico della Fondazione, offre ogni garanzia sui risultati certamente interessanti che emergeranno nel corso del dibattito anche alla luce dei principi\u00a0 della dottrina sociale della Chiesa alla quale la nostra Fondazione si ispira.<\/p>\n<p>Modalit\u00e0 dell\u2019incontro, programma della giornata, orari, possibilit\u00e0 di alloggiamento ed ulteriori informazioni inerenti l\u2019iniziativa sono riportati nei fogli allegati. Tra questi troverete anche la scheda di adesione che preghiamo di voler rendere con debita sollecitudine per poter organizzare nella maniera pi\u00f9 opportuna l\u2019accoglienza di tutti i partecipanti .<\/p>\n<p>Mi auguro di incontrarVi numerosi nella bella citt\u00e0 di Trento dove il gruppo dei nostri aderenti coordinato\u00a0 dal Referente Dott. Rocco Cerone in collaborazione con l\u2019Assistente Ecclesiastico don Bruno Tomasi, si sono attivati al massimo per ospitarvi nel migliore dei modi.<\/p>\n<p>Con i pi\u00f9 cordiali saluti<\/p>\n<p>Fondazione Centesimus Annus &#8211; Pro Pontifice<br \/>\nMassimo Gattamelata<br \/>\nSegretario Generale<br \/>\n<a href=\"http:\/\/centesimusannus-stg.catholica.va\/media\/1nwql1340016282.pdf\" target=\"_blank\" rel=\"noopener\"><br \/>\nProgram<br \/>\n<\/a><br \/>\n<a href=\"http:\/\/centesimusannus-stg.catholica.va\/media\/1sgjf1340016329.pdf\" target=\"_blank\" rel=\"noopener\">Application form<\/a><\/p>\n","protected":false},"excerpt":{"rendered":"<p>A TRENTO IL 29 NOVEMBRE 2008 PER IL CONVEGNO NAZIONALE DEL GRUPPO ITALIANO DEGLI ADERENTI ALLA FONDAZIONE CENTESIMUS ANNUS &#8211; PRO PONTIFICE Riservato Ai Soci Fondatori e Membri aderenti della Fondazione Centesimus Annus &#8211; Pro Pontifice\u00a0 Cari Amici, avevamo gi\u00e0 preannunciato, ed anche ricordato alcuni giorni or sono con apposito \u2019\u2019save the date\u2019\u2019 telematico, che il convegno annuale del gruppo italiano degli aderenti alla Fondazione si sarebbe tenuto nella citt\u00e0 di Trento il 29 novembre 2008. Siamo ora lieti di confermarVi che il convegno, il cui\u00a0 tema \u00e8\u00a0 \u2019\u2019Universit\u00e0, formazione e cultura nelle aree di cerniera\u00a0 Storia e prospettive\u2019\u2019 ,&#8230;<\/p>\n","protected":false},"author":1,"featured_media":0,"parent":4010,"menu_order":28,"comment_status":"closed","ping_status":"closed","template":"","meta":[],"categories":[],"tags":[633],"_links":{"self":[{"href":"https:\/\/centesimusannus-stg.catholica.va\/en\/wp-json\/wp\/v2\/pages\/4732"}],"collection":[{"href":"https:\/\/centesimusannus-stg.catholica.va\/en\/wp-json\/wp\/v2\/pages"}],"about":[{"href":"https:\/\/centesimusannus-stg.catholica.va\/en\/wp-json\/wp\/v2\/types\/page"}],"author":[{"embeddable":true,"href":"https:\/\/centesimusannus-stg.catholica.va\/en\/wp-json\/wp\/v2\/users\/1"}],"replies":[{"embeddable":true,"href":"https:\/\/centesimusannus-stg.catholica.va\/en\/wp-json\/wp\/v2\/comments?post=4732"}],"version-history":[{"count":0,"href":"https:\/\/centesimusannus-stg.catholica.va\/en\/wp-json\/wp\/v2\/pages\/4732\/revisions"}],"up":[{"embeddable":true,"href":"https:\/\/centesimusannus-stg.catholica.va\/en\/wp-json\/wp\/v2\/pages\/4010"}],"wp:attachment":[{"href":"https:\/\/centesimusannus-stg.catholica.va\/en\/wp-json\/wp\/v2\/media?parent=4732"}],"wp:term":[{"taxonomy":"category","embeddable":true,"href":"https:\/\/centesimusannus-stg.catholica.va\/en\/wp-json\/wp\/v2\/categories?post=4732"},{"taxonomy":"post_tag","embeddable":true,"href":"https:\/\/centesimusannus-stg.catholica.va\/en\/wp-json\/wp\/v2\/tags?post=4732"}],"curies":[{"name":"wp","href":"https:\/\/api.w.org\/{rel}","templated":true}]}}