{"id":4744,"date":"2018-02-12T16:37:18","date_gmt":"2018-02-12T15:37:18","guid":{"rendered":"http:\/\/centesimusannus-stg.catholica.va\/conferences\/2013-2\/valencia-conference-22-23-november-2013\/"},"modified":"2021-12-30T14:22:48","modified_gmt":"2021-12-30T13:22:48","slug":"valencia-conference-22-23-november-2013","status":"publish","type":"page","link":"https:\/\/centesimusannus-stg.catholica.va\/en\/conferences\/convention-2013\/valencia-conference-22-23-november-2013\/","title":{"rendered":"VALENCIA CONFERENCE, 22-23 NOVEMBER 2013"},"content":{"rendered":"<p>A los socios espa\u00f1oles\u00a0de la F.C.A.P.P.<\/p>\n<p id=\"yui_3_7_2_1_1381818744132_23320\">Queridos amigos,<\/p>\n<p id=\"yui_3_7_2_1_1381818744132_23351\">en nombre del Presidente de la Fundaci\u00f3n, \u00a0el Sr. Domingo Sugranyes Bickel, me complace confirmar que el\u00a0<strong>22 y 23 de noviembre<\/strong>\u00a0tendr\u00e1 lugar en\u00a0<strong>Valencia<\/strong>\u00a0la reuni\u00f3n de los miembros espa\u00f1oles de esta instituci\u00f3n vaticana.<\/p>\n<p id=\"yui_3_7_2_1_1381818744132_23349\">Env\u00edo en adjunto el programa definitivo del evento al que espero puedan participar numerosos amigos y seguidores interesados \u200b\u200ben la profundizaci\u00f3n de la comprensi\u00f3n de la doctrina social de la Iglesia Cat\u00f3lica.<\/p>\n<p id=\"yui_3_7_2_1_1381818744132_23326\">Para cualquier aclaraci\u00f3n puede contactar con el Sr. Juli\u00e1n Santiago Frontera, sus n\u00fameros de contacto los encuentra en la solicitud de adhesi\u00f3n al Congreso que le adjunto.<\/p>\n<p id=\"yui_3_7_2_1_1381818744132_23327\">Con la esperanza de verle pronto de nuevo, le agradezco su atenci\u00f3n y le env\u00edo mis m\u00e1s cordiales saludos.<\/p>\n<p id=\"yui_3_7_2_1_1381818744132_23345\">Massimo Gattamelata<\/p>\n<p id=\"yui_3_7_2_1_1381818744132_23341\">Secretario General<\/p>\n<p id=\"yui_3_7_2_1_1381818744132_23343\">Fundaci\u00f3n\u00a0<em>Centesimus Annus \u2013 Pro Pontifice<\/em><\/p>\n<p id=\"yui_3_7_2_1_1381818744132_23342\">00120 Ciudad del Vaticano<\/p>\n<p id=\"yui_3_7_2_1_1381818744132_23330\">Tel. +39 06 6988 5752<\/p>\n<p id=\"yui_3_7_2_1_1381818744132_23334\">Fax +39 06 6988 1971<\/p>\n<p id=\"yui_3_7_2_1_1381818744132_23331\">e-mail\u00a0<a href=\"mailto:centannus@foundation.va\" target=\"_blank\" rel=\"noopener\">centannus@foundation.va<\/p>\n<p><\/a><a title=\"https:\/\/www.ucv.es\/encuentro_crisis\/videos.asp\" href=\"https:\/\/www.ucv.es\/encuentro_crisis\/videos.asp\" target=\"_blank\" rel=\"noopener\">Download video<\/p>\n<p><\/a><a title=\"www.ucv.es\/encuentro_crisis\/videos.asp\" href=\"https:\/\/www.ucv.es\/encuentro_crisis\/videos.asp\" target=\"_blank\" rel=\"noopener\">www.ucv.es\/encuentro_crisis\/videos.asp<\/a><\/p>\n<p id=\"yui_3_7_2_1_1381818744132_23333\"><a href=\"http:\/\/centesimusannus-stg.catholica.va\/media\/2yfnu1383908983.pdf\" target=\"_blank\" rel=\"noopener\">Programm and application form<\/a><\/p>\n","protected":false},"excerpt":{"rendered":"<p>A los socios espa\u00f1oles\u00a0de la F.C.A.P.P. Queridos amigos, en nombre del Presidente de la Fundaci\u00f3n, \u00a0el Sr. Domingo Sugranyes Bickel, me complace confirmar que el\u00a022 y 23 de noviembre\u00a0tendr\u00e1 lugar en\u00a0Valencia\u00a0la reuni\u00f3n de los miembros espa\u00f1oles de esta instituci\u00f3n vaticana. Env\u00edo en adjunto el programa definitivo del evento al que espero puedan participar numerosos amigos y seguidores interesados \u200b\u200ben la profundizaci\u00f3n de la comprensi\u00f3n de la doctrina social de la Iglesia Cat\u00f3lica. Para cualquier aclaraci\u00f3n puede contactar con el Sr. Juli\u00e1n Santiago Frontera, sus n\u00fameros de contacto los encuentra en la solicitud de adhesi\u00f3n al Congreso que le adjunto. Con&#8230;<\/p>\n","protected":false},"author":1,"featured_media":0,"parent":4018,"menu_order":21,"comment_status":"closed","ping_status":"closed","template":"","meta":[],"categories":[],"tags":[628],"_links":{"self":[{"href":"https:\/\/centesimusannus-stg.catholica.va\/en\/wp-json\/wp\/v2\/pages\/4744"}],"collection":[{"href":"https:\/\/centesimusannus-stg.catholica.va\/en\/wp-json\/wp\/v2\/pages"}],"about":[{"href":"https:\/\/centesimusannus-stg.catholica.va\/en\/wp-json\/wp\/v2\/types\/page"}],"author":[{"embeddable":true,"href":"https:\/\/centesimusannus-stg.catholica.va\/en\/wp-json\/wp\/v2\/users\/1"}],"replies":[{"embeddable":true,"href":"https:\/\/centesimusannus-stg.catholica.va\/en\/wp-json\/wp\/v2\/comments?post=4744"}],"version-history":[{"count":0,"href":"https:\/\/centesimusannus-stg.catholica.va\/en\/wp-json\/wp\/v2\/pages\/4744\/revisions"}],"up":[{"embeddable":true,"href":"https:\/\/centesimusannus-stg.catholica.va\/en\/wp-json\/wp\/v2\/pages\/4018"}],"wp:attachment":[{"href":"https:\/\/centesimusannus-stg.catholica.va\/en\/wp-json\/wp\/v2\/media?parent=4744"}],"wp:term":[{"taxonomy":"category","embeddable":true,"href":"https:\/\/centesimusannus-stg.catholica.va\/en\/wp-json\/wp\/v2\/categories?post=4744"},{"taxonomy":"post_tag","embeddable":true,"href":"https:\/\/centesimusannus-stg.catholica.va\/en\/wp-json\/wp\/v2\/tags?post=4744"}],"curies":[{"name":"wp","href":"https:\/\/api.w.org\/{rel}","templated":true}]}}