{"id":4745,"date":"2018-02-12T16:38:10","date_gmt":"2018-02-12T15:38:10","guid":{"rendered":"http:\/\/centesimusannus-stg.catholica.va\/conferences\/2013-2\/a-dialogue-on-finance-and-the-common-good-vaticano-27-28-settembre-2013\/"},"modified":"2021-12-30T14:23:00","modified_gmt":"2021-12-30T13:23:00","slug":"a-dialogue-on-finance-and-the-common-good-vaticano-27-28-settembre-2013","status":"publish","type":"page","link":"https:\/\/centesimusannus-stg.catholica.va\/en\/conferences\/convention-2013\/a-dialogue-on-finance-and-the-common-good-vaticano-27-28-settembre-2013\/","title":{"rendered":"A DIALOGUE ON FINANCE AND THE COMMON GOOD \u2013 VATICANO 27-28 SETTEMBRE 2013"},"content":{"rendered":"<p><center><\/p>\n<div>\n<p>An International consultative meeting was held at the Vatican on the past 27th and 28th. Topic of discussion was: \u201cDebt Crisis, Financial Reform and Common Good\u201d.<\/p>\n<p>About thirty specialists took part to the meeting which has offered the opportunity to create an open dialogue between economic and financial specialists from one part and moral theologians and Christian philosophers from the other.<\/p>\n<\/div>\n<p><strong><br \/>\nFONDAZIONE CENTESIMUS ANNUS \u2013 PRO PONTIFICE<\/strong><\/p>\n<p><strong>International Consultation on\u00a0<\/strong><strong>The Debt Crisis, Financial Reform and the Common Good<\/strong><\/p>\n<p><strong>27 \u2013 28 September, \u00a02013<\/strong><\/p>\n<p><strong>Pontifical Academy of Sciences &#8211; Casina Pio IV &#8211; Vatican City<\/strong><\/p>\n<p><strong>C O N T E N T S<\/strong><\/center><strong><a href=\"http:\/\/centesimusannus-stg.catholica.va\/media\/2ttny1389721576.pdf\"><u>Introduction<\/u><\/a><u><\/u><\/strong><\/p>\n<p><strong>A Dialogue on Finance and the Common Good organized by Fondazione Centesimus Annus \u2013 Pro Pontifice<\/strong><\/p>\n<p><em>Domingo Sugranyes Bickel<\/em>, Chairman of the Board<\/p>\n<p><em>Prof. Alberto Quadrio Curzio<\/em>, Chairman of the Scientific Committee<\/p>\n<p>&nbsp;<\/p>\n<p><strong><u><a href=\"http:\/\/centesimusannus-stg.catholica.va\/media\/2gnpa1389721657.pdf\" target=\"_blank\" rel=\"noopener\">Short Summary<\/a><\/u><\/strong><\/p>\n<p><strong>\u00a0<\/strong><\/p>\n<p><strong>Papers and presentations<\/strong><\/p>\n<p><strong>1.\u00a0\u00a0\u00a0<\/strong><strong>The Debt Crisis: \u00a0What are the Unanswered Key Questions?<\/strong><\/p>\n<p><em><u><a href=\"http:\/\/centesimusannus-stg.catholica.va\/media\/2uyhf1389721822.pdf\" target=\"_blank\" rel=\"noopener\">His Excellency Monsignor Diarmuid Martin<\/a><\/u><\/em>, Archbishop of Dublin<\/p>\n<p><em><u><a href=\"http:\/\/centesimusannus-stg.catholica.va\/media\/2yzjg1389721911.pdf\" target=\"_blank\" rel=\"noopener\">Prof. Michael Dempster<\/a><\/u><\/em>, Centre for Financial Research, University of Cambridge (UK)<\/p>\n<p><em><u><a href=\"http:\/\/centesimusannus-stg.catholica.va\/media\/2oudr1389722096.pdf\" target=\"_blank\" rel=\"noopener\">Dr. D\u2019Maris Coffman<\/a><\/u><\/em>, Centre for Financial History, University of Cambridge (UK)<\/p>\n<p><em><u><a href=\"http:\/\/centesimusannus-stg.catholica.va\/media\/2khtz1389722166.pdf\" target=\"_blank\" rel=\"noopener\">Prof. Jesus Estanislao<\/a><\/u><\/em>, Chairman of the Institute of\u00a0 Corporate Directors, Manila<\/p>\n<p><em><u><a href=\"http:\/\/centesimusannus-stg.catholica.va\/media\/2pjjj1389722240.pdf\" target=\"_blank\" rel=\"noopener\">The Revd Canon Mark Oakley<\/a><\/u><\/em><em>,\u00a0<\/em>Canon Chancellor of St Paul\u2019s Cathedral, London<\/p>\n<p>&nbsp;<\/p>\n<p><strong>2.\u00a0\u00a0\u00a0<\/strong><strong>Credit and Finance, Deleveraging and Growth<\/strong><\/p>\n<p><em><u><a href=\"http:\/\/centesimusannus-stg.catholica.va\/media\/2qnxe1389722339.pdf\" target=\"_blank\" rel=\"noopener\">Prof. Paul H. Dembinski<\/a><\/u><\/em><em>, \u00a0<\/em>Observatoire de la Finance, Geneva, \u00a0CAPP Foundation Scientific Committee<\/p>\n<p><em><u><a href=\"http:\/\/centesimusannus-stg.catholica.va\/media\/2zrgn1389722415.pdf\" target=\"_blank\" rel=\"noopener\">Dr. Elena Medova<\/a><\/u><\/em><em>,\u00a0<\/em>Centre for Financial Research, University of Cambridge \u00a7 Managing Director, Cambridge Systems Associates (UK)<\/p>\n<p><em><u><a href=\"http:\/\/centesimusannus-stg.catholica.va\/media\/2frci1389722472.pdf\" target=\"_blank\" rel=\"noopener\">Prof. Paolo Garonna<\/a><\/u><\/em><em>,\u00a0<\/em>Federation of Banks, Insurance and Finance, Rome, CAPP Foundation Scientific Committee<\/p>\n<p><em><u><a href=\"http:\/\/centesimusannus-stg.catholica.va\/media\/2axou1389722565.pdf\" target=\"_blank\" rel=\"noopener\">Fr. Gael Giraud sj<\/a><\/u><\/em><\/p>\n<p><em><u><a href=\"http:\/\/centesimusannus-stg.catholica.va\/media\/2zqan1389722629.pdf\" target=\"_blank\" rel=\"noopener\">Francesco Vanni d\u2019Archirafi<\/a><\/u><\/em><em>,\u00a0<\/em>CEO of Citi Holding and member of\u00a0 Citigroup Operating Committee, London<\/p>\n<p>&nbsp;<\/p>\n<p><strong>3.\u00a0\u00a0\u00a0<\/strong><strong>Financial Reform. The Case for the Eurozone<\/strong><\/p>\n<p><em><u><a href=\"http:\/\/centesimusannus-stg.catholica.va\/media\/2hzgb1389722729.pdf\" target=\"_blank\" rel=\"noopener\">Josef Bonnici<\/a><\/u><\/em><em>,\u00a0<\/em>Governor, Central Bank of Malta<\/p>\n<p><em><u><a href=\"http:\/\/centesimusannus-stg.catholica.va\/media\/2zsxt1389722810.pdf\" target=\"_blank\" rel=\"noopener\">Jos\u00e9 Manuel Gonz\u00e1lez P\u00e1ramo<\/a><\/u><\/em><em>,\u00a0<\/em>Member of the Board of Directors of BBVA and Professor at IESE, Madrid<\/p>\n<p><em>\u00a0\u00a0\u00a0\u00a0\u00a0\u00a0\u00a0\u00a0\u00a0\u00a0\u00a0<\/em><\/p>\n<p><strong>4.\u00a0\u00a0\u00a0<\/strong><strong>Can ethical questions raised by the Churches help the international decision process on Financial Reform?<\/strong><\/p>\n<p><em><u><a href=\"http:\/\/centesimusannus-stg.catholica.va\/media\/2xbbw1389727518.pdf\" target=\"_blank\" rel=\"noopener\">HE Bishop\u00a0 Mario Toso<\/a><\/u><\/em><em>,\u00a0<\/em>Secretary of the Pontifical Council for Justice and Peace<\/p>\n<p><em><u><a href=\"http:\/\/centesimusannus-stg.catholica.va\/media\/2qtux1389722982.pdf\" target=\"_blank\" rel=\"noopener\">Sean Fieler<\/a><\/u><\/em><em>,\u00a0<\/em>President Equinox Partners LP,\u00a0 New York<\/p>\n<p><em><u><a href=\"http:\/\/centesimusannus-stg.catholica.va\/media\/2ffpy1389723046.pdf\" target=\"_blank\" rel=\"noopener\">Prof. Mons. Livio Melina<\/a><\/u><\/em><em>,\u00a0<\/em>President of the Pontifical John Paul II Institute for Studies on Marriage and Family<\/p>\n<p><em><u><a href=\"http:\/\/centesimusannus-stg.catholica.va\/media\/2xldz1389723105.pdf\" target=\"_blank\" rel=\"noopener\">Prof. Luca Diotallevi<\/a><\/u><\/em><em>,\u00a0<\/em>Universit\u00e0 di Roma Tre and<em>\u00a0<\/em>Prof<em>. Flavio Felice,\u00a0<\/em>\u00a0Pontificia Universit\u00e0 Lateranense<u><\/u><\/p>\n<p>&nbsp;<\/p>\n<p><strong><u><a href=\"http:\/\/centesimusannus-stg.catholica.va\/media\/2ueja1389723265.pdf\" target=\"_blank\" rel=\"noopener\">Synthesis of the discussion<\/a><\/u><\/strong><strong>\u00a0by Simona Beretta, Universit\u00e0 Cattolica del Sacro Cuore, Milan<\/strong><\/p>\n<p><strong>\u00a0<\/strong><\/p>\n<p><strong><u><a href=\"http:\/\/centesimusannus-stg.catholica.va\/media\/2levi1389727600.pdf\" target=\"_blank\" rel=\"noopener\">Address to the Fondazione Centesimus Annus \u2013 Pro Pontifice by HE Angelo Cardinal Scola<\/a><\/u><\/strong><strong>\u00a0Milan, May 2012<\/strong><\/p>\n<p><strong>\u00a0<\/strong><\/p>\n","protected":false},"excerpt":{"rendered":"<p>An International consultative meeting was held at the Vatican on the past 27th and 28th. Topic of discussion was: \u201cDebt Crisis, Financial Reform and Common Good\u201d. About thirty specialists took part to the meeting which has offered the opportunity to create an open dialogue between economic and financial specialists from one part and moral theologians and Christian philosophers from the other. FONDAZIONE CENTESIMUS ANNUS \u2013 PRO PONTIFICE International Consultation on\u00a0The Debt Crisis, Financial Reform and the Common Good 27 \u2013 28 September, \u00a02013 Pontifical Academy of Sciences &#8211; Casina Pio IV &#8211; Vatican City C O N T E N&#8230;<\/p>\n","protected":false},"author":1,"featured_media":0,"parent":4018,"menu_order":0,"comment_status":"closed","ping_status":"closed","template":"","meta":[],"categories":[],"tags":[628],"_links":{"self":[{"href":"https:\/\/centesimusannus-stg.catholica.va\/en\/wp-json\/wp\/v2\/pages\/4745"}],"collection":[{"href":"https:\/\/centesimusannus-stg.catholica.va\/en\/wp-json\/wp\/v2\/pages"}],"about":[{"href":"https:\/\/centesimusannus-stg.catholica.va\/en\/wp-json\/wp\/v2\/types\/page"}],"author":[{"embeddable":true,"href":"https:\/\/centesimusannus-stg.catholica.va\/en\/wp-json\/wp\/v2\/users\/1"}],"replies":[{"embeddable":true,"href":"https:\/\/centesimusannus-stg.catholica.va\/en\/wp-json\/wp\/v2\/comments?post=4745"}],"version-history":[{"count":0,"href":"https:\/\/centesimusannus-stg.catholica.va\/en\/wp-json\/wp\/v2\/pages\/4745\/revisions"}],"up":[{"embeddable":true,"href":"https:\/\/centesimusannus-stg.catholica.va\/en\/wp-json\/wp\/v2\/pages\/4018"}],"wp:attachment":[{"href":"https:\/\/centesimusannus-stg.catholica.va\/en\/wp-json\/wp\/v2\/media?parent=4745"}],"wp:term":[{"taxonomy":"category","embeddable":true,"href":"https:\/\/centesimusannus-stg.catholica.va\/en\/wp-json\/wp\/v2\/categories?post=4745"},{"taxonomy":"post_tag","embeddable":true,"href":"https:\/\/centesimusannus-stg.catholica.va\/en\/wp-json\/wp\/v2\/tags?post=4745"}],"curies":[{"name":"wp","href":"https:\/\/api.w.org\/{rel}","templated":true}]}}