{"id":4753,"date":"2018-02-12T16:59:45","date_gmt":"2018-02-12T15:59:45","guid":{"rendered":"http:\/\/centesimusannus-stg.catholica.va\/conferences\/2015-2\/national-conference-september-26-2015-trento\/"},"modified":"2021-12-30T14:13:44","modified_gmt":"2021-12-30T13:13:44","slug":"national-conference-september-26-2015-trento","status":"publish","type":"page","link":"https:\/\/centesimusannus-stg.catholica.va\/en\/conferences\/convention-2015\/national-conference-september-26-2015-trento\/","title":{"rendered":"NATIONAL CONFERENCE SEPTEMBER 26, 2015 \u2013 TRENTO"},"content":{"rendered":"<p><span id=\"result_box\"><span title=\"Carissimi, \">Dear Friends,<\/span><\/span><\/p>\n<p><span title=\"il 26 Settembre us si \u00e9 svolto a Trento, ospiti dell\u2019Istituto Atesino di Sviluppo, il Convegno Nazionale degli Aderenti della Fondazione che ha presentato quest\u2019anno due novit\u00e0. \">on September 26\u00a0<\/span><span id=\"result_box\"><span title=\"il 26 Settembre us si \u00e9 svolto a Trento, ospiti dell\u2019Istituto Atesino di Sviluppo, il Convegno Nazionale degli Aderenti della Fondazione che ha presentato quest\u2019anno due novit\u00e0. \">the 2015 National Conference\u00a0 of the Foundation\u00a0has been held in Trento, guested by ISA (istituto di Sviluppo Atesino), which this year presented two innovations.<\/span><\/span><\/p>\n<p><span title=\"La prima legata all\u2019attualit\u00e0 della nuova Lettera Enciclica \u201cLaudato si\u2019\u201d del Santo Padre Francesco.\">The first one related to the new encyclical &#8220;Laudato s\u00ec&#8221; by Holy Father Francis.\u00a0<\/span><span title=\"Il tema dell\u2019incontro \u00e9 stato infatti: \u201cLaudato s\u00ec\u201d: La sfida urgente di proteggere la nostra casa comune\u201d. \">The theme of the meeting was in fact: &#8220;Laudato s\u00ec: La sfida urgente di proteggere la nostra casa comune&#8221;.<\/span><\/p>\n<p><span title=\"La seconda \u2013 in omaggio alla regione Trentino Alto Adige che ci ha ospitati - \u00e9 consistita nell\u2019invito a partecipare ai lavori anche agli aderenti ed amici di lingua tedesca. \">The second one &#8211; in homage to the region Trentino Alto Adige that hosted us &#8211; has consisted in the invitation to participate in the work also to members and friends of the German language.<\/span><\/p>\n<p><span title=\"La riunione si \u00e9 svolta nel contesto di una delle pi\u00f9 affascinanti opere di architettura contemporanea, il quartiere Le Albere, progettato da Renzo Piano e realizzato con le migliori tecnologie per il risparmio energetico, con materiali ecocompatibili e nell\u2019ottica della maggiore sostenibilit\u00e0 possibile. \">The meeting was held in the context of one of the most fascinating works of contemporary architecture, the neighborhood The Albere, designed by Renzo Piano and built with the best technologies for energy saving, environmentally friendly materials and in view of the greater sustainability possible.<\/span><\/p>\n<p><span title=\"Il Convegno si \u00e9 concluso con la Santa Messa e la visita al museo MuSe che, dopo solo due anni di attivit\u00e0, \u00e8 diventato l\u2019ottavo museo pi\u00f9 visitato d\u2019Italia.\">The conference has ended with Mass and the visit to the museum MuSe that, after only two years of operation, has become the eighth most visited museum in Italy.<br \/>\n<\/span><\/p>\n<p><a href=\"http:\/\/centesimusannus-stg.catholica.va\/media\/2hbbj1443278520.pdf\" target=\"_blank\" rel=\"noopener\">Press release<\/a><\/p>\n<p><a class=\"video\" href=\"http:\/\/centesimusannus-stg.catholica.va\/site\/index.php?pag=1797&amp;attivita=1816&amp;lingua=2#inline\">Video TG 14.00 Edition Trentino Alto Adige<\/a>\u00a0<a href=\"http:\/\/centesimusannus-stg.catholica.va\/media\/2zfdw1441353465.pdf\" target=\"_blank\" rel=\"noopener\"><br \/>\n<\/a><a href=\"http:\/\/centesimusannus-stg.catholica.va\/media\/2tywv1443347405.pdf\" target=\"_blank\" rel=\"noopener\"><br \/>\nDott. Rob Lake speech<\/a><\/p>\n<p><a href=\"http:\/\/centesimusannus-stg.catholica.va\/media\/2inap1443423161.pdf\" target=\"_blank\" rel=\"noopener\">Don Michele Tomasi speech<\/a><\/p>\n<p id=\"yui_3_16_0_1_1443346571695_7788\"><a href=\"http:\/\/centesimusannus-stg.catholica.va\/media\/2npnc1443348369.pdf\" target=\"_blank\" rel=\"noopener\">Prof. R. Zoboli speech<br \/>\n<\/a><\/p>\n<p><strong>Preliminary documents<\/strong><\/p>\n<p><a href=\"http:\/\/centesimusannus-stg.catholica.va\/media\/2zfdw1441353465.pdf\" target=\"_blank\" rel=\"noopener\">Program<\/a><\/p>\n<p><a href=\"http:\/\/centesimusannus-stg.catholica.va\/media\/2kwub1441353845.pdf\" target=\"_blank\" rel=\"noopener\">Application form<\/a><\/p>\n","protected":false},"excerpt":{"rendered":"<p>NATIONAL CONFERENCE SEPTEMBER 26, 2015 \u2013 TRENTO The theme of the meeting was &#8220;Laudato s\u00ec: La sfida urgente di proteggere la nostra casa comune&#8221;. The invitation to participate in the work also to members and friends of the German language.<\/p>\n","protected":false},"author":1,"featured_media":0,"parent":4021,"menu_order":11,"comment_status":"closed","ping_status":"closed","template":"","meta":[],"categories":[],"tags":[626],"_links":{"self":[{"href":"https:\/\/centesimusannus-stg.catholica.va\/en\/wp-json\/wp\/v2\/pages\/4753"}],"collection":[{"href":"https:\/\/centesimusannus-stg.catholica.va\/en\/wp-json\/wp\/v2\/pages"}],"about":[{"href":"https:\/\/centesimusannus-stg.catholica.va\/en\/wp-json\/wp\/v2\/types\/page"}],"author":[{"embeddable":true,"href":"https:\/\/centesimusannus-stg.catholica.va\/en\/wp-json\/wp\/v2\/users\/1"}],"replies":[{"embeddable":true,"href":"https:\/\/centesimusannus-stg.catholica.va\/en\/wp-json\/wp\/v2\/comments?post=4753"}],"version-history":[{"count":0,"href":"https:\/\/centesimusannus-stg.catholica.va\/en\/wp-json\/wp\/v2\/pages\/4753\/revisions"}],"up":[{"embeddable":true,"href":"https:\/\/centesimusannus-stg.catholica.va\/en\/wp-json\/wp\/v2\/pages\/4021"}],"wp:attachment":[{"href":"https:\/\/centesimusannus-stg.catholica.va\/en\/wp-json\/wp\/v2\/media?parent=4753"}],"wp:term":[{"taxonomy":"category","embeddable":true,"href":"https:\/\/centesimusannus-stg.catholica.va\/en\/wp-json\/wp\/v2\/categories?post=4753"},{"taxonomy":"post_tag","embeddable":true,"href":"https:\/\/centesimusannus-stg.catholica.va\/en\/wp-json\/wp\/v2\/tags?post=4753"}],"curies":[{"name":"wp","href":"https:\/\/api.w.org\/{rel}","templated":true}]}}