{"id":4760,"date":"2018-02-12T17:12:06","date_gmt":"2018-02-12T16:12:06","guid":{"rendered":"http:\/\/centesimusannus-stg.catholica.va\/activities\/local-activities\/italy\/milano\/milan-important-meeting\/"},"modified":"2021-12-29T14:33:02","modified_gmt":"2021-12-29T13:33:02","slug":"milan-important-meeting","status":"publish","type":"page","link":"https:\/\/centesimusannus-stg.catholica.va\/en\/activities\/local\/italy\/milan\/milan-important-meeting\/","title":{"rendered":"MILAN IMPORTANT MEETING"},"content":{"rendered":"<p>Cari Amici,<br \/>\ncon l\u2019inizio dell\u2019ormai normale ritmo quotidiano di lavoro sono lieto di invitarVi , d\u2019intesa con il nostro assistente ecclesiastico don Raffaello Ciccone, ad un incontro di riflessione e condivisione dei temi sociali ed economici che ci stanno pi\u00f9 a cuore alla luce della dottrina sociale della chiesa. Nell\u2019occasione verr\u00e0 presentato il programma delle attivit\u00e0 del gruppo milanese previste per l\u2019anno 2008-2009.<\/p>\n<p>Come motivo comune di riflessione, che potremmo condividere insieme, riporto qui di seguito un brano dell\u2019enciclica a cui la nostra Fondazione si ispira: &#8221; Ma un\u2019altra forma di propriet\u00e0 esiste, in particolare, nel nostro tempo e riveste un\u2019importanza non inferiore a quella della terra: \u00e8 la propriet\u00e0 della conoscenza, della tecnica e del sapere. Su questo tipo di propriet\u00e0 si fonda la ricchezza delle Nazioni industrializzate molto pi\u00f9 che su quella delle risorse naturali&#8221;\u00a0 (Cap. 32). Potrebbe essere utile per l\u2019esperienza fatta anche una riflessione\/suggerimento ai giovani con riferimento alla\u00a0 loro formazione scolastica.<\/p>\n<p>Con l\u2019occasione sar\u00e0 con noi anche il dott. Massimo Gattamelata Segretario Generale della nostra Fondazione<\/p>\n<p>L\u2019incontro si svolger\u00e0 venerd\u00ec 24 ottobre dalle ore 18.00\u00a0 alle ore 19.30<br \/>\npresso il Palazzo Arcivescovile in Piazza Fontana, 2<\/p>\n<p>Vi ringrazio della Vostra attenzione ed auspico di vederVi numerosi a questa importante occasione di incontro<\/p>\n<p>Con i pi\u00f9 cordiali saluti<\/p>\n<p>Francesco Sansone<\/p>\n","protected":false},"excerpt":{"rendered":"<p>Cari Amici, con l\u2019inizio dell\u2019ormai normale ritmo quotidiano di lavoro sono lieto di invitarVi , d\u2019intesa con il nostro assistente ecclesiastico don Raffaello Ciccone, ad un incontro di riflessione e condivisione dei temi sociali ed economici che ci stanno pi\u00f9 a cuore alla luce della dottrina sociale della chiesa. Nell\u2019occasione verr\u00e0 presentato il programma delle attivit\u00e0 del gruppo milanese previste per l\u2019anno 2008-2009. Come motivo comune di riflessione, che potremmo condividere insieme, riporto qui di seguito un brano dell\u2019enciclica a cui la nostra Fondazione si ispira: &#8221; Ma un\u2019altra forma di propriet\u00e0 esiste, in particolare, nel nostro tempo e riveste&#8230;<\/p>\n","protected":false},"author":1,"featured_media":0,"parent":14929,"menu_order":79,"comment_status":"closed","ping_status":"closed","template":"","meta":[],"categories":[32],"tags":[590],"_links":{"self":[{"href":"https:\/\/centesimusannus-stg.catholica.va\/en\/wp-json\/wp\/v2\/pages\/4760"}],"collection":[{"href":"https:\/\/centesimusannus-stg.catholica.va\/en\/wp-json\/wp\/v2\/pages"}],"about":[{"href":"https:\/\/centesimusannus-stg.catholica.va\/en\/wp-json\/wp\/v2\/types\/page"}],"author":[{"embeddable":true,"href":"https:\/\/centesimusannus-stg.catholica.va\/en\/wp-json\/wp\/v2\/users\/1"}],"replies":[{"embeddable":true,"href":"https:\/\/centesimusannus-stg.catholica.va\/en\/wp-json\/wp\/v2\/comments?post=4760"}],"version-history":[{"count":0,"href":"https:\/\/centesimusannus-stg.catholica.va\/en\/wp-json\/wp\/v2\/pages\/4760\/revisions"}],"up":[{"embeddable":true,"href":"https:\/\/centesimusannus-stg.catholica.va\/en\/wp-json\/wp\/v2\/pages\/14929"}],"wp:attachment":[{"href":"https:\/\/centesimusannus-stg.catholica.va\/en\/wp-json\/wp\/v2\/media?parent=4760"}],"wp:term":[{"taxonomy":"category","embeddable":true,"href":"https:\/\/centesimusannus-stg.catholica.va\/en\/wp-json\/wp\/v2\/categories?post=4760"},{"taxonomy":"post_tag","embeddable":true,"href":"https:\/\/centesimusannus-stg.catholica.va\/en\/wp-json\/wp\/v2\/tags?post=4760"}],"curies":[{"name":"wp","href":"https:\/\/api.w.org\/{rel}","templated":true}]}}