{"id":4781,"date":"2018-02-12T17:31:31","date_gmt":"2018-02-12T16:31:31","guid":{"rendered":"http:\/\/centesimusannus-stg.catholica.va\/activities\/local-activities\/italy\/milano\/september-19th-cenacle-on-the-words-of-pope-francis-to-our-society-innovation-or-continuity\/"},"modified":"2021-12-29T14:23:16","modified_gmt":"2021-12-29T13:23:16","slug":"september-19th-cenacle-on-the-words-of-pope-francis-to-our-society-innovation-or-continuity","status":"publish","type":"page","link":"https:\/\/centesimusannus-stg.catholica.va\/en\/activities\/local\/italy\/milan\/september-19th-cenacle-on-the-words-of-pope-francis-to-our-society-innovation-or-continuity\/","title":{"rendered":"September 19th: Cenacle on &#8220;The words of Pope Francis to our society: innovation or continuity?&#8221;"},"content":{"rendered":"<p>Cari Amici,<\/p>\n<p>dopo la pausa estiva riprendiamo le attivit\u00e0 del nostro Chapter di Milano con un incontro che dedicheremo a \u201c<strong>Le parole di Papa Francesco alla nostra societ\u00e0: novit\u00e0 o continuit\u00e0?\u201d.\u00a0<\/strong>Il cenacolo si svolger\u00e0 gioved\u00ec\u00a0<strong id=\"yui_3_7_2_1_1378798981326_8501\">19 settembre dalle ore 18.00 alle ore 19.30<\/strong>\u00a0in Piazza Belgioioso, 1.<\/p>\n<p>Dopo l\u2019intervento introduttivo del nostro assistente ecclesiastico don Walter Magnoni, potremo approfondire il pensiero del Papa e condividere le considerazioni di ciascuno, anche alla luce degli ultimi documenti del Magistero. A tal proposito, segnaliamo il\u00a0 testo dell\u2019<a href=\"http:\/\/www.vatican.va\/holy_father\/francesco\/angelus\/2013\/documents\/papa-francesco_angelus_20130901_it.html\" target=\"_blank\" rel=\"noopener\">Angelus del 1 Settembre u.s.<\/a><\/p>\n<p>Con l\u2019occasione ricordo la\u00a0<a id=\"yui_3_7_2_1_1378798981326_8504\" href=\"http:\/\/www.incrocinews.it\/chiesa-diocesi\/in-sant-ambrogio-l-arcivescovo-guida-br-la-preghiera-per-la-pace-in-siria-1.79573\" target=\"_blank\" rel=\"noopener\">veglia di preghiera e di digiuno<\/a>\u00a0per invocare il dono della pace per la Siria e per tutte le situazioni di conflitto e di violenza nel mondo, che si svolger\u00e0 domani presso la Basilica di Sant\u2019Ambrogio a partire dalle ore 21 ed alla quale ci uniremo per le intenzioni del Santo Padre.<\/p>\n<p><em id=\"yui_3_7_2_1_1378798981326_8508\"><span id=\"yui_3_7_2_1_1378798981326_8507\">Ringraziamo Intesa San Paolo per la gentile concessione della sala ove si svolger\u00e0 l\u2019incontro.<\/span><\/em><\/p>\n<p id=\"yui_3_7_2_1_1378798981326_8512\"><em id=\"yui_3_7_2_1_1378798981326_8511\"><span id=\"yui_3_7_2_1_1378798981326_8510\">Ai fini organizzativi prego di confermare la propria partecipazione.<\/span><\/em><\/p>\n<p>Con i pi\u00f9 cordiali saluti,<\/p>\n<p>Francesco Sansone<\/p>\n<p id=\"yui_3_7_2_1_1378798981326_8519\">Referente di Milano<\/p>\n<p id=\"yui_3_7_2_1_1378798981326_8518\">Fondazione Centesimus Annus \u2013 Pro Pontifice<\/p>\n","protected":false},"excerpt":{"rendered":"<p>Cari Amici, dopo la pausa estiva riprendiamo le attivit\u00e0 del nostro Chapter di Milano con un incontro che dedicheremo a \u201cLe parole di Papa Francesco alla nostra societ\u00e0: novit\u00e0 o continuit\u00e0?\u201d.\u00a0Il cenacolo si svolger\u00e0 gioved\u00ec\u00a019 settembre dalle ore 18.00 alle ore 19.30\u00a0in Piazza Belgioioso, 1. Dopo l\u2019intervento introduttivo del nostro assistente ecclesiastico don Walter Magnoni, potremo approfondire il pensiero del Papa e condividere le considerazioni di ciascuno, anche alla luce degli ultimi documenti del Magistero. A tal proposito, segnaliamo il\u00a0 testo dell\u2019Angelus del 1 Settembre u.s. Con l\u2019occasione ricordo la\u00a0veglia di preghiera e di digiuno\u00a0per invocare il dono della pace&#8230;<\/p>\n","protected":false},"author":1,"featured_media":0,"parent":14929,"menu_order":60,"comment_status":"closed","ping_status":"closed","template":"","meta":[],"categories":[32],"tags":[586],"_links":{"self":[{"href":"https:\/\/centesimusannus-stg.catholica.va\/en\/wp-json\/wp\/v2\/pages\/4781"}],"collection":[{"href":"https:\/\/centesimusannus-stg.catholica.va\/en\/wp-json\/wp\/v2\/pages"}],"about":[{"href":"https:\/\/centesimusannus-stg.catholica.va\/en\/wp-json\/wp\/v2\/types\/page"}],"author":[{"embeddable":true,"href":"https:\/\/centesimusannus-stg.catholica.va\/en\/wp-json\/wp\/v2\/users\/1"}],"replies":[{"embeddable":true,"href":"https:\/\/centesimusannus-stg.catholica.va\/en\/wp-json\/wp\/v2\/comments?post=4781"}],"version-history":[{"count":0,"href":"https:\/\/centesimusannus-stg.catholica.va\/en\/wp-json\/wp\/v2\/pages\/4781\/revisions"}],"up":[{"embeddable":true,"href":"https:\/\/centesimusannus-stg.catholica.va\/en\/wp-json\/wp\/v2\/pages\/14929"}],"wp:attachment":[{"href":"https:\/\/centesimusannus-stg.catholica.va\/en\/wp-json\/wp\/v2\/media?parent=4781"}],"wp:term":[{"taxonomy":"category","embeddable":true,"href":"https:\/\/centesimusannus-stg.catholica.va\/en\/wp-json\/wp\/v2\/categories?post=4781"},{"taxonomy":"post_tag","embeddable":true,"href":"https:\/\/centesimusannus-stg.catholica.va\/en\/wp-json\/wp\/v2\/tags?post=4781"}],"curies":[{"name":"wp","href":"https:\/\/api.w.org\/{rel}","templated":true}]}}