{"id":4800,"date":"2018-02-12T17:57:16","date_gmt":"2018-02-12T16:57:16","guid":{"rendered":"http:\/\/centesimusannus-stg.catholica.va\/activities\/local-activities\/italy\/milano\/group-meeting-for-the-2015-international-conference-milan-group-capp\/"},"modified":"2021-12-29T14:16:50","modified_gmt":"2021-12-29T13:16:50","slug":"group-meeting-for-the-2015-international-conference-milan-group-capp","status":"publish","type":"page","link":"https:\/\/centesimusannus-stg.catholica.va\/en\/activities\/local\/italy\/milan\/group-meeting-for-the-2015-international-conference-milan-group-capp\/","title":{"rendered":"Group meeting for the 2015 International Conference, Milan group CAPP"},"content":{"rendered":"<p>Carissimi,<\/p>\n<p>ringrazio tutti coloro che hanno partecipato con qualificato slancio al percorso di approfondimento verso l\u2019imminente conferenza internazionale della FCAPP e all\u2019elaborazione del contributo come Gruppo di Milano sul punto\u00a0<strong id=\"yui_3_16_0_1_1433937207887_25616\">Un messaggio urgente per il mondo contemporaneo: \u00e8 possibile la diffusione della dottrina sociale cattolica anche in assenza di fede cristiana?\u00a0<\/strong>Nel corso dei nostri incontri abbiamo cercato di sviluppare questo tema sulla base di testimonianze ed esperienze personali che hanno evidenziato l\u2019apprezzamento della dottrina sociale anche da parte di chi non ha fede perch\u00e9 viene vista come una posizione equilibrata fra economia\/istituzioni\/societ\u00e0, basata sul bene comune che \u00e8 un processo non un prodotto, cio\u00e8 qualcosa da perseguire che nasce dal desiderio di costruire qualcosa insieme. Vi allego il ns contributo presentato in Vaticano insieme al verbale del II\u00b0 incontro che si \u00e8 svolto presso l\u2019Universit\u00e0 Cattolica di Milano.<\/p>\n<p id=\"yui_3_16_0_1_1433937207887_25621\"><span id=\"yui_3_16_0_1_1433937207887_25620\">Nel corso dell\u2019incontro abbiamo anche accennato all\u2019organizzazione di un Convegno che si svolger\u00e0 a Milano nel Novembre 2015 in approfondimento dei temi della conferenza internazionale e dei contenuti dello Statement della FCAPP 2015 dal titolo &#8220;<strong id=\"yui_3_16_0_1_1433937207887_25623\">Un\u2019economia di mercato riformata: un\u2019imprenditorialit\u00e0 per lo sviluppo umano<\/strong>\u201d. Ci accompagneranno in questo percorso, dal punto di vista scientifico, i Professori Alberto Quadrio Curzio e Giovanni Marseguerra ed abbiamo chiesto al Dr. Massimo Gattamelata di fornirci il suo prezioso contributo nella realizzazione dell\u2019evento.<\/span><\/p>\n<p>Con l\u2019occasione sono particolarmente lieto di segnalare una conferenza molto interessante di Carlo Cottarelli, Direttore Esecutivo IMF per l\u2019Italia,\u00a0 sul tema \u201c<strong>L\u2019economia Italiana vista da Washington<\/strong>\u201d che si svolger\u00e0 presso l\u2019Universit\u00e0 Cattolica il 22 maggio alle ore 11 e che verr\u00e0 introdotta dal Prof. Alberto Quadrio Curzio.<\/p>\n<p>Con i pi\u00f9 cordiali saluti,<\/p>\n<p id=\"yui_3_16_0_1_1433937207887_25634\">Francesco Sansone, Consigliere di Amministrazione e Referente di Milano<\/p>\n<p><a href=\"http:\/\/centesimusannus-stg.catholica.va\/media\/2owpm1433951588.pdf\" target=\"_blank\" rel=\"noopener\">Invito Conferenza Carlo Cottarelli<\/a><\/p>\n<p><a href=\"http:\/\/centesimusannus-stg.catholica.va\/media\/2efem1433951643.pdf\" target=\"_blank\" rel=\"noopener\">Un messaggio urgente per il mondo contemporaneo gruppo di Milano FCAPP<\/a><\/p>\n<p><a href=\"http:\/\/centesimusannus-stg.catholica.va\/media\/2wgbs1433951699.pdf\" target=\"_blank\" rel=\"noopener\">Verbale del II incontro preparatorio del gruppo di Milano della FCAPP alla Conferenza Internazionale 2015<\/a><\/p>\n","protected":false},"excerpt":{"rendered":"<p>Carissimi, ringrazio tutti coloro che hanno partecipato con qualificato slancio al percorso di approfondimento verso l\u2019imminente conferenza internazionale della FCAPP e all\u2019elaborazione del contributo come Gruppo di Milano sul punto\u00a0Un messaggio urgente per il mondo contemporaneo: \u00e8 possibile la diffusione della dottrina sociale cattolica anche in assenza di fede cristiana?\u00a0Nel corso dei nostri incontri abbiamo cercato di sviluppare questo tema sulla base di testimonianze ed esperienze personali che hanno evidenziato l\u2019apprezzamento della dottrina sociale anche da parte di chi non ha fede perch\u00e9 viene vista come una posizione equilibrata fra economia\/istituzioni\/societ\u00e0, basata sul bene comune che \u00e8 un processo non&#8230;<\/p>\n","protected":false},"author":1,"featured_media":0,"parent":14929,"menu_order":47,"comment_status":"closed","ping_status":"closed","template":"","meta":[],"categories":[32],"tags":[584],"_links":{"self":[{"href":"https:\/\/centesimusannus-stg.catholica.va\/en\/wp-json\/wp\/v2\/pages\/4800"}],"collection":[{"href":"https:\/\/centesimusannus-stg.catholica.va\/en\/wp-json\/wp\/v2\/pages"}],"about":[{"href":"https:\/\/centesimusannus-stg.catholica.va\/en\/wp-json\/wp\/v2\/types\/page"}],"author":[{"embeddable":true,"href":"https:\/\/centesimusannus-stg.catholica.va\/en\/wp-json\/wp\/v2\/users\/1"}],"replies":[{"embeddable":true,"href":"https:\/\/centesimusannus-stg.catholica.va\/en\/wp-json\/wp\/v2\/comments?post=4800"}],"version-history":[{"count":0,"href":"https:\/\/centesimusannus-stg.catholica.va\/en\/wp-json\/wp\/v2\/pages\/4800\/revisions"}],"up":[{"embeddable":true,"href":"https:\/\/centesimusannus-stg.catholica.va\/en\/wp-json\/wp\/v2\/pages\/14929"}],"wp:attachment":[{"href":"https:\/\/centesimusannus-stg.catholica.va\/en\/wp-json\/wp\/v2\/media?parent=4800"}],"wp:term":[{"taxonomy":"category","embeddable":true,"href":"https:\/\/centesimusannus-stg.catholica.va\/en\/wp-json\/wp\/v2\/categories?post=4800"},{"taxonomy":"post_tag","embeddable":true,"href":"https:\/\/centesimusannus-stg.catholica.va\/en\/wp-json\/wp\/v2\/tags?post=4800"}],"curies":[{"name":"wp","href":"https:\/\/api.w.org\/{rel}","templated":true}]}}