{"id":4817,"date":"2017-11-19T09:27:54","date_gmt":"2017-11-19T08:27:54","guid":{"rendered":"http:\/\/centesimusannus-stg.catholica.va\/activities\/local-activities\/italy\/milano\/november-20th-2017-meeting-fcapp-milan-chapter\/"},"modified":"2021-12-30T14:56:16","modified_gmt":"2021-12-30T13:56:16","slug":"november-20th-2017-meeting-fcapp-milan-chapter","status":"publish","type":"page","link":"https:\/\/centesimusannus-stg.catholica.va\/en\/activities\/local\/italy\/milan\/november-20th-2017-meeting-fcapp-milan-chapter\/","title":{"rendered":"November 20th, 2017 \u2013 Meeting FCAPP Milan Chapter"},"content":{"rendered":"<p>Carissimi,<\/p>\n<p id=\"yui_3_16_0_ym19_1_1511767073896_32331\">Vi comunico che la riunione del Chapter di Milano del\u00a0<strong>20 novembre<\/strong>\u00a0prossimo si terr\u00e0\u00a0<strong id=\"yui_3_16_0_ym19_1_1511767073896_32343\">presso la sala riunioni (denominata Oratorio) adiacente alla chiesa di San Giorgio in Piazza San Giorgio 2 (Via Torino)<\/strong>.<\/p>\n<p id=\"yui_3_16_0_ym19_1_1511767073896_32344\">Scopo della Riunione sar\u00e0 la prosecuzione della discussione per la preparazione dei documenti che costituiranno il contributo del nostro Chapter al Convegno Internazionale della Fondazione Centesimus Annus P.P. che si svolger\u00e0 a Roma dal 24 al 26 maggio 2018.<\/p>\n<p id=\"yui_3_16_0_ym19_1_1511767073896_32348\">La partecipazione a questo incontro e a quelli successivi, le cui date sono gi\u00e0 state definite e rese note nella precedente comunicazione, \u00e8 molto importante per fornire il massimo supporto alla elaborazione delle relazioni sui temi scelti dal nostro Chapter che sono:<\/p>\n<p id=\"yui_3_16_0_ym19_1_1511767073896_32353\"><strong id=\"yui_3_16_0_ym19_1_1511767073896_32352\">1. Il futuro del lavoro e dell\u2019occupazione nell\u2019era della rivoluzione digitale. Dialogo con organizzazioni sindacali. Iniziative di formazione e addestramento.<\/strong><\/p>\n<p id=\"yui_3_16_0_ym19_1_1511767073896_32357\"><strong id=\"yui_3_16_0_ym19_1_1511767073896_32356\">2. Famiglia, comunicazione digitale, incertezza sul futuro lavorativo, equilibrio Famiglia-Lavoro e divario Uomo\/Donna.<\/strong><\/p>\n<p id=\"yui_3_16_0_ym19_1_1511767073896_32359\">Come di consueto Vi chiedo, qualora non l\u2019abbiate gi\u00e0 fatto, di voler cortesemente confermare la Vostra presenza all\u2019incontro o l\u2019impossibilit\u00e0 di partecipare.<\/p>\n<p id=\"yui_3_16_0_ym19_1_1511767073896_32361\">Piero Candido Tagliabue<\/p>\n<p>Segretario Coordinatore Chapter di Milano FCAPP<\/p>\n","protected":false},"excerpt":{"rendered":"<p>Carissimi, Vi comunico che la riunione del Chapter di Milano del\u00a020 novembre\u00a0prossimo si terr\u00e0\u00a0presso la sala riunioni (denominata Oratorio) adiacente alla chiesa di San Giorgio in Piazza San Giorgio 2 (Via Torino). Scopo della Riunione sar\u00e0 la prosecuzione della discussione per la preparazione dei documenti che costituiranno il contributo del nostro Chapter al Convegno Internazionale della Fondazione Centesimus Annus P.P. che si svolger\u00e0 a Roma dal 24 al 26 maggio 2018. La partecipazione a questo incontro e a quelli successivi, le cui date sono gi\u00e0 state definite e rese note nella precedente comunicazione, \u00e8 molto importante per fornire il massimo&#8230;<\/p>\n","protected":false},"author":1,"featured_media":0,"parent":14929,"menu_order":28,"comment_status":"closed","ping_status":"closed","template":"","meta":[],"categories":[32],"tags":[737],"_links":{"self":[{"href":"https:\/\/centesimusannus-stg.catholica.va\/en\/wp-json\/wp\/v2\/pages\/4817"}],"collection":[{"href":"https:\/\/centesimusannus-stg.catholica.va\/en\/wp-json\/wp\/v2\/pages"}],"about":[{"href":"https:\/\/centesimusannus-stg.catholica.va\/en\/wp-json\/wp\/v2\/types\/page"}],"author":[{"embeddable":true,"href":"https:\/\/centesimusannus-stg.catholica.va\/en\/wp-json\/wp\/v2\/users\/1"}],"replies":[{"embeddable":true,"href":"https:\/\/centesimusannus-stg.catholica.va\/en\/wp-json\/wp\/v2\/comments?post=4817"}],"version-history":[{"count":0,"href":"https:\/\/centesimusannus-stg.catholica.va\/en\/wp-json\/wp\/v2\/pages\/4817\/revisions"}],"up":[{"embeddable":true,"href":"https:\/\/centesimusannus-stg.catholica.va\/en\/wp-json\/wp\/v2\/pages\/14929"}],"wp:attachment":[{"href":"https:\/\/centesimusannus-stg.catholica.va\/en\/wp-json\/wp\/v2\/media?parent=4817"}],"wp:term":[{"taxonomy":"category","embeddable":true,"href":"https:\/\/centesimusannus-stg.catholica.va\/en\/wp-json\/wp\/v2\/categories?post=4817"},{"taxonomy":"post_tag","embeddable":true,"href":"https:\/\/centesimusannus-stg.catholica.va\/en\/wp-json\/wp\/v2\/tags?post=4817"}],"curies":[{"name":"wp","href":"https:\/\/api.w.org\/{rel}","templated":true}]}}