{"id":4822,"date":"2018-02-13T09:42:05","date_gmt":"2018-02-13T08:42:05","guid":{"rendered":"http:\/\/centesimusannus-stg.catholica.va\/activities\/local-activities\/italy\/milano\/report-of-the-22nd-january-meeting-and-future-commitments\/"},"modified":"2021-12-28T15:00:22","modified_gmt":"2021-12-28T14:00:22","slug":"report-of-the-22nd-january-meeting-and-future-commitments","status":"publish","type":"page","link":"https:\/\/centesimusannus-stg.catholica.va\/en\/activities\/local\/italy\/milan\/report-of-the-22nd-january-meeting-and-future-commitments\/","title":{"rendered":"Report of the 22nd January meeting and future commitments"},"content":{"rendered":"<p>Carissimi,<\/p>\n<p>lo scorso 22 gennaio si \u00e8 tenuta la seconda riunione del Chapter di Milano dedicata al lavoro di implementazione del documento che verr\u00e0 presentato al Convegno Internazionale della Fondazione che si svolger\u00e0 a Roma dal 24 al 26 maggio 2018 di cui si allega l&#8217;ultimo aggiornamento del programma.<\/p>\n<p>Nel corso della riunione si \u00e8 approfondito ulteriormente il tema\u00a0<strong>&#8220;Il futuro del lavoro e dell&#8217;occupazione nell&#8217;era della rivoluzione digitale. Dialogo con organizzazioni sindacali, iniziative di formazione e addestramento&#8221;\u00a0<\/strong>grazie al contributo fornito da Massimiliano Riva che ha razionalizzato in un documento alcuni spunti di analisi e riflessione.<\/p>\n<p>Alla riunione hanno contribuito anche due delegati del Gruppo di Lavoro dell&#8217;UCID che sta approfondendo il tema &#8221; Il futuro del lavoro&#8221;.<\/p>\n<p>La riflessione ha portato a valutare l&#8217;opportunit\u00e0 che il contributo che verr\u00e0 fornito dal nostro Chapter, oltre ai contenuti in termini di analisi, abbia anche una valenza sotto il profilo della testimonianza attraverso la citazione di casi reali di successo nella sfida al cambiamento determinata dalle nuove tecnologie. In questo senso verranno organizzati incontri con esponenti del mondo imprenditoriale e delle professioni della Lombardia che si sono distinti in tale sfida.<\/p>\n<p><strong>Come da programma a suo tempo inviato a tutti Vi comunico che la prossima riunione \u00e8 prevista il 26 febbraio prossimo.<\/strong><\/p>\n<p>Sempre con riferimento al programma, stiamo organizzando per\u00a0<strong>sabato 17 marzo<\/strong>\u00a0un pomeriggio di ritiro spirituale presso\u00a0<strong>Villa Cagnola a Gazzada (VA)<\/strong>\u00a0che si concluder\u00e0 in serata con un momento conviviale.<\/p>\n<p>In seguito verranno forniti ulteriori dettagli, mi limiter\u00f2 quindi in questa comunicazione a fornire una sintesi delle modalit\u00e0 di svolgimento:<\/p>\n<p>&#8211; il ritiro avr\u00e0 inizio\u00a0<strong>intorno alle 15.00<\/strong>\u00a0e prevedr\u00e0 un momento di meditazione guidato dal nostro Assistente Ecclesiastico Don Walter Magnoni;<br \/>\n&#8211; nel corso del pomeriggio sar\u00e0 celebrata la Santa Messa nella chiesa della Villa;<br \/>\n&#8211; in serata vi sar\u00e0 la cena presso il ristorante della Villa stessa.<\/p>\n<p>Il costo complessivo \u00e8 di 30,00 Euro a persona.<\/p>\n<p>Chi intendesse partecipare a questo momento di arricchimento spirituale e conviviale \u00e8 pregato di fornire la propria adesione quanto prima al fine di consentire i necessari adempimenti organizzativi.<\/p>\n<p>Un caro saluto,<br \/>\nPiero Candido Tagliabue<br \/>\nSegretario Coordinatore Chapter di Milano FCAPP<\/p>\n","protected":false},"excerpt":{"rendered":"<p>Carissimi, lo scorso 22 gennaio si \u00e8 tenuta la seconda riunione del Chapter di Milano dedicata al lavoro di implementazione del documento che verr\u00e0 presentato al Convegno Internazionale della Fondazione che si svolger\u00e0 a Roma dal 24 al 26 maggio 2018 di cui si allega l&#8217;ultimo aggiornamento del programma. Nel corso della riunione si \u00e8 approfondito ulteriormente il tema\u00a0&#8220;Il futuro del lavoro e dell&#8217;occupazione nell&#8217;era della rivoluzione digitale. Dialogo con organizzazioni sindacali, iniziative di formazione e addestramento&#8221;\u00a0grazie al contributo fornito da Massimiliano Riva che ha razionalizzato in un documento alcuni spunti di analisi e riflessione. Alla riunione hanno contribuito anche&#8230;<\/p>\n","protected":false},"author":1,"featured_media":0,"parent":14929,"menu_order":83,"comment_status":"closed","ping_status":"closed","template":"","meta":[],"categories":[],"tags":[495],"_links":{"self":[{"href":"https:\/\/centesimusannus-stg.catholica.va\/en\/wp-json\/wp\/v2\/pages\/4822"}],"collection":[{"href":"https:\/\/centesimusannus-stg.catholica.va\/en\/wp-json\/wp\/v2\/pages"}],"about":[{"href":"https:\/\/centesimusannus-stg.catholica.va\/en\/wp-json\/wp\/v2\/types\/page"}],"author":[{"embeddable":true,"href":"https:\/\/centesimusannus-stg.catholica.va\/en\/wp-json\/wp\/v2\/users\/1"}],"replies":[{"embeddable":true,"href":"https:\/\/centesimusannus-stg.catholica.va\/en\/wp-json\/wp\/v2\/comments?post=4822"}],"version-history":[{"count":0,"href":"https:\/\/centesimusannus-stg.catholica.va\/en\/wp-json\/wp\/v2\/pages\/4822\/revisions"}],"up":[{"embeddable":true,"href":"https:\/\/centesimusannus-stg.catholica.va\/en\/wp-json\/wp\/v2\/pages\/14929"}],"wp:attachment":[{"href":"https:\/\/centesimusannus-stg.catholica.va\/en\/wp-json\/wp\/v2\/media?parent=4822"}],"wp:term":[{"taxonomy":"category","embeddable":true,"href":"https:\/\/centesimusannus-stg.catholica.va\/en\/wp-json\/wp\/v2\/categories?post=4822"},{"taxonomy":"post_tag","embeddable":true,"href":"https:\/\/centesimusannus-stg.catholica.va\/en\/wp-json\/wp\/v2\/tags?post=4822"}],"curies":[{"name":"wp","href":"https:\/\/api.w.org\/{rel}","templated":true}]}}