{"id":6823,"date":"2018-06-05T11:33:50","date_gmt":"2018-06-05T09:33:50","guid":{"rendered":"http:\/\/centesimusannus-stg.catholica.va\/activities\/local-activities\/italy\/milano\/19-giugno-2018-prossima-riunione-del-chapter-di-milano-fcapp\/"},"modified":"2021-12-28T14:58:34","modified_gmt":"2021-12-28T13:58:34","slug":"19-giugno-2018-prossima-riunione-del-chapter-di-milano-fcapp","status":"publish","type":"page","link":"https:\/\/centesimusannus-stg.catholica.va\/en\/activities\/local\/italy\/milan\/19-giugno-2018-prossima-riunione-del-chapter-di-milano-fcapp\/","title":{"rendered":"June 19th 2018 \u2013 Meeting of CAPP Milan Chapter"},"content":{"rendered":"<p>Carissimi,<\/p>\n<p>ci apprestiamo a riprendere l&#8217;attivit\u00e0 a livello locale\u00a0dopo la parentesi\u00a0 dell&#8217;interessantissima Conferenza Internazionale della Fondazione svoltasi a Roma dal 24 al 26 maggio alla quale il nostro Chapter ha contribuito con il documento\u00a0 elaborato nel corso degli incontri che si sono tenuti tra il 2017 e aprile 2018 di cui alleghiamo copia.<\/p>\n<p><strong>E&#8217; stata fissata una riunione per il prossimo 19 giugno 2018 che si svolger\u00e0 come di consueto presso la<\/strong><strong>\u00a0sala riunioni &#8220;Oratorio&#8221; in piazza di San Giorgio 2 (Chiesa di San Giorgio al Palazzo) dalle ore 18.15 alle 20.00 circa.<\/strong><\/p>\n<p>L&#8217;incontro servir\u00e0 tra l&#8217;altro ad impostare le prossime attivit\u00e0 del nostro Chapter ed \u00e8 quindi importante un&#8217;ampia partecipazione per poter acquisire un ampio ventaglio di utili suggerimenti e indicazioni.<\/p>\n<p>Vi chiedo come di consueto di voler cortesemente confermare la presenza alla riunione.<\/p>\n<p>Un caro saluto.<\/p>\n<p>Piero Candido Tagliabue<br \/>\nSegretario Coordinatore Chapter di Milano FCAPP<\/p>\n<p><a href=\"https:\/\/centesimusannus-stg.catholica.va\/wp-content\/uploads\/2018\/06\/centesimus-milano-per-convegno-roma-2018-2-1.pdf\" target=\"_blank\" rel=\"noopener\">Download document<\/a><\/p>\n","protected":false},"excerpt":{"rendered":"<p>Carissimi, ci apprestiamo a riprendere l&#8217;attivit\u00e0 a livello locale\u00a0dopo la parentesi\u00a0 dell&#8217;interessantissima Conferenza Internazionale della Fondazione svoltasi a Roma dal 24 al 26 maggio alla quale il nostro Chapter ha contribuito con il documento\u00a0 elaborato nel corso degli incontri che si sono tenuti tra il 2017 e aprile 2018 di cui alleghiamo copia. E&#8217; stata fissata una riunione per il prossimo 19 giugno 2018 che si svolger\u00e0 come di consueto presso la\u00a0sala riunioni &#8220;Oratorio&#8221; in piazza di San Giorgio 2 (Chiesa di San Giorgio al Palazzo) dalle ore 18.15 alle 20.00 circa. L&#8217;incontro servir\u00e0 tra l&#8217;altro ad impostare le prossime&#8230;<\/p>\n","protected":false},"author":2,"featured_media":0,"parent":14929,"menu_order":0,"comment_status":"closed","ping_status":"closed","template":"","meta":[],"categories":[],"tags":[495],"_links":{"self":[{"href":"https:\/\/centesimusannus-stg.catholica.va\/en\/wp-json\/wp\/v2\/pages\/6823"}],"collection":[{"href":"https:\/\/centesimusannus-stg.catholica.va\/en\/wp-json\/wp\/v2\/pages"}],"about":[{"href":"https:\/\/centesimusannus-stg.catholica.va\/en\/wp-json\/wp\/v2\/types\/page"}],"author":[{"embeddable":true,"href":"https:\/\/centesimusannus-stg.catholica.va\/en\/wp-json\/wp\/v2\/users\/2"}],"replies":[{"embeddable":true,"href":"https:\/\/centesimusannus-stg.catholica.va\/en\/wp-json\/wp\/v2\/comments?post=6823"}],"version-history":[{"count":0,"href":"https:\/\/centesimusannus-stg.catholica.va\/en\/wp-json\/wp\/v2\/pages\/6823\/revisions"}],"up":[{"embeddable":true,"href":"https:\/\/centesimusannus-stg.catholica.va\/en\/wp-json\/wp\/v2\/pages\/14929"}],"wp:attachment":[{"href":"https:\/\/centesimusannus-stg.catholica.va\/en\/wp-json\/wp\/v2\/media?parent=6823"}],"wp:term":[{"taxonomy":"category","embeddable":true,"href":"https:\/\/centesimusannus-stg.catholica.va\/en\/wp-json\/wp\/v2\/categories?post=6823"},{"taxonomy":"post_tag","embeddable":true,"href":"https:\/\/centesimusannus-stg.catholica.va\/en\/wp-json\/wp\/v2\/tags?post=6823"}],"curies":[{"name":"wp","href":"https:\/\/api.w.org\/{rel}","templated":true}]}}