{"id":7778,"date":"2018-10-09T12:26:09","date_gmt":"2018-10-09T10:26:09","guid":{"rendered":"http:\/\/centesimusannus-stg.catholica.va\/?page_id=7778"},"modified":"2021-12-29T10:23:19","modified_gmt":"2021-12-29T09:23:19","slug":"december-13rd-christmas-holy-mass-2","status":"publish","type":"page","link":"https:\/\/centesimusannus-stg.catholica.va\/en\/activities\/local\/italy\/rome\/december-13rd-christmas-holy-mass-2\/","title":{"rendered":"Meeting dates City of Rome Group"},"content":{"rendered":"<p>Carissimi,<\/p>\n<p>Vi trasmetto un&#8217;ipotesi di date possibili per i Nostri incontri con l&#8217;invito di darmi un celere riscontro su eventuali difficolt\u00e0 a partecipare.<\/p>\n<p>Gli incontri avranno anche come oggetto le tematiche indicate nella riunione dell&#8217;11 settembre 2018, la scelta del Luned\u00ec \u00e8 dettata da un primo giro di consensi.<\/p>\n<p>Il Luogo dell&#8217;incontro probabilmente sar\u00e0 sempre l&#8217;Istituto Maria Bambina in Via Paolo VI n.21 ma siamo in attesa di conferma.<\/p>\n<p>LUNEDI&#8217; 29 OTTOBRE 2018 ORE 19:00<br \/>\nLUNEDI&#8217; 26 NOVEMBRE 2018 ORE 19:00<br \/>\nSANTA MESSA NATALIZIA DATA DA STABILIRE<br \/>\nLUNEDI&#8217; 28 GENNAIO ORE 19:00<br \/>\nLUNEDI&#8217; 18 FEBBRAIO ORE 19:00<br \/>\nEVENTO CITTA&#8217; DI ROMA FINE MARZO DATA DA STABILIRE<\/p>\n<p>Un caro saluto<br \/>\nMauro Cervini<br \/>\nReferente di Roma<br \/>\nFondazione Centesimus Annus Pro Pontifice<\/p>\n","protected":false},"excerpt":{"rendered":"<p>Carissimi, Vi trasmetto un&#8217;ipotesi di date possibili per i Nostri incontri con l&#8217;invito di darmi un celere riscontro su eventuali difficolt\u00e0 a partecipare. Gli incontri avranno anche come oggetto le tematiche indicate nella riunione dell&#8217;11 settembre 2018, la scelta del Luned\u00ec \u00e8 dettata da un primo giro di consensi. Il Luogo dell&#8217;incontro probabilmente sar\u00e0 sempre l&#8217;Istituto Maria Bambina in Via Paolo VI n.21 ma siamo in attesa di conferma. LUNEDI&#8217; 29 OTTOBRE 2018 ORE 19:00 LUNEDI&#8217; 26 NOVEMBRE 2018 ORE 19:00 SANTA MESSA NATALIZIA DATA DA STABILIRE LUNEDI&#8217; 28 GENNAIO ORE 19:00 LUNEDI&#8217; 18 FEBBRAIO ORE 19:00 EVENTO CITTA&#8217; DI&#8230;<\/p>\n","protected":false},"author":2,"featured_media":0,"parent":15027,"menu_order":11,"comment_status":"closed","ping_status":"closed","template":"","meta":[],"categories":[32],"tags":[533],"_links":{"self":[{"href":"https:\/\/centesimusannus-stg.catholica.va\/en\/wp-json\/wp\/v2\/pages\/7778"}],"collection":[{"href":"https:\/\/centesimusannus-stg.catholica.va\/en\/wp-json\/wp\/v2\/pages"}],"about":[{"href":"https:\/\/centesimusannus-stg.catholica.va\/en\/wp-json\/wp\/v2\/types\/page"}],"author":[{"embeddable":true,"href":"https:\/\/centesimusannus-stg.catholica.va\/en\/wp-json\/wp\/v2\/users\/2"}],"replies":[{"embeddable":true,"href":"https:\/\/centesimusannus-stg.catholica.va\/en\/wp-json\/wp\/v2\/comments?post=7778"}],"version-history":[{"count":0,"href":"https:\/\/centesimusannus-stg.catholica.va\/en\/wp-json\/wp\/v2\/pages\/7778\/revisions"}],"up":[{"embeddable":true,"href":"https:\/\/centesimusannus-stg.catholica.va\/en\/wp-json\/wp\/v2\/pages\/15027"}],"wp:attachment":[{"href":"https:\/\/centesimusannus-stg.catholica.va\/en\/wp-json\/wp\/v2\/media?parent=7778"}],"wp:term":[{"taxonomy":"category","embeddable":true,"href":"https:\/\/centesimusannus-stg.catholica.va\/en\/wp-json\/wp\/v2\/categories?post=7778"},{"taxonomy":"post_tag","embeddable":true,"href":"https:\/\/centesimusannus-stg.catholica.va\/en\/wp-json\/wp\/v2\/tags?post=7778"}],"curies":[{"name":"wp","href":"https:\/\/api.w.org\/{rel}","templated":true}]}}